{"id":4905,"date":"2026-01-04T09:40:16","date_gmt":"2026-01-04T08:40:16","guid":{"rendered":"https:\/\/www.univ-mosta.dz\/fsei\/?page_id=4905"},"modified":"2026-01-04T09:42:07","modified_gmt":"2026-01-04T08:42:07","slug":"etudiants-internationaux","status":"publish","type":"page","link":"https:\/\/www.univ-mosta.dz\/fsei\/etudiants-internationaux\/","title":{"rendered":"\u00c9tudiants internationaux"},"content":{"rendered":"\n<p>Vous \u00eates un\u00b7e\u00b7 \u00e9tudiant\u00b7e international\u00b7e et vous souhaitez \u00e9tudier \u00e0 l\u2019universit\u00e9 Abdelhamid Ibn Badis\u00a0 de Mostaganem?\u00a0\u00c0 votre arriv\u00e9e \u00e0 Mostaganem, vous aurez plusieurs d\u00e9marches \u00e0 accomplir au moment de votre installation. L\u2019universit\u00e9 et ses structures sont l\u00e0 pour vous renseigner et vous accompagner. Le\u00a0service des relations internationales de l\u2019universit\u00e9 de Mostaganem, en lien avec l\u2019universit\u00e9, a mis en place un\u00a0dispositif d\u2019accueil\u00a0pour vous guider lors de votre arriv\u00e9e. Il vous aide dans vos d\u00e9marches afin de faciliter votre installation et votre int\u00e9gration \u00e0 Mostaganem<\/p>\n","protected":false},"excerpt":{"rendered":"<p>Vous \u00eates un\u00b7e\u00b7 \u00e9tudiant\u00b7e international\u00b7e et vous souhaitez \u00e9tudier \u00e0 l\u2019universit\u00e9 Abdelhamid Ibn Badis\u00a0 de Mostaganem?\u00a0\u00c0 votre arriv\u00e9e \u00e0 Mostaganem, vous aurez plusieurs d\u00e9marches \u00e0 accomplir au moment de votre &hellip;<\/p>\n","protected":false},"author":16,"featured_media":0,"parent":0,"menu_order":0,"comment_status":"closed","ping_status":"closed","template":"","meta":{"_coblocks_attr":"","_coblocks_dimensions":"","_coblocks_responsive_height":"","_coblocks_accordion_ie_support":"","footnotes":""},"class_list":["post-4905","page","type-page","status-publish","hentry"],"_links":{"self":[{"href":"https:\/\/www.univ-mosta.dz\/fsei\/wp-json\/wp\/v2\/pages\/4905","targetHints":{"allow":["GET"]}}],"collection":[{"href":"https:\/\/www.univ-mosta.dz\/fsei\/wp-json\/wp\/v2\/pages"}],"about":[{"href":"https:\/\/www.univ-mosta.dz\/fsei\/wp-json\/wp\/v2\/types\/page"}],"author":[{"embeddable":true,"href":"https:\/\/www.univ-mosta.dz\/fsei\/wp-json\/wp\/v2\/users\/16"}],"replies":[{"embeddable":true,"href":"https:\/\/www.univ-mosta.dz\/fsei\/wp-json\/wp\/v2\/comments?post=4905"}],"version-history":[{"count":2,"href":"https:\/\/www.univ-mosta.dz\/fsei\/wp-json\/wp\/v2\/pages\/4905\/revisions"}],"predecessor-version":[{"id":4909,"href":"https:\/\/www.univ-mosta.dz\/fsei\/wp-json\/wp\/v2\/pages\/4905\/revisions\/4909"}],"wp:attachment":[{"href":"https:\/\/www.univ-mosta.dz\/fsei\/wp-json\/wp\/v2\/media?parent=4905"}],"curies":[{"name":"wp","href":"https:\/\/api.w.org\/{rel}","templated":true}]}}