{"id":4899,"date":"2026-01-04T09:34:44","date_gmt":"2026-01-04T08:34:44","guid":{"rendered":"https:\/\/www.univ-mosta.dz\/fsei\/?page_id=4899"},"modified":"2026-01-04T09:41:09","modified_gmt":"2026-01-04T08:41:09","slug":"textes-reglementaires","status":"publish","type":"page","link":"https:\/\/www.univ-mosta.dz\/fsei\/textes-reglementaires\/","title":{"rendered":"Textes R\u00e9glementaires"},"content":{"rendered":"\n<div class=\"wp-block-coblocks-accordion\">\n<div class=\"wp-block-coblocks-accordion-item\"><details><summary class=\"wp-block-coblocks-accordion-item__title\">Textes R\u00e9glementaires<\/summary><div class=\"wp-block-coblocks-accordion-item__content\">\n<p><a href=\"http:\/\/www.univ-mosta.dz\/wp-content\/uploads\/2018\/09\/Arrete711du-03-novembre2011fr.pdf\" target=\"_blank\" rel=\"noreferrer noopener\">Arr\u00eat\u00e9 n\u00b0 711 du 03 novembre 2011 fixant les r\u00e8gles d\u2019organisation et de gestion p\u00e9dagogiques communes aux \u00e9tudes universitaires en vue de l\u2019obtention des dipl\u00f4mes de Licence et de Master.<\/a><\/p>\n\n\n\n<p><a href=\"http:\/\/www.univ-mosta.dz\/wp-content\/uploads\/2018\/09\/Arrete712du03-novembre2011fr.pdf\" target=\"_blank\" rel=\"noreferrer noopener\">Arr\u00eat\u00e9 n\u00b0 712 du 03 novembre 2011 fixant les modalit\u00e9s d\u2019\u00e9valuation, de progression et d\u2019orientation dans les cycles d\u2019\u00e9tudes en vue de l\u2019obtention des dipl\u00f4mes de Licence et de Master.<\/a><\/p>\n\n\n\n<p><a href=\"http:\/\/www.univ-mosta.dz\/wp-content\/uploads\/2018\/09\/Arrete713fr.pdf\" target=\"_blank\" rel=\"noreferrer noopener\">Arr\u00eat\u00e9 n\u00b0 713 du 03 novembre 2011 fixant la composition et le fonctionnement de la commission du Tutorat<\/a><\/p>\n\n\n\n<p><a href=\"http:\/\/www.univ-mosta.dz\/wp-content\/uploads\/2018\/09\/Arrete714du03-novembre2011fr.pdf\" target=\"_blank\" rel=\"noreferrer noopener\">Arr\u00eat\u00e9 n\u00b0 714 du 03 novembre 2011 portant modalit\u00e9s de classement des \u00e9tudiants.<\/a><\/p>\n\n\n\n<p><a href=\"http:\/\/www.univ-mosta.dz\/wp-content\/uploads\/2018\/09\/Arreten715du-03-novembre2011-Master-ecoles.pdf\" target=\"_blank\" rel=\"noreferrer noopener\">Arr\u00eat\u00e9 n\u00b0 715 du 03 novembre 2011 fixant les conditions d\u2019obtention du dipl\u00f4mes de Master aux \u00e9tudiants inscrits pour l\u2019obtention du dipl\u00f4mes d\u2019Ing\u00e9nieur d\u2019Etat, du dipl\u00f4mes d\u2019Architecte dans les \u00e9coles hors universit\u00e9.<\/a><\/p>\n\n\n\n<p><a href=\"http:\/\/www.univ-mosta.dz\/wp-content\/uploads\/2018\/09\/Decret08-265LMD.pdf\" target=\"_blank\" rel=\"noreferrer noopener\">D\u00e9cret ex\u00e9cutif n\u00b0 08-265 du 19 ao\u00fbt 2008 portant r\u00e9gime des \u00e9tudes en vue de l\u2019obtention du dipl\u00f4me de licence, du dipl\u00f4me de master et du dipl\u00f4me de doctorat<\/a><\/p><p><\/p>\n<\/div><\/details><\/div>\n\n\n\n<div class=\"wp-block-coblocks-accordion-item\"><details><summary class=\"wp-block-coblocks-accordion-item__title\">Inscription \/ M\u00e9moire Master<\/summary><div class=\"wp-block-coblocks-accordion-item__content\">\n<p><a href=\"http:\/\/www.univ-mosta.dz\/wp-content\/uploads\/2018\/09\/Arrete363.pdf\" target=\"_blank\" rel=\"noreferrer noopener\">Arr\u00eat\u00e9 n\u00b0363 du O9 juin 2014 Portant conditions d\u2019inscription aux \u00e9tudes universitaires e vue de l\u2019obtention du dipl\u00f4me de Master.<\/a><\/p>\n\n\n\n<p><a href=\"http:\/\/www.univ-mosta.dz\/wp-content\/uploads\/2018\/10\/memoire_du_master_362.pdf\" target=\"_blank\" rel=\"noreferrer noopener\">Arr\u00eat\u00e9 n\u00b0362 du O9 juin 2014 fixant les modalit\u00e9s d\u2019\u00e9laboration et de soutenance du m\u00e9moire de Master.<\/a><\/p><p><\/p>\n<\/div><\/details><\/div>\n\n\n\n<div class=\"wp-block-coblocks-accordion-item\"><details><summary class=\"wp-block-coblocks-accordion-item__title\">Inscription des titulaires de DEUA en licence (L3)<\/summary><div class=\"wp-block-coblocks-accordion-item__content\">\n<p><a href=\"http:\/\/www.univ-mosta.dz\/wp-content\/uploads\/2018\/09\/Arrete364.pdf\" target=\"_blank\" rel=\"noreferrer noopener\">Arr\u00eat\u00e9 n\u00b0 364 du 09 juin 2014 Portant modalit\u00e9s et conditions d\u2019acc\u00e8s des titulaires d\u2019un Dipl\u00f4me d\u2019Etudes Universitaires Appliqu\u00e9es \u00e0 la formation en vue de l\u2019obtention du Dipl\u00f4me de licence<\/a><\/p>\n<\/div><\/details><\/div>\n\n\n\n<div class=\"wp-block-coblocks-accordion-item\"><details><summary class=\"wp-block-coblocks-accordion-item__title\">Conseils de discipline<\/summary><div class=\"wp-block-coblocks-accordion-item__content\">\n<p><a href=\"http:\/\/www.univ-mosta.dz\/wp-content\/uploads\/2018\/09\/Arrete371.pdf\" target=\"_blank\" rel=\"noreferrer noopener\">Arr\u00eat\u00e9 n\u00b0 371 du 11 juin 2014 Portant cr\u00e9ation, composition et fonctionnement des conseils de discipline au sein des \u00e9tablissements d\u2019enseignements sup\u00e9rieur.<\/a><\/p>\n<\/div><\/details><\/div>\n\n\n\n<div class=\"wp-block-coblocks-accordion-item\"><details><summary class=\"wp-block-coblocks-accordion-item__title\">Programme licence (L3)<\/summary><div class=\"wp-block-coblocks-accordion-item__content\">\n<p><a href=\"http:\/\/www.univ-mosta.dz\/wp-content\/uploads\/2018\/10\/Socle-commun-domaine-MI.pdf\" target=\"_blank\" rel=\"noreferrer noopener\">Domaine MI : Arret\u00e9 n\u00b0497 du 28 juillet 2013<\/a><\/p>\n<\/div><\/details><\/div>\n<\/div>\n","protected":false},"excerpt":{"rendered":"<p>Textes R\u00e9glementaires Arr\u00eat\u00e9 n\u00b0 711 du 03 novembre 2011 fixant les r\u00e8gles d\u2019organisation et de gestion p\u00e9dagogiques communes aux \u00e9tudes universitaires en vue de l\u2019obtention des dipl\u00f4mes de Licence et &hellip;<\/p>\n","protected":false},"author":16,"featured_media":0,"parent":0,"menu_order":0,"comment_status":"closed","ping_status":"closed","template":"","meta":{"_coblocks_attr":"","_coblocks_dimensions":"","_coblocks_responsive_height":"","_coblocks_accordion_ie_support":"","footnotes":""},"class_list":["post-4899","page","type-page","status-publish","hentry"],"_links":{"self":[{"href":"https:\/\/www.univ-mosta.dz\/fsei\/wp-json\/wp\/v2\/pages\/4899","targetHints":{"allow":["GET"]}}],"collection":[{"href":"https:\/\/www.univ-mosta.dz\/fsei\/wp-json\/wp\/v2\/pages"}],"about":[{"href":"https:\/\/www.univ-mosta.dz\/fsei\/wp-json\/wp\/v2\/types\/page"}],"author":[{"embeddable":true,"href":"https:\/\/www.univ-mosta.dz\/fsei\/wp-json\/wp\/v2\/users\/16"}],"replies":[{"embeddable":true,"href":"https:\/\/www.univ-mosta.dz\/fsei\/wp-json\/wp\/v2\/comments?post=4899"}],"version-history":[{"count":2,"href":"https:\/\/www.univ-mosta.dz\/fsei\/wp-json\/wp\/v2\/pages\/4899\/revisions"}],"predecessor-version":[{"id":4904,"href":"https:\/\/www.univ-mosta.dz\/fsei\/wp-json\/wp\/v2\/pages\/4899\/revisions\/4904"}],"wp:attachment":[{"href":"https:\/\/www.univ-mosta.dz\/fsei\/wp-json\/wp\/v2\/media?parent=4899"}],"curies":[{"name":"wp","href":"https:\/\/api.w.org\/{rel}","templated":true}]}}