{"id":4891,"date":"2026-01-04T09:29:41","date_gmt":"2026-01-04T08:29:41","guid":{"rendered":"https:\/\/www.univ-mosta.dz\/fsei\/?page_id=4891"},"modified":"2026-01-04T14:53:25","modified_gmt":"2026-01-04T13:53:25","slug":"diplome-national","status":"publish","type":"page","link":"https:\/\/www.univ-mosta.dz\/fsei\/diplome-national\/","title":{"rendered":"Dipl\u00f4me national"},"content":{"rendered":"\n<p class=\"is-style-info\">Le dipl\u00f4me national (licence ou master ou doctorat) est \u00e9tabli sur demande de l\u2019int\u00e9ress\u00e9.<\/p>\n<p class=\"is-style-success\">Remplir le formulaire de demande de d\u00e9livrance de dipl\u00f4me national sur le site\u00a0:\u00a0<a href=\"https:\/\/forms.univ-mosta.dz\/vrp\/diplome_final\" target=\"_blank\" rel=\"noreferrer noopener\">https:\/\/forms.univ-mosta.dz\/vrp\/diplome_final<\/a><\/p>\n<p>Une fois Votre demande est enregistr\u00e9e. Veuillez-vous pr\u00e9senter au Vice Rectorat de la formation sup\u00e9rieure du premier et deuxi\u00e8me cycles, la formation continue et les dipl\u00f4mes, et la formation sup\u00e9rieure de graduation ( Site 3 Ex : ITA) pour d\u00e9poser les documents suivants :<\/p>\n<ol class=\"wp-block-list\">\n<li>L\u2019original de l\u2019attestation provisoire du succ\u00e8s.<\/li>\n<li>Copie du relev\u00e9 de note du Bac..<\/li>\n<li>Acte de naissance ou photocopie de la carte nationale.<\/li>\n<li>Copie de tous les relev\u00e9s de notes ou le relev\u00e9 de notes du cursus.<\/li>\n<li>L\u2019imprim\u00e9 du formulaire de la demande sign\u00e9<\/li>\n<\/ol>\n<p class=\"has-text-align-center is-style-warning\"><strong>Le dipl\u00f4me national n\u2019est d\u00e9livr\u00e9 qu\u2019une seule fois<\/strong><\/p>\n<p class=\"has-text-align-center is-style-error\"><strong>Aucune demande n\u2019est accept\u00e9e sans enregistrement<\/strong><\/p>\n","protected":false},"excerpt":{"rendered":"<p>Le dipl\u00f4me national (licence ou master ou doctorat) est \u00e9tabli sur demande de l\u2019int\u00e9ress\u00e9. Remplir le formulaire de demande de d\u00e9livrance de dipl\u00f4me national sur le site\u00a0:\u00a0https:\/\/forms.univ-mosta.dz\/vrp\/diplome_final Une fois Votre &hellip;<\/p>\n","protected":false},"author":16,"featured_media":0,"parent":0,"menu_order":0,"comment_status":"closed","ping_status":"closed","template":"","meta":{"_coblocks_attr":"","_coblocks_dimensions":"","_coblocks_responsive_height":"","_coblocks_accordion_ie_support":"","footnotes":""},"class_list":["post-4891","page","type-page","status-publish","hentry"],"_links":{"self":[{"href":"https:\/\/www.univ-mosta.dz\/fsei\/wp-json\/wp\/v2\/pages\/4891","targetHints":{"allow":["GET"]}}],"collection":[{"href":"https:\/\/www.univ-mosta.dz\/fsei\/wp-json\/wp\/v2\/pages"}],"about":[{"href":"https:\/\/www.univ-mosta.dz\/fsei\/wp-json\/wp\/v2\/types\/page"}],"author":[{"embeddable":true,"href":"https:\/\/www.univ-mosta.dz\/fsei\/wp-json\/wp\/v2\/users\/16"}],"replies":[{"embeddable":true,"href":"https:\/\/www.univ-mosta.dz\/fsei\/wp-json\/wp\/v2\/comments?post=4891"}],"version-history":[{"count":2,"href":"https:\/\/www.univ-mosta.dz\/fsei\/wp-json\/wp\/v2\/pages\/4891\/revisions"}],"predecessor-version":[{"id":4894,"href":"https:\/\/www.univ-mosta.dz\/fsei\/wp-json\/wp\/v2\/pages\/4891\/revisions\/4894"}],"wp:attachment":[{"href":"https:\/\/www.univ-mosta.dz\/fsei\/wp-json\/wp\/v2\/media?parent=4891"}],"curies":[{"name":"wp","href":"https:\/\/api.w.org\/{rel}","templated":true}]}}