{"id":4884,"date":"2026-01-04T09:26:04","date_gmt":"2026-01-04T08:26:04","guid":{"rendered":"https:\/\/www.univ-mosta.dz\/fsei\/?page_id=4884"},"modified":"2026-01-04T09:28:34","modified_gmt":"2026-01-04T08:28:34","slug":"conge-academique","status":"publish","type":"page","link":"https:\/\/www.univ-mosta.dz\/fsei\/conge-academique\/","title":{"rendered":"Cong\u00e9 Acad\u00e9mique"},"content":{"rendered":"\n<p class=\"is-style-info\">Conform\u00e9ment\u00a0 a l\u2019<strong>Arr\u00eat\u00e9\u00a0<\/strong><strong><a href=\"http:\/\/www.univ-mosta.dz\/wp-content\/uploads\/2025\/10\/1164.pdf\">n\u00b01164<\/a><\/strong><strong>\u00a0et<\/strong><strong>\u00a0<a href=\"http:\/\/www.univ-mosta.dz\/wp-content\/uploads\/2025\/10\/1165.pdf\">n\u00b01165<\/a><\/strong><strong><a href=\"http:\/\/www.univ-mosta.dz\/wp-content\/uploads\/2025\/10\/1165.pdf\">\u00a0<\/a>du 04 Octobre 2025<\/strong>. L\u2019\u00e9tudiant inscrit peut demander un cong\u00e9 acad\u00e9mique pour interruption des cours un courte dur\u00e9e. La demande sera adress\u00e9e \u00e0 Monsieur Le chef de d\u00e9partement avant le d\u00e9roulement de la PREMI\u00c8RE\u00a0 \u00c9PREUVE.<\/p>\n<p class=\"is-style-success\">L\u2019universit\u00e9 Abdelhamid ibn Badis de Mostaganem annonce l\u2019ouverture de la plateforme des demandes de cong\u00e9 acad\u00e9mique au titre de l\u2019ann\u00e9e universitaire 2025-2026 Sur le lien suivant :\u00a0<strong><a href=\"http:\/\/e-demande-vrp.univ-mosta.dz\/index.php\/197444\" target=\"_blank\" rel=\"noreferrer noopener\">http:\/\/e-demande-vrp.univ-mosta.dz\/index.php\/197444<\/a><\/strong><\/p>\n<p class=\"has-text-align-center is-style-error\"><strong>Date limite de d\u00e9p\u00f4t des demandes : 20 d\u00e9cembre 2025<\/strong><\/p>\n\n\n\n<p>Le cong\u00e9 acad\u00e9mique est accord\u00e9 dans les cas suivant\u00a0<\/p>\n<ul class=\"wp-block-list\">\n<li>Maladie chronique invalidante<\/li>\n<li>Maternit\u00e9.<\/li>\n<li>Maladie longue dur\u00e9e.<\/li>\n<li>Service national.<\/li>\n<li>Obligation familiale.<\/li>\n<\/ul>\n<p class=\"is-style-warning\"><strong>Note importante:<\/strong>\u00a0Le cong\u00e9 acad\u00e9mique ne peut \u00eatre accord\u00e9 qu\u2019une seule fois au cours du cursus universitaire.<\/p>\n","protected":false},"excerpt":{"rendered":"<p>Conform\u00e9ment\u00a0 a l\u2019Arr\u00eat\u00e9\u00a0n\u00b01164\u00a0et\u00a0n\u00b01165\u00a0du 04 Octobre 2025. L\u2019\u00e9tudiant inscrit peut demander un cong\u00e9 acad\u00e9mique pour interruption des cours un courte dur\u00e9e. La demande sera adress\u00e9e \u00e0 Monsieur Le chef de d\u00e9partement &hellip;<\/p>\n","protected":false},"author":16,"featured_media":0,"parent":0,"menu_order":0,"comment_status":"closed","ping_status":"closed","template":"","meta":{"_coblocks_attr":"","_coblocks_dimensions":"","_coblocks_responsive_height":"","_coblocks_accordion_ie_support":"","footnotes":""},"class_list":["post-4884","page","type-page","status-publish","hentry"],"_links":{"self":[{"href":"https:\/\/www.univ-mosta.dz\/fsei\/wp-json\/wp\/v2\/pages\/4884","targetHints":{"allow":["GET"]}}],"collection":[{"href":"https:\/\/www.univ-mosta.dz\/fsei\/wp-json\/wp\/v2\/pages"}],"about":[{"href":"https:\/\/www.univ-mosta.dz\/fsei\/wp-json\/wp\/v2\/types\/page"}],"author":[{"embeddable":true,"href":"https:\/\/www.univ-mosta.dz\/fsei\/wp-json\/wp\/v2\/users\/16"}],"replies":[{"embeddable":true,"href":"https:\/\/www.univ-mosta.dz\/fsei\/wp-json\/wp\/v2\/comments?post=4884"}],"version-history":[{"count":2,"href":"https:\/\/www.univ-mosta.dz\/fsei\/wp-json\/wp\/v2\/pages\/4884\/revisions"}],"predecessor-version":[{"id":4889,"href":"https:\/\/www.univ-mosta.dz\/fsei\/wp-json\/wp\/v2\/pages\/4884\/revisions\/4889"}],"wp:attachment":[{"href":"https:\/\/www.univ-mosta.dz\/fsei\/wp-json\/wp\/v2\/media?parent=4884"}],"curies":[{"name":"wp","href":"https:\/\/api.w.org\/{rel}","templated":true}]}}