{"id":4616,"date":"2025-07-15T16:05:41","date_gmt":"2025-07-15T14:05:41","guid":{"rendered":"https:\/\/www.univ-mosta.dz\/fsei\/?page_id=4616"},"modified":"2025-07-15T16:14:00","modified_gmt":"2025-07-15T14:14:00","slug":"icnoa-2026","status":"publish","type":"page","link":"https:\/\/www.univ-mosta.dz\/fsei\/icnoa-2026\/","title":{"rendered":"ICNOA  2026 (International Conference on Numerical Optimization and Applications)"},"content":{"rendered":"\n<p><strong>ICNOA<\/strong> <strong>(International Conference on Numerical Optimization and Applications) <\/strong>est un \u00e9v\u00e9nement scientifique majeur qui rassemble la communaut\u00e9 internationale menant des recherches dans le domaine de l\u2019optimisation, sous toutes ses aspects. Il constitue un lieu privil\u00e9gi\u00e9 d\u2019\u00e9change, de r\u00e9flexion et de partage autour des th\u00e9ories, des m\u00e9thodes, des outils et des pratiques li\u00e9s \u00e0 l\u2019optimisation num\u00e9rique.<br>ICNOA vise \u00e0 r\u00e9unir l\u2019ensemble des acteurs \u2014 chercheurs, experts, ing\u00e9nieurs et professionnels \u2014 investis dans le d\u00e9veloppement et l\u2019application des techniques d\u2019optimisation, afin de dresser un \u00e9tat des lieux des avanc\u00e9es r\u00e9centes et d\u2019identifier les perspectives futures de la recherche dans ce domaine. Plus pr\u00e9cis\u00e9ment, ce symposium se veut un cadre ouvert, dynamique et traditionnel pour les discussions scientifiques autour des syst\u00e8mes complexes et de leur mod\u00e9lisation optimis\u00e9e.<\/p>\n\n\n\n<p><br \/><strong>Le programme de la conf\u00e9rence comprendra :<\/strong><br \/>Des conf\u00e9rences pl\u00e9ni\u00e8res, anim\u00e9es par des intervenants de renomm\u00e9e internationale, qui mettront un accent particulier sur les applications concr\u00e8tes de l\u2019optimisation dans divers secteurs. Ces pl\u00e9ni\u00e8res visent \u00e0 favoriser les \u00e9changes entre le monde acad\u00e9mique et les partenaires socio-\u00e9conomiques invit\u00e9s \u00e0 l&rsquo;\u00e9v\u00e9nement, dans une optique de collaboration scientifique et technologique.<br \/>Des sessions parall\u00e8les, organis\u00e9es sous forme de communications orales et de sessions posters, permettant aux chercheurs confirm\u00e9s comme aux jeunes docteurs et doctorants de pr\u00e9senter leurs travaux, d&rsquo;enrichir leurs r\u00e9seaux professionnels et de renforcer leur visibilit\u00e9 dans la communaut\u00e9 scientifique.<br \/>Les participants sont invit\u00e9s \u00e0 soumettre des contributions originales, \u00e0 port\u00e9e th\u00e9orique, m\u00e9thodologique ou appliqu\u00e9e, autour des th\u00e9matiques suivantes (liste non exhaustive) :<\/p>\n\n\n\n<p>A) Optimisation continue<br>\uf0b7 Optimisation lin\u00e9aire et non lin\u00e9aire<br>\uf0b7 Programmation semi-d\u00e9finie et optimisation semi-infinie<br>\uf0b7 Optimisation multivoque<br>\uf0b7 Mod\u00e9lisation math\u00e9matique<br>B) Optimisation combinatoire<br>\uf0b7 Programmation lin\u00e9aire et quadratique en nombres entiers<br>\uf0b7 Algorithmes exacts et approch\u00e9s<br>\uf0b7 Optimisation multi-objectifs<\/p>\n\n\n\n<p>C) Applications<br>\uf0b7 Aide \u00e0 la d\u00e9cision, ordonnancement<br>\uf0b7 Transport et logistique<br>\uf0b7 Apprentissage automatique et intelligence artificielle<br>\uf0b7 Communication et t\u00e9l\u00e9communications<br>\uf0b7 Finance, \u00e9conomie, gestion des risques<br>\uf0b7 \u00c9nergies renouvelables, environnement, biologie math\u00e9matique<br>\uf0b7 M\u00e9canique des milieux continus<br>\uf0b7 Traitement de l\u2019image et du signal<br>\uf0b7 A\u00e9ronautique et automatique<\/p>\n","protected":false},"excerpt":{"rendered":"<p>ICNOA (International Conference on Numerical Optimization and Applications) est un \u00e9v\u00e9nement scientifique majeur qui rassemble la communaut\u00e9 internationale menant des recherches dans le domaine de l\u2019optimisation, sous toutes ses aspects. &hellip;<\/p>\n","protected":false},"author":16,"featured_media":4624,"parent":0,"menu_order":0,"comment_status":"closed","ping_status":"closed","template":"","meta":{"_coblocks_attr":"","_coblocks_dimensions":"","_coblocks_responsive_height":"","_coblocks_accordion_ie_support":"","footnotes":""},"class_list":["post-4616","page","type-page","status-publish","has-post-thumbnail","hentry"],"_links":{"self":[{"href":"https:\/\/www.univ-mosta.dz\/fsei\/wp-json\/wp\/v2\/pages\/4616","targetHints":{"allow":["GET"]}}],"collection":[{"href":"https:\/\/www.univ-mosta.dz\/fsei\/wp-json\/wp\/v2\/pages"}],"about":[{"href":"https:\/\/www.univ-mosta.dz\/fsei\/wp-json\/wp\/v2\/types\/page"}],"author":[{"embeddable":true,"href":"https:\/\/www.univ-mosta.dz\/fsei\/wp-json\/wp\/v2\/users\/16"}],"replies":[{"embeddable":true,"href":"https:\/\/www.univ-mosta.dz\/fsei\/wp-json\/wp\/v2\/comments?post=4616"}],"version-history":[{"count":12,"href":"https:\/\/www.univ-mosta.dz\/fsei\/wp-json\/wp\/v2\/pages\/4616\/revisions"}],"predecessor-version":[{"id":4636,"href":"https:\/\/www.univ-mosta.dz\/fsei\/wp-json\/wp\/v2\/pages\/4616\/revisions\/4636"}],"wp:featuredmedia":[{"embeddable":true,"href":"https:\/\/www.univ-mosta.dz\/fsei\/wp-json\/wp\/v2\/media\/4624"}],"wp:attachment":[{"href":"https:\/\/www.univ-mosta.dz\/fsei\/wp-json\/wp\/v2\/media?parent=4616"}],"curies":[{"name":"wp","href":"https:\/\/api.w.org\/{rel}","templated":true}]}}