{"id":4564,"date":"2025-05-16T15:08:15","date_gmt":"2025-05-16T13:08:15","guid":{"rendered":"https:\/\/www.univ-mosta.dz\/fsei\/?page_id=4564"},"modified":"2025-05-16T15:11:49","modified_gmt":"2025-05-16T13:11:49","slug":"mot-du-chef-de-departement","status":"publish","type":"page","link":"https:\/\/www.univ-mosta.dz\/fsei\/mot-du-chef-de-departement\/","title":{"rendered":"Mot du Chef de D\u00e9partement"},"content":{"rendered":"\n\n\n<p>Chers coll\u00e8gues, chers \u00e9tudiants,<\/p>\n<p>En ma qualit\u00e9 de chef du d\u00e9partement de chimie, je tiens \u00e0 adresser \u00e0 chacune et chacun d\u2019entre vous mes salutations les plus chaleureuses.<\/p>\n<p>Le d\u00e9partement de chimie est un lieu de savoir, d\u2019exp\u00e9rimentation et d\u2019innovation. Il r\u00e9unit des enseignants-chercheurs, des techniciens, du personnel administratif et des \u00e9tudiants passionn\u00e9s, engag\u00e9s dans une qu\u00eate commune : faire progresser la connaissance scientifique et former les chimistes de demain.<\/p>\n<p>Gr\u00e2ce \u00e0 l&rsquo;engagement de tous, nous avons su maintenir un niveau d&rsquo;excellence tant dans la formation que dans la recherche. Je tiens \u00e0 saluer les efforts constants de chacun pour faire vivre cet esprit de rigueur, de curiosit\u00e9 et de collaboration.<\/p>\n<p>Nous continuerons \u00e0 renforcer nos partenariats, \u00e0 moderniser nos outils p\u00e9dagogiques, et \u00e0 soutenir les projets \u00e9tudiants. Je vous encourage \u00e0 participer activement \u00e0 la vie du d\u00e9partement, \u00e0 partager vos id\u00e9es, et \u00e0 faire entendre vos voix.<\/p>\n<p>Restons unis, ambitieux, et enthousiastes face aux d\u00e9fis \u00e0 venir.<\/p>\n","protected":false},"excerpt":{"rendered":"<p>Chers coll\u00e8gues, chers \u00e9tudiants, En ma qualit\u00e9 de chef du d\u00e9partement de chimie, je tiens \u00e0 adresser \u00e0 chacune et chacun d\u2019entre vous mes salutations les plus chaleureuses. Le d\u00e9partement &hellip;<\/p>\n","protected":false},"author":16,"featured_media":0,"parent":0,"menu_order":0,"comment_status":"closed","ping_status":"closed","template":"","meta":{"_coblocks_attr":"","_coblocks_dimensions":"","_coblocks_responsive_height":"","_coblocks_accordion_ie_support":"","footnotes":""},"class_list":["post-4564","page","type-page","status-publish","hentry"],"_links":{"self":[{"href":"https:\/\/www.univ-mosta.dz\/fsei\/wp-json\/wp\/v2\/pages\/4564","targetHints":{"allow":["GET"]}}],"collection":[{"href":"https:\/\/www.univ-mosta.dz\/fsei\/wp-json\/wp\/v2\/pages"}],"about":[{"href":"https:\/\/www.univ-mosta.dz\/fsei\/wp-json\/wp\/v2\/types\/page"}],"author":[{"embeddable":true,"href":"https:\/\/www.univ-mosta.dz\/fsei\/wp-json\/wp\/v2\/users\/16"}],"replies":[{"embeddable":true,"href":"https:\/\/www.univ-mosta.dz\/fsei\/wp-json\/wp\/v2\/comments?post=4564"}],"version-history":[{"count":2,"href":"https:\/\/www.univ-mosta.dz\/fsei\/wp-json\/wp\/v2\/pages\/4564\/revisions"}],"predecessor-version":[{"id":4570,"href":"https:\/\/www.univ-mosta.dz\/fsei\/wp-json\/wp\/v2\/pages\/4564\/revisions\/4570"}],"wp:attachment":[{"href":"https:\/\/www.univ-mosta.dz\/fsei\/wp-json\/wp\/v2\/media?parent=4564"}],"curies":[{"name":"wp","href":"https:\/\/api.w.org\/{rel}","templated":true}]}}