{"id":363,"date":"2018-12-07T20:51:47","date_gmt":"2018-12-07T19:51:47","guid":{"rendered":"http:\/\/www.univ-mosta.dz\/fsei\/?page_id=363"},"modified":"2018-12-07T20:52:16","modified_gmt":"2018-12-07T19:52:16","slug":"proe-partenaires-nationaux","status":"publish","type":"page","link":"https:\/\/www.univ-mosta.dz\/fsei\/proe-partenaires-nationaux\/","title":{"rendered":"Partenaires Nationaux"},"content":{"rendered":"<p><span style=\"font-size: 18pt\">Partenaires Nationaux :<\/span><\/p>\n<hr \/>\n<p>\u2022 Universit\u00e9 Abou Bakr Belkaid &#8211; Tlemcen<br \/>\n\u2022 Institut M\u00e9diterran\u00e9en de Technologie Oran- Alg\u00e9rie<br \/>\n\u2022 Chambre du Commerce et de l\u2019Industrie de Mostaganem<br \/>\n\u2022 La Direction de la Coop\u00e9ration et des Echanges Inter-Universitaires<br \/>\n\u2022 Agence Nationale des Changements Climatiques<\/p>\n<p>&nbsp;<\/p>\n<hr \/>\n<p style=\"text-align: right\"><span style=\"font-size: 10pt\">| <a href=\"https:\/\/www.univ-mosta.dz\/fsei\/le-projet-proemed\/\">Projet PROEMED<\/a> | <a href=\"https:\/\/www.univ-mosta.dz\/fsei\/proe-partenaires-internationaux\/\">Partenaires Internationaux<\/a> |<br \/>\n<\/span><\/p>\n","protected":false},"excerpt":{"rendered":"<p>Partenaires Nationaux : \u2022 Universit\u00e9 Abou Bakr Belkaid &#8211; Tlemcen \u2022 Institut M\u00e9diterran\u00e9en de Technologie Oran- Alg\u00e9rie \u2022 Chambre du Commerce et de l\u2019Industrie de Mostaganem \u2022 La Direction de &hellip;<\/p>\n","protected":false},"author":7,"featured_media":0,"parent":0,"menu_order":0,"comment_status":"closed","ping_status":"closed","template":"","meta":{"_coblocks_attr":"","_coblocks_dimensions":"","_coblocks_responsive_height":"","_coblocks_accordion_ie_support":"","footnotes":""},"class_list":["post-363","page","type-page","status-publish","hentry"],"_links":{"self":[{"href":"https:\/\/www.univ-mosta.dz\/fsei\/wp-json\/wp\/v2\/pages\/363","targetHints":{"allow":["GET"]}}],"collection":[{"href":"https:\/\/www.univ-mosta.dz\/fsei\/wp-json\/wp\/v2\/pages"}],"about":[{"href":"https:\/\/www.univ-mosta.dz\/fsei\/wp-json\/wp\/v2\/types\/page"}],"author":[{"embeddable":true,"href":"https:\/\/www.univ-mosta.dz\/fsei\/wp-json\/wp\/v2\/users\/7"}],"replies":[{"embeddable":true,"href":"https:\/\/www.univ-mosta.dz\/fsei\/wp-json\/wp\/v2\/comments?post=363"}],"version-history":[{"count":1,"href":"https:\/\/www.univ-mosta.dz\/fsei\/wp-json\/wp\/v2\/pages\/363\/revisions"}],"predecessor-version":[{"id":365,"href":"https:\/\/www.univ-mosta.dz\/fsei\/wp-json\/wp\/v2\/pages\/363\/revisions\/365"}],"wp:attachment":[{"href":"https:\/\/www.univ-mosta.dz\/fsei\/wp-json\/wp\/v2\/media?parent=363"}],"curies":[{"name":"wp","href":"https:\/\/api.w.org\/{rel}","templated":true}]}}