{"id":350,"date":"2018-12-06T19:15:06","date_gmt":"2018-12-06T18:15:06","guid":{"rendered":"http:\/\/www.univ-mosta.dz\/fsei\/?page_id=350"},"modified":"2018-12-09T14:17:03","modified_gmt":"2018-12-09T13:17:03","slug":"le-projet-proemed","status":"publish","type":"page","link":"https:\/\/www.univ-mosta.dz\/fsei\/le-projet-proemed\/","title":{"rendered":"Projet PROEMED"},"content":{"rendered":"<p style=\"text-align: center\"><span style=\"font-size: 14pt\"><strong><img loading=\"lazy\" decoding=\"async\" class=\"alignnone size-full wp-image-359\" src=\"http:\/\/www.univ-mosta.dz\/fsei\/wp-content\/uploads\/sites\/5\/2018\/12\/EPF-logo.png\" alt=\"\" width=\"671\" height=\"67\" srcset=\"https:\/\/www.univ-mosta.dz\/fsei\/wp-content\/uploads\/sites\/5\/2018\/12\/EPF-logo.png 671w, https:\/\/www.univ-mosta.dz\/fsei\/wp-content\/uploads\/sites\/5\/2018\/12\/EPF-logo-300x30.png 300w\" sizes=\"auto, (max-width: 671px) 100vw, 671px\" \/><br \/>\n<\/strong><\/span><\/p>\n<p style=\"text-align: center\"><span style=\"font-size: 14pt\"><strong>BOOSTING ENVIRONMENTAL PROTECTION AND ENERGY EFFICIENT BUILDINGS IN MEDITERRANEAN REGION<\/strong><\/span><br \/>\n573677-EPP-1-2016-1-IT-EPPKA2-CBHE-JP<\/p>\n<p style=\"text-align: center\"><span style=\"font-size: 18pt;color: #0000ff\"><a style=\"color: #0000ff\" href=\"http:\/\/www.proemed.eu\/\">www.proemed.eu<\/a><\/span><\/p>\n<p>Le Projet PROEMED &#8211; BOOSTING ENVIRONMENTAL PROTECTION AND ENERGY EFFICIENT BUILDINGS IN MEDITERRANEAN REGION- promu par la Commission europ\u00e9enne dans le cadre du programme Erasmus + \u00abRenforcement des capacit\u00e9s dans l&rsquo;enseignement sup\u00e9rieur\u00bb, implique un consortium de six universit\u00e9s : Alg\u00e9rie, Maroc et Tunisie pour la mise en place d\u2019un programme de Master dans le domaine de l\u2019efficacit\u00e9 \u00e9nerg\u00e9tique des b\u00e2timents et la protection de l\u2019environnement.<\/p>\n<p><strong>Dur\u00e9e du projet :<\/strong> du 15 octobre 2016 au 14 octobre 2019<br \/>\n<strong>Coordinateur :<\/strong> Universit\u00e9 de G\u00eanes, Italie (Bureau des relations internationales)<\/p>\n<p>&nbsp;<\/p>\n<hr \/>\n<p style=\"text-align: center\"><strong>Responsable du Projet :<\/strong><br \/>\nBENMEKKI <em>Houari<\/em><br \/>\n<a href=\"mailto:houari.benmekki@univ-mosta.dz\">houari.benmekki@univ-mosta.dz<\/a><\/p>\n<p style=\"text-align: center\"><strong>Responsable Administratif :<\/strong><br \/>\nABSAR <em>Belkacem<\/em><br \/>\n<a href=\"mailto:belkacem.absar@univ-mosta.dz\">belkacem.absar@univ-mosta.dz<\/a><\/p>\n<p style=\"text-align: center\"><strong>Responsable P\u00e9dagogique<\/strong><br \/>\nBELAS <em>Nadia<\/em><br \/>\n<a href=\"mailto:nadia.belas@univ-mosta.dz\">nadia.belas@univ-mosta.dz<\/a><\/p>\n<hr \/>\n<p style=\"text-align: center\"><a href=\"https:\/\/www.univ-mosta.dz\/fsei\/proe-partenaires-internationaux\/\">Partenaires Internationaux<\/a> | <a href=\"https:\/\/www.univ-mosta.dz\/fsei\/proe-partenaires-nationaux\/\">Partenaires Nationaux<\/a><\/p>\n<p>&nbsp;<\/p>\n<p>&nbsp;<\/p>\n","protected":false},"excerpt":{"rendered":"<p>BOOSTING ENVIRONMENTAL PROTECTION AND ENERGY EFFICIENT BUILDINGS IN MEDITERRANEAN REGION 573677-EPP-1-2016-1-IT-EPPKA2-CBHE-JP www.proemed.eu Le Projet PROEMED &#8211; BOOSTING ENVIRONMENTAL PROTECTION AND ENERGY EFFICIENT BUILDINGS IN MEDITERRANEAN REGION- promu par la Commission &hellip;<\/p>\n","protected":false},"author":7,"featured_media":356,"parent":0,"menu_order":0,"comment_status":"closed","ping_status":"closed","template":"","meta":{"_coblocks_attr":"","_coblocks_dimensions":"","_coblocks_responsive_height":"","_coblocks_accordion_ie_support":"","footnotes":""},"class_list":["post-350","page","type-page","status-publish","has-post-thumbnail","hentry"],"_links":{"self":[{"href":"https:\/\/www.univ-mosta.dz\/fsei\/wp-json\/wp\/v2\/pages\/350","targetHints":{"allow":["GET"]}}],"collection":[{"href":"https:\/\/www.univ-mosta.dz\/fsei\/wp-json\/wp\/v2\/pages"}],"about":[{"href":"https:\/\/www.univ-mosta.dz\/fsei\/wp-json\/wp\/v2\/types\/page"}],"author":[{"embeddable":true,"href":"https:\/\/www.univ-mosta.dz\/fsei\/wp-json\/wp\/v2\/users\/7"}],"replies":[{"embeddable":true,"href":"https:\/\/www.univ-mosta.dz\/fsei\/wp-json\/wp\/v2\/comments?post=350"}],"version-history":[{"count":12,"href":"https:\/\/www.univ-mosta.dz\/fsei\/wp-json\/wp\/v2\/pages\/350\/revisions"}],"predecessor-version":[{"id":382,"href":"https:\/\/www.univ-mosta.dz\/fsei\/wp-json\/wp\/v2\/pages\/350\/revisions\/382"}],"wp:featuredmedia":[{"embeddable":true,"href":"https:\/\/www.univ-mosta.dz\/fsei\/wp-json\/wp\/v2\/media\/356"}],"wp:attachment":[{"href":"https:\/\/www.univ-mosta.dz\/fsei\/wp-json\/wp\/v2\/media?parent=350"}],"curies":[{"name":"wp","href":"https:\/\/api.w.org\/{rel}","templated":true}]}}