{"id":3063,"date":"2023-07-04T10:17:00","date_gmt":"2023-07-04T08:17:00","guid":{"rendered":"https:\/\/www.univ-mosta.dz\/fsei\/?page_id=3063"},"modified":"2023-07-05T00:30:24","modified_gmt":"2023-07-04T22:30:24","slug":"cfd-doctoriale-chimie-2023","status":"publish","type":"page","link":"https:\/\/www.univ-mosta.dz\/fsei\/cfd-doctoriale-chimie-2023\/","title":{"rendered":"CFD Doctoriale chimie 2023"},"content":{"rendered":"<a href=\"https:\/\/www.univ-mosta.dz\/fsei\/wp-content\/uploads\/sites\/5\/2023\/07\/PV-CFD-Doctoriale-Chimie-2023.pdf\" class=\"pdfemb-viewer\" style=\"\" data-width=\"max\" data-height=\"max\" data-toolbar=\"both\" data-toolbar-fixed=\"on\">PV-CFD-Doctoriale-Chimie-2023<\/a>\n<p class=\"wp-block-pdfemb-pdf-embedder-viewer\"><\/p>\n\n\n\n<p>Proc\u00e8s verbale du CFD Doctoriale du d\u00e9partement de chimie de l&rsquo;ann\u00e9e 2023. <\/p>\n","protected":false},"excerpt":{"rendered":"<p>PV-CFD-Doctoriale-Chimie-2023 Proc\u00e8s verbale du CFD Doctoriale du d\u00e9partement de chimie de l&rsquo;ann\u00e9e 2023.<\/p>\n","protected":false},"author":16,"featured_media":0,"parent":0,"menu_order":0,"comment_status":"closed","ping_status":"closed","template":"","meta":{"_coblocks_attr":"","_coblocks_dimensions":"","_coblocks_responsive_height":"","_coblocks_accordion_ie_support":"","footnotes":""},"class_list":["post-3063","page","type-page","status-publish","hentry"],"_links":{"self":[{"href":"https:\/\/www.univ-mosta.dz\/fsei\/wp-json\/wp\/v2\/pages\/3063","targetHints":{"allow":["GET"]}}],"collection":[{"href":"https:\/\/www.univ-mosta.dz\/fsei\/wp-json\/wp\/v2\/pages"}],"about":[{"href":"https:\/\/www.univ-mosta.dz\/fsei\/wp-json\/wp\/v2\/types\/page"}],"author":[{"embeddable":true,"href":"https:\/\/www.univ-mosta.dz\/fsei\/wp-json\/wp\/v2\/users\/16"}],"replies":[{"embeddable":true,"href":"https:\/\/www.univ-mosta.dz\/fsei\/wp-json\/wp\/v2\/comments?post=3063"}],"version-history":[{"count":1,"href":"https:\/\/www.univ-mosta.dz\/fsei\/wp-json\/wp\/v2\/pages\/3063\/revisions"}],"predecessor-version":[{"id":3065,"href":"https:\/\/www.univ-mosta.dz\/fsei\/wp-json\/wp\/v2\/pages\/3063\/revisions\/3065"}],"wp:attachment":[{"href":"https:\/\/www.univ-mosta.dz\/fsei\/wp-json\/wp\/v2\/media?parent=3063"}],"curies":[{"name":"wp","href":"https:\/\/api.w.org\/{rel}","templated":true}]}}