{"id":301,"date":"2018-12-06T13:52:56","date_gmt":"2018-12-06T12:52:56","guid":{"rendered":"http:\/\/www.univ-mosta.dz\/fsei\/?page_id=301"},"modified":"2018-12-06T15:21:44","modified_gmt":"2018-12-06T14:21:44","slug":"tabl","status":"publish","type":"page","link":"https:\/\/www.univ-mosta.dz\/fsei\/tabl\/","title":{"rendered":"Tabl"},"content":{"rendered":"<p>&nbsp;<\/p>\n<table style=\"height: 186px;width: 98.5005%;border-collapse: collapse;border-style: none;border-color: #ffffff\" border=\"0,5\">\n<tbody>\n<tr>\n<td style=\"width: 65.4639%;border-color: #ffffff\">La Facult\u00e9 des Sciences Exactes et de l&rsquo;Informatique se consacre \u00e0 l&rsquo;enrichissement et \u00e0 la transmission des connaissances au sein de ses d\u00e9partements. Compos\u00e9e de quatre d\u00e9partements \u00a0\u00bb Math\u00e9matiques | Informatique | Physique | Chimie \u00ab\u00a0, la Facult\u00e9 offre \u00e0 plus de 1900 \u00e9tudiants une formation de qualit\u00e9 dans les domaines des sciences de la mati\u00e8re et des math\u00e9matiques et informatique. Deux laboratoires de recherche r\u00e9solument engag\u00e9s dans une mission d&rsquo;excellence nourrissent un enseignement sup\u00e9rieur de haut niveau.<\/td>\n<td style=\"width: 34.5361%;border-color: #ffffff\"><img loading=\"lazy\" decoding=\"async\" class=\"size-full wp-image-75 aligncenter\" src=\"http:\/\/www.univ-mosta.dz\/fsei\/wp-content\/uploads\/sites\/5\/2018\/11\/logo2fsei.jpg\" alt=\"\" width=\"150\" height=\"150\" \/><\/td>\n<\/tr>\n<tr>\n<td style=\"width: 65.4639%;background-color: #f0590e;border-color: #ffffff\"><\/td>\n<td style=\"width: 34.5361%;background-color: #f0590e;border-color: #ffffff\"><\/td>\n<\/tr>\n<\/tbody>\n<\/table>\n<blockquote><p>test Para<\/p>\n<p>La Facult\u00e9 des Sciences Exactes et de l&rsquo;Informatique se consacre \u00e0 l&rsquo;enrichissement et \u00e0 la transmission des connaissances au sein de ses d\u00e9partements. Compos\u00e9e de quatre d\u00e9partements \u00a0\u00bb Math\u00e9matiques | Informatique | Physique | Chimie \u00ab\u00a0, la Facult\u00e9 offre \u00e0 plus de 1900 \u00e9tudiants une formation de qualit\u00e9 dans les domaines des sciences de la mati\u00e8re et des math\u00e9matiques et informatique. Deux laboratoires de recherche r\u00e9solument engag\u00e9s dans une mission d&rsquo;excellence nourrissent un enseignement sup\u00e9rieur de haut niveau.<\/p><\/blockquote>\n","protected":false},"excerpt":{"rendered":"<p>&nbsp; La Facult\u00e9 des Sciences Exactes et de l&rsquo;Informatique se consacre \u00e0 l&rsquo;enrichissement et \u00e0 la transmission des connaissances au sein de ses d\u00e9partements. Compos\u00e9e de quatre d\u00e9partements \u00a0\u00bb Math\u00e9matiques &hellip;<\/p>\n","protected":false},"author":7,"featured_media":0,"parent":0,"menu_order":0,"comment_status":"closed","ping_status":"closed","template":"","meta":{"_coblocks_attr":"","_coblocks_dimensions":"","_coblocks_responsive_height":"","_coblocks_accordion_ie_support":"","footnotes":""},"class_list":["post-301","page","type-page","status-publish","hentry"],"_links":{"self":[{"href":"https:\/\/www.univ-mosta.dz\/fsei\/wp-json\/wp\/v2\/pages\/301","targetHints":{"allow":["GET"]}}],"collection":[{"href":"https:\/\/www.univ-mosta.dz\/fsei\/wp-json\/wp\/v2\/pages"}],"about":[{"href":"https:\/\/www.univ-mosta.dz\/fsei\/wp-json\/wp\/v2\/types\/page"}],"author":[{"embeddable":true,"href":"https:\/\/www.univ-mosta.dz\/fsei\/wp-json\/wp\/v2\/users\/7"}],"replies":[{"embeddable":true,"href":"https:\/\/www.univ-mosta.dz\/fsei\/wp-json\/wp\/v2\/comments?post=301"}],"version-history":[{"count":18,"href":"https:\/\/www.univ-mosta.dz\/fsei\/wp-json\/wp\/v2\/pages\/301\/revisions"}],"predecessor-version":[{"id":337,"href":"https:\/\/www.univ-mosta.dz\/fsei\/wp-json\/wp\/v2\/pages\/301\/revisions\/337"}],"wp:attachment":[{"href":"https:\/\/www.univ-mosta.dz\/fsei\/wp-json\/wp\/v2\/media?parent=301"}],"curies":[{"name":"wp","href":"https:\/\/api.w.org\/{rel}","templated":true}]}}