{"id":2981,"date":"2023-06-11T22:05:30","date_gmt":"2023-06-11T20:05:30","guid":{"rendered":"https:\/\/www.univ-mosta.dz\/fsei\/?page_id=2981"},"modified":"2026-02-08T09:03:48","modified_gmt":"2026-02-08T08:03:48","slug":"e-book","status":"publish","type":"page","link":"https:\/\/www.univ-mosta.dz\/fsei\/e-book\/","title":{"rendered":"E-biblio  D-Space"},"content":{"rendered":"\n<div class=\"d-flex flex-wrap\">\n<div>\n<p>Le d\u00e9p\u00f4t institutionnel de l\u2019Universit\u00e9 Abdelhamid Ibn Badis<\/p>\n<p>E-biblio, a \u00e9t\u00e9 mis en place par le Centre des Syst\u00e8mes et R\u00e9seaux d\u2019Information, de Communication de T\u00e9l\u00e9-enseignement et de l\u2019Enseignement \u00e0 Distance (CSRICTED) de l\u2019UMAB et il est op\u00e9rationnel depuis 2016. Il fait appel \u00e0 la plateforme logicielle DSpace d\u00e9velopp\u00e9e par le MIT et utilis\u00e9e par plus de 3000 universit\u00e9s dont plusieurs en Alg\u00e9rie.<\/p>\n<\/div>\n<\/div>\n<p>Un d\u00e9p\u00f4t institutionnel comme E-biblio offre de nombreux avantages tant pour les chercheurs que pour les unit\u00e9s, notamment :<\/p>\n<p>\u00a0<\/p>\n<ul>\n<li>Permet la cr\u00e9ation de collections sur des sujets sp\u00e9cifiques, vitrine d\u2019un travail ou d\u2019un groupe de travail.<\/li>\n<li>Assure la conservation \u00e0 long terme et la diffusion de documents de natures diff\u00e9rentes (textes, images, donn\u00e9es num\u00e9riques, etc.)<\/li>\n<li>Fournit aux autres des donn\u00e9es de consultation de leurs documents.<\/li>\n<li>Fournit un environnement flexible : les unit\u00e9s peuvent adapter leur espace E-biblio \u00e0 leurs besoins (structure des collections, m\u00e9canismes de validation, types de contenus d\u00e9pos\u00e9s, pr\u00e9sentation, etc.).<\/li>\n<li>Offre un processus d\u2019auto-archivage simple via un formulaire Web.<\/li>\n<li>Attribue \u00e0 chaque document d\u00e9pos\u00e9 un URL permanent que les auteurs peuvent inclure dans leurs pages Web, curriculum, etc.<\/li>\n<li>Profite d\u2019une indexation dans un ensemble d\u2019outils de recherche sur le Web ( Google, Google Scholar, OAIster, etc.) ce qui favorise la diffusion et le rep\u00e9rage des publications et le rayonnement des chercheurs.<\/li>\n<\/ul>\n<p>Pour toute assistance, veuillez nous contacter \u00e0 l\u2019adresse suivante : assistance@univ-mosta.dz<\/p>\n<p style=\"text-align: center\"><strong><a title=\"Lien du catalogue des m\u00e9moires de PFE.\" href=\"https:\/\/e-biblio.univ-mosta.dz\/communities\/42648f18-c82e-47c8-a53b-de044a959079\/search\">Lien du catalogue des m\u00e9moires de PFE.<\/a><\/strong><\/p>\n\n\n","protected":false},"excerpt":{"rendered":"<p>Le d\u00e9p\u00f4t institutionnel de l\u2019Universit\u00e9 Abdelhamid Ibn Badis E-biblio, a \u00e9t\u00e9 mis en place par le Centre des Syst\u00e8mes et R\u00e9seaux d\u2019Information, de Communication de T\u00e9l\u00e9-enseignement et de l\u2019Enseignement \u00e0 &hellip;<\/p>\n","protected":false},"author":16,"featured_media":0,"parent":0,"menu_order":0,"comment_status":"closed","ping_status":"closed","template":"","meta":{"_coblocks_attr":"","_coblocks_dimensions":"","_coblocks_responsive_height":"","_coblocks_accordion_ie_support":"","footnotes":""},"class_list":["post-2981","page","type-page","status-publish","hentry"],"_links":{"self":[{"href":"https:\/\/www.univ-mosta.dz\/fsei\/wp-json\/wp\/v2\/pages\/2981","targetHints":{"allow":["GET"]}}],"collection":[{"href":"https:\/\/www.univ-mosta.dz\/fsei\/wp-json\/wp\/v2\/pages"}],"about":[{"href":"https:\/\/www.univ-mosta.dz\/fsei\/wp-json\/wp\/v2\/types\/page"}],"author":[{"embeddable":true,"href":"https:\/\/www.univ-mosta.dz\/fsei\/wp-json\/wp\/v2\/users\/16"}],"replies":[{"embeddable":true,"href":"https:\/\/www.univ-mosta.dz\/fsei\/wp-json\/wp\/v2\/comments?post=2981"}],"version-history":[{"count":3,"href":"https:\/\/www.univ-mosta.dz\/fsei\/wp-json\/wp\/v2\/pages\/2981\/revisions"}],"predecessor-version":[{"id":4944,"href":"https:\/\/www.univ-mosta.dz\/fsei\/wp-json\/wp\/v2\/pages\/2981\/revisions\/4944"}],"wp:attachment":[{"href":"https:\/\/www.univ-mosta.dz\/fsei\/wp-json\/wp\/v2\/media?parent=2981"}],"curies":[{"name":"wp","href":"https:\/\/api.w.org\/{rel}","templated":true}]}}