{"id":2825,"date":"2023-04-29T10:46:36","date_gmt":"2023-04-29T08:46:36","guid":{"rendered":"https:\/\/www.univ-mosta.dz\/fsei\/?page_id=2825"},"modified":"2023-04-29T11:17:55","modified_gmt":"2023-04-29T09:17:55","slug":"formation-danglais","status":"publish","type":"page","link":"https:\/\/www.univ-mosta.dz\/fsei\/formation-danglais\/","title":{"rendered":"Formation d&rsquo;anglais"},"content":{"rendered":"<a href=\"https:\/\/www.univ-mosta.dz\/fsei\/wp-content\/uploads\/sites\/5\/2023\/04\/\u0627\u0644\u0645\u062d\u0627\u0636\u0631\u0629-\u0631\u0642\u0645-01-\u0645\u0627\u0647\u064a\u0629-\u0627\u0644\u062a\u0639\u0644\u064a\u0645\u064a\u0629.pdf\" class=\"pdfemb-viewer\" style=\"\" data-width=\"max\" data-height=\"max\" data-toolbar=\"both\" data-toolbar-fixed=\"on\">\u0627\u0644\u0645\u062d\u0627\u0636\u0631\u0629-\u0631\u0642\u0645-01-\u0645\u0627\u0647\u064a\u0629-\u0627\u0644\u062a\u0639\u0644\u064a\u0645\u064a\u0629<\/a>\n<p class=\"wp-block-pdfemb-pdf-embedder-viewer\"><\/p>\n\n\n\n<div class=\"wp-block-file\"><a id=\"wp-block-file--media-89956ea5-fc7f-41ee-929a-9dbad19a4f1b\" href=\"http:\/\/www.univ-mosta.dz\/fsei\/wp-content\/uploads\/sites\/5\/2023\/04\/conference-02-les-types-de-recherches-version-Arabe.docx\">conf\u00e9rence 02 les types de recherches version Arabe<\/a><a href=\"http:\/\/www.univ-mosta.dz\/fsei\/wp-content\/uploads\/sites\/5\/2023\/04\/conference-02-les-types-de-recherches-version-Arabe.docx\" class=\"wp-block-file__button wp-element-button\" download aria-describedby=\"wp-block-file--media-89956ea5-fc7f-41ee-929a-9dbad19a4f1b\">T\u00e9l\u00e9charger<\/a><\/div>\n\n\n\n<div class=\"wp-block-file\"><a id=\"wp-block-file--media-81594cb4-985b-4b8f-8f7e-d64b20c74a2f\" href=\"http:\/\/www.univ-mosta.dz\/fsei\/wp-content\/uploads\/sites\/5\/2023\/04\/template-cours1-fr-type-de-recherche.docx\">template-cours1-fr type de recherche<\/a><a href=\"http:\/\/www.univ-mosta.dz\/fsei\/wp-content\/uploads\/sites\/5\/2023\/04\/template-cours1-fr-type-de-recherche.docx\" class=\"wp-block-file__button wp-element-button\" download aria-describedby=\"wp-block-file--media-81594cb4-985b-4b8f-8f7e-d64b20c74a2f\">T\u00e9l\u00e9charger<\/a><\/div>\n\n\n\n<div class=\"wp-block-file\"><a id=\"wp-block-file--media-143077cb-9896-456a-8d7c-cd379c413937\" href=\"http:\/\/www.univ-mosta.dz\/fsei\/wp-content\/uploads\/sites\/5\/2023\/04\/Didactique-powerpoint-types-de-recherche.pptx\">Didactique powerpoint &#8211; types de recherche<\/a><a href=\"http:\/\/www.univ-mosta.dz\/fsei\/wp-content\/uploads\/sites\/5\/2023\/04\/Didactique-powerpoint-types-de-recherche.pptx\" class=\"wp-block-file__button wp-element-button\" download aria-describedby=\"wp-block-file--media-143077cb-9896-456a-8d7c-cd379c413937\">T\u00e9l\u00e9charger<\/a><\/div>\n\n\n\n<div class=\"wp-block-file\"><a id=\"wp-block-file--media-22536e69-dd17-485b-8da8-9e25580d9b4b\" href=\"http:\/\/www.univ-mosta.dz\/fsei\/wp-content\/uploads\/sites\/5\/2023\/04\/CONFERENCE-1-QUEST-CE-QUE-LA-DIDACTIQUE.pptx\">CONF\u00c9RENCE 1 QU&rsquo;EST-CE QUE LA DIDACTIQUE<\/a><a href=\"http:\/\/www.univ-mosta.dz\/fsei\/wp-content\/uploads\/sites\/5\/2023\/04\/CONFERENCE-1-QUEST-CE-QUE-LA-DIDACTIQUE.pptx\" class=\"wp-block-file__button wp-element-button\" download aria-describedby=\"wp-block-file--media-22536e69-dd17-485b-8da8-9e25580d9b4b\">T\u00e9l\u00e9charger<\/a><\/div>\n\n\n<a href=\"https:\/\/www.univ-mosta.dz\/fsei\/wp-content\/uploads\/sites\/5\/2023\/04\/Emploi-Du-Temps-De-La-Formation-Initiale.pdf\" class=\"pdfemb-viewer\" style=\"\" data-width=\"max\" data-height=\"max\" data-toolbar=\"both\" data-toolbar-fixed=\"on\">Emploi-Du-Temps-De-La-Formation-Initiale<\/a>\n<p class=\"wp-block-pdfemb-pdf-embedder-viewer\"><\/p>\n\n\n\n<p><a href=\"https:\/\/drive.google.com\/file\/d\/1Nr9Hw3P4pwPYoc_OGUSknXVSa29yNgzg\/view?usp=drivesdk\">https:\/\/drive.google.com\/file\/d\/1Nr9Hw3P4pwPYoc_OGUSknXVSa29yNgzg\/view?usp=drivesdk<\/a><\/p>\n","protected":false},"excerpt":{"rendered":"<p>\u0627\u0644\u0645\u062d\u0627\u0636\u0631\u0629-\u0631\u0642\u0645-01-\u0645\u0627\u0647\u064a\u0629-\u0627\u0644\u062a\u0639\u0644\u064a\u0645\u064a\u0629 conf\u00e9rence 02 les types de recherches version ArabeT\u00e9l\u00e9charger template-cours1-fr type de rechercheT\u00e9l\u00e9charger Didactique powerpoint &#8211; types de rechercheT\u00e9l\u00e9charger CONF\u00c9RENCE 1 QU&rsquo;EST-CE QUE LA DIDACTIQUET\u00e9l\u00e9charger Emploi-Du-Temps-De-La-Formation-Initiale https:\/\/drive.google.com\/file\/d\/1Nr9Hw3P4pwPYoc_OGUSknXVSa29yNgzg\/view?usp=drivesdk<\/p>\n","protected":false},"author":16,"featured_media":0,"parent":0,"menu_order":0,"comment_status":"closed","ping_status":"closed","template":"","meta":{"_coblocks_attr":"","_coblocks_dimensions":"","_coblocks_responsive_height":"","_coblocks_accordion_ie_support":"","footnotes":""},"class_list":["post-2825","page","type-page","status-publish","hentry"],"_links":{"self":[{"href":"https:\/\/www.univ-mosta.dz\/fsei\/wp-json\/wp\/v2\/pages\/2825","targetHints":{"allow":["GET"]}}],"collection":[{"href":"https:\/\/www.univ-mosta.dz\/fsei\/wp-json\/wp\/v2\/pages"}],"about":[{"href":"https:\/\/www.univ-mosta.dz\/fsei\/wp-json\/wp\/v2\/types\/page"}],"author":[{"embeddable":true,"href":"https:\/\/www.univ-mosta.dz\/fsei\/wp-json\/wp\/v2\/users\/16"}],"replies":[{"embeddable":true,"href":"https:\/\/www.univ-mosta.dz\/fsei\/wp-json\/wp\/v2\/comments?post=2825"}],"version-history":[{"count":6,"href":"https:\/\/www.univ-mosta.dz\/fsei\/wp-json\/wp\/v2\/pages\/2825\/revisions"}],"predecessor-version":[{"id":2844,"href":"https:\/\/www.univ-mosta.dz\/fsei\/wp-json\/wp\/v2\/pages\/2825\/revisions\/2844"}],"wp:attachment":[{"href":"https:\/\/www.univ-mosta.dz\/fsei\/wp-json\/wp\/v2\/media?parent=2825"}],"curies":[{"name":"wp","href":"https:\/\/api.w.org\/{rel}","templated":true}]}}