{"id":2715,"date":"2023-04-11T15:13:08","date_gmt":"2023-04-11T13:13:08","guid":{"rendered":"https:\/\/www.univ-mosta.dz\/fsei\/?page_id=2715"},"modified":"2023-04-13T03:33:29","modified_gmt":"2023-04-13T01:33:29","slug":"computer-science-and-new-technologies-lab-cstl","status":"publish","type":"page","link":"https:\/\/www.univ-mosta.dz\/fsei\/computer-science-and-new-technologies-lab-cstl\/","title":{"rendered":"CSTL-Computer Science and new Technologies Lab"},"content":{"rendered":"\n<h3 class=\"wp-block-heading\">Lab, University of Mostaganem \u2013 Abdelhamid Ibn Badis<\/h3>\n\n\n\n<div aria-label=\"Offset Gallery\" class=\"wp-block-coblocks-gallery-offset alignwide\"><ul class=\"coblocks-gallery has-caption-style-dark has-small-images has-small-gutter\"><li class=\"coblocks-gallery--item\"><figure class=\"wp-block-coblocks-gallery-offset__figure\"><img loading=\"lazy\" decoding=\"async\" width=\"1024\" height=\"576\" src=\"http:\/\/www.univ-mosta.dz\/fsei\/wp-content\/uploads\/sites\/5\/2023\/04\/IMG_20230221_102447-1024x576.jpg\" alt=\"\" data-id=\"2718\" data-imglink=\"\" data-link=\"https:\/\/www.univ-mosta.dz\/fsei\/img_20230221_102447\/\" class=\"wp-image-2718\" srcset=\"https:\/\/www.univ-mosta.dz\/fsei\/wp-content\/uploads\/sites\/5\/2023\/04\/IMG_20230221_102447-1024x576.jpg 1024w, https:\/\/www.univ-mosta.dz\/fsei\/wp-content\/uploads\/sites\/5\/2023\/04\/IMG_20230221_102447-300x169.jpg 300w, https:\/\/www.univ-mosta.dz\/fsei\/wp-content\/uploads\/sites\/5\/2023\/04\/IMG_20230221_102447-768x432.jpg 768w, https:\/\/www.univ-mosta.dz\/fsei\/wp-content\/uploads\/sites\/5\/2023\/04\/IMG_20230221_102447-1536x864.jpg 1536w, https:\/\/www.univ-mosta.dz\/fsei\/wp-content\/uploads\/sites\/5\/2023\/04\/IMG_20230221_102447-2048x1152.jpg 2048w, https:\/\/www.univ-mosta.dz\/fsei\/wp-content\/uploads\/sites\/5\/2023\/04\/IMG_20230221_102447-390x220.jpg 390w\" sizes=\"auto, (max-width: 1024px) 100vw, 1024px\" \/><\/figure><\/li><li class=\"coblocks-gallery--item\"><figure class=\"wp-block-coblocks-gallery-offset__figure\"><img loading=\"lazy\" decoding=\"async\" width=\"1024\" height=\"576\" src=\"http:\/\/www.univ-mosta.dz\/fsei\/wp-content\/uploads\/sites\/5\/2023\/04\/IMG_20230221_103740-1024x576.jpg\" alt=\"\" data-id=\"2721\" data-imglink=\"\" data-link=\"https:\/\/www.univ-mosta.dz\/fsei\/img_20230221_103740\/\" class=\"wp-image-2721\" srcset=\"https:\/\/www.univ-mosta.dz\/fsei\/wp-content\/uploads\/sites\/5\/2023\/04\/IMG_20230221_103740-1024x576.jpg 1024w, https:\/\/www.univ-mosta.dz\/fsei\/wp-content\/uploads\/sites\/5\/2023\/04\/IMG_20230221_103740-300x169.jpg 300w, https:\/\/www.univ-mosta.dz\/fsei\/wp-content\/uploads\/sites\/5\/2023\/04\/IMG_20230221_103740-768x432.jpg 768w, https:\/\/www.univ-mosta.dz\/fsei\/wp-content\/uploads\/sites\/5\/2023\/04\/IMG_20230221_103740-1536x864.jpg 1536w, https:\/\/www.univ-mosta.dz\/fsei\/wp-content\/uploads\/sites\/5\/2023\/04\/IMG_20230221_103740-390x220.jpg 390w, https:\/\/www.univ-mosta.dz\/fsei\/wp-content\/uploads\/sites\/5\/2023\/04\/IMG_20230221_103740.jpg 1920w\" sizes=\"auto, (max-width: 1024px) 100vw, 1024px\" \/><\/figure><\/li><li class=\"coblocks-gallery--item\"><figure class=\"wp-block-coblocks-gallery-offset__figure\"><img loading=\"lazy\" decoding=\"async\" width=\"1024\" height=\"576\" src=\"http:\/\/www.univ-mosta.dz\/fsei\/wp-content\/uploads\/sites\/5\/2023\/04\/IMG_20230221_110419-1024x576.jpg\" alt=\"\" data-id=\"2738\" data-imglink=\"\" data-link=\"https:\/\/www.univ-mosta.dz\/fsei\/img_20230221_110419\/\" class=\"wp-image-2738\" srcset=\"https:\/\/www.univ-mosta.dz\/fsei\/wp-content\/uploads\/sites\/5\/2023\/04\/IMG_20230221_110419-1024x576.jpg 1024w, https:\/\/www.univ-mosta.dz\/fsei\/wp-content\/uploads\/sites\/5\/2023\/04\/IMG_20230221_110419-300x169.jpg 300w, https:\/\/www.univ-mosta.dz\/fsei\/wp-content\/uploads\/sites\/5\/2023\/04\/IMG_20230221_110419-768x432.jpg 768w, https:\/\/www.univ-mosta.dz\/fsei\/wp-content\/uploads\/sites\/5\/2023\/04\/IMG_20230221_110419-1536x864.jpg 1536w, https:\/\/www.univ-mosta.dz\/fsei\/wp-content\/uploads\/sites\/5\/2023\/04\/IMG_20230221_110419-2048x1152.jpg 2048w, https:\/\/www.univ-mosta.dz\/fsei\/wp-content\/uploads\/sites\/5\/2023\/04\/IMG_20230221_110419-390x220.jpg 390w\" sizes=\"auto, (max-width: 1024px) 100vw, 1024px\" \/><\/figure><\/li><li class=\"coblocks-gallery--item\"><figure class=\"wp-block-coblocks-gallery-offset__figure\"><img loading=\"lazy\" decoding=\"async\" width=\"1024\" height=\"576\" src=\"http:\/\/www.univ-mosta.dz\/fsei\/wp-content\/uploads\/sites\/5\/2023\/04\/IMG_20230221_105451-1024x576.jpg\" alt=\"\" data-id=\"2734\" data-imglink=\"\" data-link=\"https:\/\/www.univ-mosta.dz\/fsei\/img_20230221_105451\/\" class=\"wp-image-2734\" srcset=\"https:\/\/www.univ-mosta.dz\/fsei\/wp-content\/uploads\/sites\/5\/2023\/04\/IMG_20230221_105451-1024x576.jpg 1024w, https:\/\/www.univ-mosta.dz\/fsei\/wp-content\/uploads\/sites\/5\/2023\/04\/IMG_20230221_105451-300x169.jpg 300w, https:\/\/www.univ-mosta.dz\/fsei\/wp-content\/uploads\/sites\/5\/2023\/04\/IMG_20230221_105451-768x432.jpg 768w, https:\/\/www.univ-mosta.dz\/fsei\/wp-content\/uploads\/sites\/5\/2023\/04\/IMG_20230221_105451-1536x864.jpg 1536w, https:\/\/www.univ-mosta.dz\/fsei\/wp-content\/uploads\/sites\/5\/2023\/04\/IMG_20230221_105451-390x220.jpg 390w, https:\/\/www.univ-mosta.dz\/fsei\/wp-content\/uploads\/sites\/5\/2023\/04\/IMG_20230221_105451.jpg 1920w\" sizes=\"auto, (max-width: 1024px) 100vw, 1024px\" \/><\/figure><\/li><\/ul><\/div>\n\n\n\n<p>Le <strong>CSTL<\/strong>, laboratoire propre \u00e0 l\u2019universit\u00e9 de Mostaganem, a \u00e9t\u00e9 cr\u00e9\u00e9 par arr\u00eat\u00e9 du ministre de l\u2019Enseignement sup\u00e9rieur et de la Recherche scientifique n\u00b0394 du 1er ao\u00fbt 2022 sur la base d\u2019un projet soumis dans le cadre de l\u2019appel de la DGRSDT, session 2020.<br>Le CSTL a pour vocation la production et la diffusion des connaissances scientifiques dans le domaine de l\u2019informatique et des nouvelles technologies. Il a ainsi pour mission d\u2019assurer dans son domaine de comp\u00e9tence :<br>\u2022 Le d\u00e9veloppement de nouvelles connaissances scientifiques et technologiques,<br>\u2022 La contribution \u00e0 la formation par et pour la recherche,<br>\u2022 La promotion et la diffusion des r\u00e9sultats de recherche au niveau national et international,<br>\u2022 L\u2019expertise et la prestation de services,<br>\u2022 L\u2019animation et le d\u00e9veloppement de relations et partenariats inter et extra- universitaires pour r\u00e9pondre aux besoins socio-\u00e9conomiques du pays.<br><br>Le <strong>CSTL<\/strong> comporte quatre \u00e9quipes dont voici une br\u00e8ve description.<\/p>\n\n\n\n<p class=\"is-style-info has-medium-font-size\"><br><strong>\u00c9quipe AI2C &#8211; Adaptation, Interactions, Co-Construction of knowledge<\/strong><\/p>\n\n\n\n<p><br>Members : SEHABA Karim, HOCINE Nadia, HAMAMI Dalila, HENNI Fouad<br>Les travaux de l\u2019\u00e9quipe AI2C se situent \u00e0 la crois\u00e9e des domaines des environnements<br>informatiques pour l\u2019apprentissage humain, l\u2019ing\u00e9nierie des connaissances et<br>l\u2019intelligence artificielle. Dans ce cadre, AI2C s\u2019int\u00e9resse \u00e0 l\u2019extraction interactive de<br>connaissances et l\u2019adaptation de l\u2019environnement num\u00e9rique \u00e0 son contexte d\u2019usage<br>(utilisateur, environnement, plate-forme), l\u2019immersion et l\u2019engagement de<br>l\u2019utilisateur \u00e0 travers la mise en place des environnements ludique (serious game gamification\u2026), et l\u2019optimisation et l\u2019aide \u00e0 la d\u00e9cision \u00e0 travers des syst\u00e8mes de  recommandation adaptative.<\/p>\n\n\n\n<p class=\"is-style-info has-medium-font-size\"><strong>\u00c9quipe SMDR &#8211; Smart Management of Distributed Resources <\/strong><\/p>\n\n\n\n<p>Membres : MEROUFEL Bakhta, FILALI Fatima, MECHAOUI Moulay Driss, DJEBBARA  Mohamed R\u00e9dha, ABDALLAH BENSALLOUA Charef L\u2019\u00e9quipe SMDR s\u2019int\u00e9resse \u00e0 la gestion de donn\u00e9es dans les syst\u00e8mes distribu\u00e9s type  cloud computing, grilles ou ontologies en utilisant des techniques d\u2019intelligence  artificielle, comme les syst\u00e8mes multi-agents et l\u2019apprentissage automatique. Ses  domaines d\u2019application portent sur la gestion de la confiance et la tol\u00e9rance aux  pannes, n\u00e9gociation et la gestion de contrats, la collaboration, la virtualisation, la  s\u00e9curit\u00e9 des machines virtuelles, etc. L\u2019\u00e9quipe d\u00e9veloppe \u00e9galement des approches  d\u2019optimisation de stockage des donn\u00e9es dans des entrep\u00f4ts de donn\u00e9es et des bases  de donn\u00e9es NoSql. <\/p>\n\n\n\n<p class=\"is-style-info has-medium-font-size\"><strong>\u00c9quipe NetCoo &#8211; Network and Cooperation <\/strong><\/p>\n\n\n\n<p>Membres : LAREDJ Mohamed Adnane, ABID Meriem, BESSAOUD Karim, BENIDRIS Fatima Z.  HENNI Djamel E. L\u2019\u00e9quipe NetCoo d\u00e9veloppe des mod\u00e8les de gestion et de s\u00e9curisation des r\u00e9seaux et  d\u2019algorithmes distribu\u00e9s, appliqu\u00e9s notamment dans le domaine \u00e9nerg\u00e9tique. Ses  th\u00e9matiques de recherche portent sur l\u2019aide \u00e0 la d\u00e9cision de groupe et la surveillance  intelligente, les smarts buildings \u00e0 \u00e9nergie positive ainsi que la s\u00e9curisation bas\u00e9e sur  la confiance dans l\u2019internet des objets. <\/p>\n\n\n\n<p class=\"is-style-info has-medium-font-size\"><strong>\u00c9quipe DMVS &#8211; Datamining, Machine learning, Vision and Simulation <\/strong><\/p>\n\n\n\n<p>Membres : ROUBA Baroudi, MOUMENE, Mohammed El Amine, BENTAOUZA Chahinez,  MIDOUN Mohammed L\u2019\u00e9quipe DMVS d\u00e9veloppe des m\u00e9thodes de machine learning, de datamining et de  prise de d\u00e9cision en manipulant des donn\u00e9es de natures diff\u00e9rentes : base de  donn\u00e9es, image, vid\u00e9o, donn\u00e9es cartographiques\u2026 Ses contributions portent sur la  mod\u00e9lisation et la simulation de syst\u00e8mes complexes. L\u2019\u00e9quipe s\u2019int\u00e9resse aux  syst\u00e8mes d\u2019information g\u00e9ographique en prenant en compte des donn\u00e9es spatiales  et spatiotemporelles. La cryptographie des donn\u00e9es, la vision et la d\u00e9tection des  maladies chroniques font \u00e9galement partie des domaines de comp\u00e9tences de DMVS.,<\/p>\n","protected":false},"excerpt":{"rendered":"<p>Lab, University of Mostaganem \u2013 Abdelhamid Ibn Badis Le CSTL, laboratoire propre \u00e0 l\u2019universit\u00e9 de Mostaganem, a \u00e9t\u00e9 cr\u00e9\u00e9 par arr\u00eat\u00e9 du ministre de l\u2019Enseignement sup\u00e9rieur et de la Recherche &hellip;<\/p>\n","protected":false},"author":16,"featured_media":2754,"parent":0,"menu_order":0,"comment_status":"closed","ping_status":"closed","template":"","meta":{"_coblocks_attr":"","_coblocks_dimensions":"","_coblocks_responsive_height":"","_coblocks_accordion_ie_support":"","footnotes":""},"class_list":["post-2715","page","type-page","status-publish","has-post-thumbnail","hentry"],"_links":{"self":[{"href":"https:\/\/www.univ-mosta.dz\/fsei\/wp-json\/wp\/v2\/pages\/2715","targetHints":{"allow":["GET"]}}],"collection":[{"href":"https:\/\/www.univ-mosta.dz\/fsei\/wp-json\/wp\/v2\/pages"}],"about":[{"href":"https:\/\/www.univ-mosta.dz\/fsei\/wp-json\/wp\/v2\/types\/page"}],"author":[{"embeddable":true,"href":"https:\/\/www.univ-mosta.dz\/fsei\/wp-json\/wp\/v2\/users\/16"}],"replies":[{"embeddable":true,"href":"https:\/\/www.univ-mosta.dz\/fsei\/wp-json\/wp\/v2\/comments?post=2715"}],"version-history":[{"count":9,"href":"https:\/\/www.univ-mosta.dz\/fsei\/wp-json\/wp\/v2\/pages\/2715\/revisions"}],"predecessor-version":[{"id":2768,"href":"https:\/\/www.univ-mosta.dz\/fsei\/wp-json\/wp\/v2\/pages\/2715\/revisions\/2768"}],"wp:featuredmedia":[{"embeddable":true,"href":"https:\/\/www.univ-mosta.dz\/fsei\/wp-json\/wp\/v2\/media\/2754"}],"wp:attachment":[{"href":"https:\/\/www.univ-mosta.dz\/fsei\/wp-json\/wp\/v2\/media?parent=2715"}],"curies":[{"name":"wp","href":"https:\/\/api.w.org\/{rel}","templated":true}]}}