{"id":237,"date":"2018-12-04T10:23:39","date_gmt":"2018-12-04T09:23:39","guid":{"rendered":"http:\/\/www.univ-mosta.dz\/fsei\/?page_id=237"},"modified":"2018-12-04T10:31:34","modified_gmt":"2018-12-04T09:31:34","slug":"eem1p","status":"publish","type":"page","link":"https:\/\/www.univ-mosta.dz\/fsei\/eem1p\/","title":{"rendered":"Etudiants Inscrits en Master 1"},"content":{"rendered":"<p style=\"text-align: right\"><span style=\"font-size: 10pt\">| <a href=\"https:\/\/www.univ-mosta.dz\/fsei\/proemedmaster\/\">PROEMED MASTER<\/a> | <a href=\"https:\/\/www.univ-mosta.dz\/fsei\/prog-proemed\">PROGRAMME<\/a> |<\/span><\/p>\n<p><span style=\"font-size: 18pt\"><strong>Liste des Etudiants Inscrits en Master 1<\/strong><\/span><br \/>\nEfficacit\u00e9 Energ\u00e9tique des B\u00e2timents<\/p>\n<hr \/>\n<p><img loading=\"lazy\" decoding=\"async\" class=\"alignnone size-full wp-image-242\" src=\"http:\/\/www.univ-mosta.dz\/fsei\/wp-content\/uploads\/sites\/5\/2018\/12\/Etud.png\" alt=\"\" width=\"858\" height=\"436\" srcset=\"https:\/\/www.univ-mosta.dz\/fsei\/wp-content\/uploads\/sites\/5\/2018\/12\/Etud.png 858w, https:\/\/www.univ-mosta.dz\/fsei\/wp-content\/uploads\/sites\/5\/2018\/12\/Etud-300x152.png 300w, https:\/\/www.univ-mosta.dz\/fsei\/wp-content\/uploads\/sites\/5\/2018\/12\/Etud-768x390.png 768w\" sizes=\"auto, (max-width: 858px) 100vw, 858px\" \/><\/p>\n","protected":false},"excerpt":{"rendered":"<p>| PROEMED MASTER | PROGRAMME | Liste des Etudiants Inscrits en Master 1 Efficacit\u00e9 Energ\u00e9tique des B\u00e2timents<\/p>\n","protected":false},"author":7,"featured_media":0,"parent":0,"menu_order":0,"comment_status":"closed","ping_status":"closed","template":"","meta":{"_coblocks_attr":"","_coblocks_dimensions":"","_coblocks_responsive_height":"","_coblocks_accordion_ie_support":"","footnotes":""},"class_list":["post-237","page","type-page","status-publish","hentry"],"_links":{"self":[{"href":"https:\/\/www.univ-mosta.dz\/fsei\/wp-json\/wp\/v2\/pages\/237","targetHints":{"allow":["GET"]}}],"collection":[{"href":"https:\/\/www.univ-mosta.dz\/fsei\/wp-json\/wp\/v2\/pages"}],"about":[{"href":"https:\/\/www.univ-mosta.dz\/fsei\/wp-json\/wp\/v2\/types\/page"}],"author":[{"embeddable":true,"href":"https:\/\/www.univ-mosta.dz\/fsei\/wp-json\/wp\/v2\/users\/7"}],"replies":[{"embeddable":true,"href":"https:\/\/www.univ-mosta.dz\/fsei\/wp-json\/wp\/v2\/comments?post=237"}],"version-history":[{"count":4,"href":"https:\/\/www.univ-mosta.dz\/fsei\/wp-json\/wp\/v2\/pages\/237\/revisions"}],"predecessor-version":[{"id":250,"href":"https:\/\/www.univ-mosta.dz\/fsei\/wp-json\/wp\/v2\/pages\/237\/revisions\/250"}],"wp:attachment":[{"href":"https:\/\/www.univ-mosta.dz\/fsei\/wp-json\/wp\/v2\/media?parent=237"}],"curies":[{"name":"wp","href":"https:\/\/api.w.org\/{rel}","templated":true}]}}