{"id":225,"date":"2018-12-04T09:04:07","date_gmt":"2018-12-04T08:04:07","guid":{"rendered":"http:\/\/www.univ-mosta.dz\/fsei\/?page_id=225"},"modified":"2018-12-04T09:37:05","modified_gmt":"2018-12-04T08:37:05","slug":"pro-s3","status":"publish","type":"page","link":"https:\/\/www.univ-mosta.dz\/fsei\/pro-s3\/","title":{"rendered":"Proemed Programme S3"},"content":{"rendered":"<p style=\"text-align: right\"><span style=\"font-size: 10pt\">| <a href=\"https:\/\/www.univ-mosta.dz\/fsei\/proemedmaster\/\">PROEMED MASTER<\/a> | <a href=\"https:\/\/www.univ-mosta.dz\/fsei\/prog-proemed\/\">PROGRAMME<\/a> | <a href=\"http:\/\/www.univ-mosta.dz\/fsei\/wp-content\/uploads\/sites\/5\/2018\/11\/Etudiants.pdf\">EFFECTIFS<\/a> | <a href=\"http:\/\/www.univ-mosta.dz\/fsei\/wp-content\/uploads\/sites\/5\/2018\/11\/Emploi-du-Temps.pdf\">EMPLOI DU TEMPS<\/a> |<\/span><\/p>\n<hr \/>\n<div>\n<div>\n<p><span style=\"font-size: 18pt\"><strong>Programme d\u00e9taill\u00e9 par mati\u00e8re<\/strong><\/span><br \/>\n<strong>(1 fiche d\u00e9taill\u00e9e par mati\u00e8re)<\/strong><\/p>\n<p style=\"text-align: right\">| <a href=\"https:\/\/www.univ-mosta.dz\/fsei\/pro-s1\/\"><strong>S1<\/strong><\/a> | <a href=\"https:\/\/www.univ-mosta.dz\/fsei\/pro-s2\/\"><strong>S2<\/strong><\/a> | S3 |<\/p>\n<hr \/>\n<p><span style=\"font-size: 14pt;color: #003300\"><strong>Intitul\u00e9 du Master:<\/strong> Efficacit\u00e9 Energ\u00e9tique des B\u00e2timents<\/span><br \/>\n<span style=\"font-size: 14pt;color: #003300\"><strong>Semestre:<\/strong> Semestre III<\/span><br \/>\n<span style=\"font-size: 14pt;color: #003300\"><strong>Intitul\u00e9 de l\u2019UE:<\/strong> Unit\u00e9 d\u2019Enseignement fondamental 3<\/span><br \/>\n<span style=\"font-size: 14pt;color: #003300\"><strong>Intitul\u00e9 de la mati\u00e8re:<\/strong> Efficacit\u00e9 Energ\u00e9tique du b\u00e2timent<\/span><br \/>\n<span style=\"font-size: 14pt;color: #003300\"><strong>Cr\u00e9dits:<\/strong> 9<\/span><br \/>\n<span style=\"font-size: 14pt;color: #003300\"><strong>Coefficients:<\/strong> 1<\/span><\/p>\n<hr \/>\n<p><strong>Objectifs de l\u2019enseignement:<\/strong><br \/>\nComprendre les grandes d\u00e9penses \u00e9nerg\u00e9tiques dans les b\u00e2timents et identifier certaines mesures<br \/>\ncorrectives \u00e0 apporter pour am\u00e9liorer l&rsquo;efficacit\u00e9 \u00e9nerg\u00e9tique.<\/p>\n<p><strong>Contenu de la mati\u00e8re:<\/strong><br \/>\n1. Optimisation \u00e9conomique<br \/>\n2. Diagnostic<br \/>\n3. Efficacit\u00e9 \u00e9nerg\u00e9tique du b\u00e2timent<br \/>\n4. Gestion technique du b\u00e2timent ou syst\u00e8me de r\u00e9gulation.<\/p>\n<p><strong>Mode d\u2019\u00e9valuation:<\/strong><br \/>\nL\u2019\u00e9valuation se fait en continu avec des tests \u00e9crits durant la p\u00e9riode de formation.<br \/>\nUn examen final est programme \u00e0 la fin du semestre.<br \/>\nLa note finale est calcul\u00e9e selon la ponderation suivante :<br \/>\nNote_Finale = 0.4*Moy_Tests + 0.6*Examen<br \/>\nUn examen de rattrapage est organis\u00e9 pour les \u00e9tudiants ayant obtenu une note finale in<br \/>\nf\u00e9rieure \u00e0 10.<\/p>\n<p><strong>R\u00e9f\u00e9rences: <\/strong><br \/>\n1- Energy Efficiency: Building a Clean, Secure Economy, James L. Sweeney<br \/>\n2- Energy Efficient Buildings: Architecture, Engineering, and Environment, 2002, Wayne Forster, Dean Hawkes<br \/>\n3- Energy Efficiency in Buildings, Behavioral Issues (1985), National Academy Press, 1985<br \/>\n4- Notes de Cours<\/p>\n<p>&nbsp;<\/p>\n<hr \/>\n<p><span style=\"font-size: 14pt;color: #003300\"><strong>Intitul\u00e9 du Master:<\/strong> Efficacit\u00e9 Energ\u00e9tique des B\u00e2timents<\/span><br \/>\n<span style=\"font-size: 14pt;color: #003300\"><strong>Semestre:<\/strong> Semestre III<\/span><br \/>\n<span style=\"font-size: 14pt;color: #003300\"><strong>Intitul\u00e9 de l\u2019UE:<\/strong> Unit\u00e9 d\u2019Enseignement fondamental 3<\/span><br \/>\n<span style=\"font-size: 14pt;color: #003300\"><strong>Intitul\u00e9 de la mati\u00e8re:<\/strong> Smart Cities<\/span><br \/>\n<span style=\"font-size: 14pt;color: #003300\"><strong>Cr\u00e9dits:<\/strong> 9<\/span><br \/>\n<span style=\"font-size: 14pt;color: #003300\"><strong>Coefficients:<\/strong> 1<\/span><\/p>\n<hr \/>\n<p><strong>Objectifs de l\u2019enseignement:<\/strong><br \/>\nLes villes intelligentes repr\u00e9sentent une opportunit\u00e9 de croissance substantielle dans les ann\u00e9es \u00e0 venir. Mais ils ont aussi leurs d\u00e9fis car ces projets sont assez complexes avec des espaces r\u00e9sidentiels et commerciaux soutenus par un r\u00e9seau d&rsquo;infrastructure pour l&rsquo;\u00e9nergie, les routes, l&rsquo;eau, le drainage et les eaux us\u00e9es. Un syst\u00e8me d&rsquo;information centralis\u00e9 bas\u00e9 sur les SIG fournit un cadre informatique qui int\u00e8gre non seulement tous les acteurs, mais aussi tous les aspects des processus de la ville intelligente &#8211; \u00e0 partir de la conceptualisation, de la planification et du d\u00e9veloppement jusqu&rsquo;\u00e0 la maintenance. Le SIG est d\u00e9ploy\u00e9 \u00e0 toutes les \u00e9tapes de la planification et du d\u00e9veloppement d&rsquo;une ville intelligente L\u2019objectif de ce module est d\u2019apprendre aux \u00e9tudiants comment mod\u00e9liser les Smart cities en utilisant les SIG 3D. d\u2019int\u00e9grer l\u2019ensemble des indicateurs relevant des \u00e9nergies renouvelables dans un syst\u00e8me centralis\u00e9 en repr\u00e9sentant les donn\u00e9es spatiale ment. Aussi les \u00e9tudiants doivent pouvoir int\u00e9grez les SIG avec la plupart des outils de conception, y compris la CAO et es BIM pour apporter une plus grande capacit\u00e9 d\u2019analyse.<\/p>\n<p><strong>Contenu de la mati\u00e8re:<\/strong><br \/>\n\u2022 Introduction aux SIGs<br \/>\n\u2022 SIG et environnement<br \/>\n\u2022 SIG et efficacit\u00e9 \u00e9nerg\u00e9tique<br \/>\n\u2022 Mod\u00e9lisation 3d des smart cities avec Esri City engine<br \/>\n\u2022 Int\u00e9gration SIG CAO Int\u00e9gration SIG BIM<\/p>\n<p><strong>Mode d\u2019\u00e9valuation:<\/strong><br \/>\nL\u2019\u00e9valuation se fait en continu avec des tests \u00e9crits durant la p\u00e9riode de formation.<br \/>\nUn examen final est programme \u00e0<br \/>\nla fin du semestre.<br \/>\nLa note finale est calcul\u00e9e selon la ponderation suivante :<br \/>\nNote_Finale = 0.4*Moy_Tests + 0.6*Examen<br \/>\nUn examen de rattrapage est organis\u00e9 pour les \u00e9tudiants ayant obtenu une note finale inf\u00e9rieure \u00e0 10.<\/p>\n<p><strong>R\u00e9f\u00e9rences:<\/strong><br \/>\n1- Smart Cities A Spatialised Intelligence, Antoine Picon, Chichester: Wiley, 2015<br \/>\n2- Smart Cities: Big Data, Civic Hackers, and the Quest for a New Utopia, Anthony M. Townsend<br \/>\n3- Smart Cities: Foundations, Principles, and Applications 1st Edition, by Houbing Song, Ravi<br \/>\nSrinivasan , Tamim Sookoor, Sabina Jeschke, Wiley, 2017<\/p>\n<p>Intitul\u00e9 du Master: Efficacit\u00e9 Energ\u00e9tique des B\u00e2timents<br \/>\nSemestre: Semestre III<br \/>\nIntitul\u00e9 de l\u2019UE: Unit\u00e9 d\u2019Enseignement M\u00e9thodologique 3<br \/>\nIntitul\u00e9 de la mati\u00e8re: TP en Thermique des B\u00e2timents<br \/>\nCr\u00e9dits: 4<br \/>\nCoefficients: 1<\/p>\n<p><strong>Objectifs de l\u2019enseignement:<\/strong><br \/>\nLa mesure de la conductivit\u00e9 thermique d\u2019un mat\u00e9riau est tr\u00e8s importante dans un certain nombre de contextes. Lorsque le mat\u00e9riau doit avoir un r\u00f4le d\u2019isolant \u00e9vitant les pertes thermiques comme<br \/>\npour les immeubles ou les maisons d\u2019habitation o\u00f9 on doit avoir le moins possible de transferts<br \/>\nthermiques \u00e0 travers les murs. Le calcul des d\u00e9perditions thermiques d\u2019un b\u00e2timent isol\u00e9 et non<br \/>\nisol\u00e9 est donc primordial Par ailleurs il faut d\u00e9finir l\u2019efficacit\u00e9 \u00e9nerg\u00e9tique de l\u2019habitat pour diminuer la consommation \u00e9nerg\u00e9tique d\u2019un b\u00e2timent et choisir un mat\u00e9riau isolant et son \u00e9paisseur conforme aux normes.<\/p>\n<p><strong>Contenu de la mati\u00e8re:<\/strong><br \/>\n&#8211; Mesure des propri\u00e9t\u00e9s thermophysiques des diff\u00e9rents mat\u00e9riaux solides \u00e9tudi\u00e9s dans le module de<br \/>\nmat\u00e9riaux de construction<br \/>\n&#8211; La conductivit\u00e9 thermique<br \/>\n&#8211; La diffusivit\u00e9 thermique<br \/>\n&#8211; La chaleur massique<br \/>\n&#8211; Mesure de la perm\u00e9abilit\u00e9 au gaz, vapeur d\u2019eau<br \/>\n&#8211; Mesure de la r\u00e9sistance thermique<br \/>\n&#8211; Mesure des flux de chaleur \u00e0 travers les parois<\/p>\n<p><strong>Mode d\u2019\u00e9valuation:<\/strong><br \/>\nEvaluation des comptes rendus des travaux pratiques<\/p>\n<p><strong>R\u00e9f\u00e9rences:<\/strong><br \/>\nManuels Op\u00e9ratoires<\/p>\n<p>&nbsp;<\/p>\n<hr \/>\n<p><span style=\"font-size: 14pt;color: #003300\"><strong>Intitul\u00e9 du Master:<\/strong> Efficacit\u00e9 Energ\u00e9tique des B\u00e2timents<\/span><br \/>\n<span style=\"font-size: 14pt;color: #003300\"><strong>Semestre:<\/strong> Semestre III<\/span><br \/>\n<span style=\"font-size: 14pt;color: #003300\"><strong>Intitul\u00e9 de l\u2019UE:<\/strong> Unit\u00e9 d\u2019Enseignemen t M\u00e9thodologique 3<\/span><br \/>\n<span style=\"font-size: 14pt;color: #003300\"><strong>Intitul\u00e9 de la mati\u00e8re:<\/strong> Techniques Exp\u00e9rimentales en Thermique<\/span><br \/>\n<span style=\"font-size: 14pt;color: #003300\"><strong>Cr\u00e9dits:<\/strong> 4<\/span><br \/>\n<span style=\"font-size: 14pt;color: #003300\"><strong>Coefficients:<\/strong> 1<\/span><\/p>\n<hr \/>\n<p><strong>Objectifs de l\u2019enseignement:<\/strong><br \/>\nLe module \u00abtechniques exp\u00e9rimentales en thermiques\u00bb a pour but d\u2019initier les \u00e9tudiants \u00e0 la mesure dont le r\u00e9sultat est central tant du point de vue fondamental que du point de vue appliqu\u00e9.<br \/>\nDans ce module, en plus du cours sur la mesure, une br\u00e8ve introduction sur l\u2019am\u00e9lioration de l\u2019efficacit\u00e9 \u00e9nerg\u00e9tique dans le secteur du b\u00e2timent sera fournie. Ceci permettra la r\u00e9alisation<br \/>\nd&rsquo;exp\u00e9riences simples et illustratives lors des s\u00e9ances de travaux pratiques.<\/p>\n<p><strong>Contenu de la mati\u00e8re:<\/strong><br \/>\n1. Analyse thermogravim\u00e9trique (ATG) et mesure de perte de masse<br \/>\n2. Analyse thermique par DSC<br \/>\n3. Mesure de la conductivit\u00e9 thermique<br \/>\n4. Diffusivit\u00e9 thermique<br \/>\n5. Mesure de l\u2019humidit\u00e9 et de la temp\u00e9rature<br \/>\n6. Mesure des conditions m\u00e9t\u00e9orologiques<br \/>\n7. Mesure du rayonnement solaire Evaluation de la consommation \u00e9nerg\u00e9tique<\/p>\n<p><strong>Mode d\u2019\u00e9valuation:<\/strong><br \/>\nL\u2019\u00e9valuation se fait en continu avec des tests \u00e9crits durant la p\u00e9riode de formation.<br \/>\nUn examen final est programme \u00e0 la fin du semestre.<br \/>\nLa note finale est calcul\u00e9e selon la ponderation suivante :<br \/>\nNote_Finale = 0.4*Moy_Tests + 0.6*Examen<br \/>\nUn examen de rattrapage est organis\u00e9 pour les \u00e9tudiants ayant obtenu une note finale inf\u00e9rieure \u00e0 10.<\/p>\n<p><strong>R\u00e9f\u00e9rences:<\/strong><br \/>\n1- Optimize the energy performance, comfort and value of commercial and industrial buildings,<br \/>\nRichard Franck, Guy Jover, Frank Hovorka \u201c \u201c. Eyrolles, 2014.<br \/>\n2- Caract\u00e9risation exp\u00e9rimentale des mat\u00e9riaux I: Propri\u00e9t\u00e9s physiques, thermiques et m\u00e9caniques &#8211;<br \/>\nTrait\u00e9 des mat\u00e9riaux &#8211; Volume 2, 2007, de Collectif PPUR<br \/>\n3- Techniques de caract\u00e9risation exp\u00e9rimentale des mat\u00e9riaux, 2015, de Mamoun Fellah<\/p>\n<p>&nbsp;<\/p>\n<hr \/>\n<p><span style=\"font-size: 14pt;color: #003300\"><strong>Intitul\u00e9 du Master:<\/strong> Efficacit\u00e9 Energ\u00e9tique des B\u00e2timents<\/span><br \/>\n<span style=\"font-size: 14pt;color: #003300\"><strong>Semestre:<\/strong> Semestre III<\/span><br \/>\n<span style=\"font-size: 14pt;color: #003300\"><strong>Intitul\u00e9 de l\u2019UE:<\/strong> Unit\u00e9 d\u2019Enseignement D\u00e9couverte 3<\/span><br \/>\n<span style=\"font-size: 14pt;color: #003300\"><strong>Intitul\u00e9 de la mati\u00e8re:<\/strong> B\u00e2timent \u00e0 Haute Qualit\u00e9 Environnementale<\/span><br \/>\n<span style=\"font-size: 14pt;color: #003300\"><strong>Cr\u00e9dits:<\/strong> 2<\/span><br \/>\n<span style=\"font-size: 14pt;color: #003300\"><strong>Coefficients:<\/strong> 1<\/span><\/p>\n<hr \/>\n<p><strong>Objectifs de l\u2019enseignement:<\/strong><br \/>\nL&rsquo;\u00e9tudiant aborde de mani\u00e8re pluridisciplinaire les probl\u00e9matiques \u00e9nerg\u00e9tiques, environnementales,<br \/>\n\u00e9conomiques et sociotechniques li\u00e9es au b\u00e2ti. V\u00e9ritables managers de l\u2019efficacit\u00e9 \u00e9nerg\u00e9tique, les futurs dipl\u00f4m\u00e9s concourront \u00e0 garantir la mise en place de projets \u00e9nerg\u00e9tiquement performants et<br \/>\nadapt\u00e9s \u00e0 l\u2019ensemble des enjeux actuels et futurs du secteur du b\u00e2timent.<\/p>\n<p><strong>Contenu de la mati\u00e8re:<\/strong><br \/>\n&#8211; Le b\u00e2timent \u00e9cologique.<br \/>\n&#8211; Le b\u00e2timent et le bioclimat.<br \/>\n&#8211; B\u00e2timent \u00e0 \u00e9nergie positive.<br \/>\n&#8211; B\u00e2timent autonome.<br \/>\n&#8211; B\u00e2timent \u00e0 basse consommation (BBC).<br \/>\n&#8211; Eco<br \/>\n&#8211; construction et \u00e9co<br \/>\n&#8211; habitat.<br \/>\n&#8211; Habitat passif.<\/p>\n<p><strong>Mode d\u2019\u00e9valuation:<\/strong><br \/>\nL\u2019\u00e9valuation se fait en continu avec des tests \u00e9crits durant la p\u00e9riode de formation.<br \/>\nUn examen final est programme \u00e0 la fin du semestre.<br \/>\nLa note finale est calcul\u00e9e selon la ponderation suivante :<br \/>\nNote_Finale = 0.4*Moy_Tests + 0.6*Examen<br \/>\nUn examen de rattrapage est organis\u00e9 pour les \u00e9tudiants ayant obtenu une note finale inf\u00e9rieure \u00e0 10.<\/p>\n<p><strong>R\u00e9f\u00e9rences:<\/strong><br \/>\n1- B\u00e2timent HQE et d\u00e9veloppement durable:<br \/>\nDans la perspective du Grenelle de l&rsquo;environnement, 2013, de Jean Hetzel<br \/>\n2- Guide de l&rsquo;architecture bioclimatique : Tome1, Construire avec le climat, 1996, de Alain<br \/>\nLi\u00e9bard et Andr\u00e9 De Herde<br \/>\n3- Guide de l&rsquo;architecture bioclimatique : Tome 2, Construire avec le climat, 1996, de Alain<br \/>\nLi\u00e9bard et Andr\u00e9 De Herde<br \/>\n4- Trait\u00e9 d&rsquo;architecture et d&rsquo;urbanisme bioclimatiques, 2006, de Alain Li\u00e9bard et Andr\u00e9 De Herde<\/p>\n<p>&nbsp;<\/p>\n<hr \/>\n<p><span style=\"font-size: 14pt;color: #003300\"><strong>Intitul\u00e9 du Master:<\/strong> Efficacit\u00e9 Energ\u00e9tique des B\u00e2timents<\/span><br \/>\n<span style=\"font-size: 14pt;color: #003300\"><strong>Semestre:<\/strong> Semestre III<\/span><br \/>\n<span style=\"font-size: 14pt;color: #003300\"><strong>Intitul\u00e9 de l\u2019UE:<\/strong> Unit\u00e9 d\u2019Enseignement D\u00e9couverte 3<\/span><br \/>\n<span style=\"font-size: 14pt;color: #003300\"><strong>Intitul\u00e9 de la mati\u00e8re:<\/strong> Anglais 3<\/span><br \/>\n<span style=\"font-size: 14pt;color: #003300\"><strong>Cr\u00e9dits:<\/strong> 2<\/span><br \/>\n<span style=\"font-size: 14pt;color: #003300\"><strong>Coefficients:<\/strong> 1<\/span><\/p>\n<hr \/>\n<p><strong>Objectifs de l\u2019enseignement:<\/strong><br \/>\nDans cette partie, l\u2019\u00e9tudiant aura \u00e0 pr\u00e9parer un mini-projet ayant une liaison avec la sp\u00e9cialit\u00e9 et de<br \/>\nl\u2019exposer en anglais devant ces camarades. Contenu de la mati\u00e8re: Les th\u00e8mes des mini-projets sont propos\u00e9s par les enseignants intervenant dans le Master.<\/p>\n<p><strong>Mode d\u2019\u00e9valuation:<\/strong><br \/>\nL\u2019\u00e9valuation se fait en continu avec des tests \u00e9crits durant la p\u00e9riode de formation.<br \/>\nUn examen final est programme \u00e0 la fin du semestre.<br \/>\nLa note finale est calcul\u00e9e selon la ponderation suivante :<br \/>\nNote_Finale = 0.4*Moy_Tests + 0.6*Examen<br \/>\nUn examen de rattrapage est organ<br \/>\nis\u00e9 pour les \u00e9tudiants ayant obtenu une note finale inf\u00e9rieure \u00e0 10.<\/p>\n<p><strong>R\u00e9f\u00e9rences:<\/strong><br \/>\n1. Basic technical English, Jeremy Comfort, Steve Hick, Allan Savage<br \/>\n2. Technical English 1 Course Book 1st Edition, by David Bonamy, Edition Pearson,<br \/>\n3. Technical English 2 Course Book 1st Edition, by David Bonamy, Edition Pearson,<br \/>\n4. Technical English 3 Course Book 1st Edition, by David Bonamy, Edition Pearson<\/p>\n<p>&nbsp;<\/p>\n<\/div>\n<\/div>\n<p>&nbsp;<\/p>\n","protected":false},"excerpt":{"rendered":"<p>| PROEMED MASTER | PROGRAMME | EFFECTIFS | EMPLOI DU TEMPS | Programme d\u00e9taill\u00e9 par mati\u00e8re (1 fiche d\u00e9taill\u00e9e par mati\u00e8re) | S1 | S2 | S3 | Intitul\u00e9 du &hellip;<\/p>\n","protected":false},"author":7,"featured_media":0,"parent":0,"menu_order":0,"comment_status":"closed","ping_status":"closed","template":"","meta":{"_coblocks_attr":"","_coblocks_dimensions":"","_coblocks_responsive_height":"","_coblocks_accordion_ie_support":"","footnotes":""},"class_list":["post-225","page","type-page","status-publish","hentry"],"_links":{"self":[{"href":"https:\/\/www.univ-mosta.dz\/fsei\/wp-json\/wp\/v2\/pages\/225","targetHints":{"allow":["GET"]}}],"collection":[{"href":"https:\/\/www.univ-mosta.dz\/fsei\/wp-json\/wp\/v2\/pages"}],"about":[{"href":"https:\/\/www.univ-mosta.dz\/fsei\/wp-json\/wp\/v2\/types\/page"}],"author":[{"embeddable":true,"href":"https:\/\/www.univ-mosta.dz\/fsei\/wp-json\/wp\/v2\/users\/7"}],"replies":[{"embeddable":true,"href":"https:\/\/www.univ-mosta.dz\/fsei\/wp-json\/wp\/v2\/comments?post=225"}],"version-history":[{"count":4,"href":"https:\/\/www.univ-mosta.dz\/fsei\/wp-json\/wp\/v2\/pages\/225\/revisions"}],"predecessor-version":[{"id":228,"href":"https:\/\/www.univ-mosta.dz\/fsei\/wp-json\/wp\/v2\/pages\/225\/revisions\/228"}],"wp:attachment":[{"href":"https:\/\/www.univ-mosta.dz\/fsei\/wp-json\/wp\/v2\/media?parent=225"}],"curies":[{"name":"wp","href":"https:\/\/api.w.org\/{rel}","templated":true}]}}