{"id":192,"date":"2018-12-03T14:54:04","date_gmt":"2018-12-03T13:54:04","guid":{"rendered":"http:\/\/www.univ-mosta.dz\/fsei\/?page_id=192"},"modified":"2018-12-03T15:23:47","modified_gmt":"2018-12-03T14:23:47","slug":"annonce-proemed","status":"publish","type":"page","link":"https:\/\/www.univ-mosta.dz\/fsei\/annonce-proemed\/","title":{"rendered":"Annonce PROEMED"},"content":{"rendered":"<p>&nbsp;<\/p>\n<p style=\"text-align: center\"><a href=\"https:\/\/www.univ-mosta.dz\/fsei\/proemedmaster\/\"><img loading=\"lazy\" decoding=\"async\" class=\"alignnone size-full wp-image-195\" src=\"http:\/\/www.univ-mosta.dz\/fsei\/wp-content\/uploads\/sites\/5\/2018\/12\/annonceproemed.png\" alt=\"\" width=\"3506\" height=\"759\" srcset=\"https:\/\/www.univ-mosta.dz\/fsei\/wp-content\/uploads\/sites\/5\/2018\/12\/annonceproemed.png 3506w, https:\/\/www.univ-mosta.dz\/fsei\/wp-content\/uploads\/sites\/5\/2018\/12\/annonceproemed-300x65.png 300w, https:\/\/www.univ-mosta.dz\/fsei\/wp-content\/uploads\/sites\/5\/2018\/12\/annonceproemed-768x166.png 768w, https:\/\/www.univ-mosta.dz\/fsei\/wp-content\/uploads\/sites\/5\/2018\/12\/annonceproemed-1024x222.png 1024w\" sizes=\"auto, (max-width: 3506px) 100vw, 3506px\" \/><\/a><br \/>\n<span style=\"font-size: 24pt\"><strong>Efficacit\u00e9 \u00c9nerg\u00e9tique des B\u00e2timents<\/strong><\/span><br \/>\n<span style=\"font-size: 14pt\"><strong>Master Degree Program<\/strong><\/span><br \/>\nERASMUS+ PROJECT : 573677-EPP-1-2016-1T-EPPKA2-CBHE-JP<br \/>\nConsortium de six universit\u00e9s \u2014 Alg\u00e9rie \u2014 Maroc &#8211; Tunisie<\/p>\n<p style=\"text-align: center\"><span style=\"font-size: 14pt\"><strong>OBJECTIF DE LA FORMATION<\/strong> <\/span><br \/>\nMise en place de programme de Master en Protection de l&rsquo;Environnement et l&rsquo;Efficacit\u00e9 Energ\u00e9tique des B\u00e2timents<\/p>\n<p>&nbsp;<\/p>\n<p style=\"text-align: center\"><img loading=\"lazy\" decoding=\"async\" class=\"alignnone size-full wp-image-197\" src=\"http:\/\/www.univ-mosta.dz\/fsei\/wp-content\/uploads\/sites\/5\/2018\/12\/Sans-titre.png\" alt=\"\" width=\"316\" height=\"64\" srcset=\"https:\/\/www.univ-mosta.dz\/fsei\/wp-content\/uploads\/sites\/5\/2018\/12\/Sans-titre.png 316w, https:\/\/www.univ-mosta.dz\/fsei\/wp-content\/uploads\/sites\/5\/2018\/12\/Sans-titre-300x61.png 300w\" sizes=\"auto, (max-width: 316px) 100vw, 316px\" \/><\/p>\n<p style=\"text-align: center\"><span style=\"font-size: 14pt\"><strong>CONDITIONS D&rsquo;ADMISSION<\/strong><\/span><\/p>\n<p style=\"text-align: center\">Titulaire d&rsquo;un dipl\u00f4me de graduation<br \/>\nIng\u00e9niorat*\/Licence LMD<br \/>\n-&gt; G\u00e9nie Civil<br \/>\n-&gt; Architecture<\/p>\n<p>&nbsp;<\/p>\n<p style=\"text-align: center\"><span style=\"font-size: 18pt\"><strong>CURRICULUM<\/strong><\/span><br \/>\n<span style=\"font-size: 14pt\">Mati\u00e8res d&rsquo;Enseignement<\/span><\/p>\n<p>&nbsp;<\/p>\n<p style=\"text-align: center\"><span style=\"font-size: 14pt\"><strong>SEMESTRE1<\/strong><\/span><\/p>\n<p style=\"text-align: center\"><img loading=\"lazy\" decoding=\"async\" class=\"alignnone size-full wp-image-199\" src=\"http:\/\/www.univ-mosta.dz\/fsei\/wp-content\/uploads\/sites\/5\/2018\/12\/as1.png\" alt=\"\" width=\"580\" height=\"176\" srcset=\"https:\/\/www.univ-mosta.dz\/fsei\/wp-content\/uploads\/sites\/5\/2018\/12\/as1.png 580w, https:\/\/www.univ-mosta.dz\/fsei\/wp-content\/uploads\/sites\/5\/2018\/12\/as1-300x91.png 300w\" sizes=\"auto, (max-width: 580px) 100vw, 580px\" \/><\/p>\n<p style=\"text-align: center\"><span style=\"font-size: 14pt\"><strong>SEMESTRE2<\/strong><\/span><\/p>\n<p style=\"text-align: center\"><img loading=\"lazy\" decoding=\"async\" class=\"alignnone size-full wp-image-200\" src=\"http:\/\/www.univ-mosta.dz\/fsei\/wp-content\/uploads\/sites\/5\/2018\/12\/as2.png\" alt=\"\" width=\"565\" height=\"200\" srcset=\"https:\/\/www.univ-mosta.dz\/fsei\/wp-content\/uploads\/sites\/5\/2018\/12\/as2.png 565w, https:\/\/www.univ-mosta.dz\/fsei\/wp-content\/uploads\/sites\/5\/2018\/12\/as2-300x106.png 300w\" sizes=\"auto, (max-width: 565px) 100vw, 565px\" \/><\/p>\n<p style=\"text-align: center\"><span style=\"font-size: 14pt\"><strong>SEMESTRE3<\/strong><\/span><\/p>\n<p style=\"text-align: center\"><img loading=\"lazy\" decoding=\"async\" class=\"alignnone size-full wp-image-201\" src=\"http:\/\/www.univ-mosta.dz\/fsei\/wp-content\/uploads\/sites\/5\/2018\/12\/as3.png\" alt=\"\" width=\"570\" height=\"186\" srcset=\"https:\/\/www.univ-mosta.dz\/fsei\/wp-content\/uploads\/sites\/5\/2018\/12\/as3.png 570w, https:\/\/www.univ-mosta.dz\/fsei\/wp-content\/uploads\/sites\/5\/2018\/12\/as3-300x98.png 300w\" sizes=\"auto, (max-width: 570px) 100vw, 570px\" \/><\/p>\n<p style=\"text-align: center\"><span style=\"font-size: 14pt\"><strong>SEMESTRE4<\/strong><\/span><\/p>\n<p style=\"text-align: center\">Projet de Master<\/p>\n<p>&nbsp;<\/p>\n<p><img loading=\"lazy\" decoding=\"async\" class=\"alignnone size-full wp-image-202\" src=\"http:\/\/www.univ-mosta.dz\/fsei\/wp-content\/uploads\/sites\/5\/2018\/12\/loguniv.png\" alt=\"\" width=\"981\" height=\"259\" srcset=\"https:\/\/www.univ-mosta.dz\/fsei\/wp-content\/uploads\/sites\/5\/2018\/12\/loguniv.png 981w, https:\/\/www.univ-mosta.dz\/fsei\/wp-content\/uploads\/sites\/5\/2018\/12\/loguniv-300x79.png 300w, https:\/\/www.univ-mosta.dz\/fsei\/wp-content\/uploads\/sites\/5\/2018\/12\/loguniv-768x203.png 768w\" sizes=\"auto, (max-width: 981px) 100vw, 981px\" \/><\/p>\n","protected":false},"excerpt":{"rendered":"<p>&nbsp; Efficacit\u00e9 \u00c9nerg\u00e9tique des B\u00e2timents Master Degree Program ERASMUS+ PROJECT : 573677-EPP-1-2016-1T-EPPKA2-CBHE-JP Consortium de six universit\u00e9s \u2014 Alg\u00e9rie \u2014 Maroc &#8211; Tunisie OBJECTIF DE LA FORMATION Mise en place de &hellip;<\/p>\n","protected":false},"author":7,"featured_media":0,"parent":0,"menu_order":0,"comment_status":"closed","ping_status":"closed","template":"","meta":{"_coblocks_attr":"","_coblocks_dimensions":"","_coblocks_responsive_height":"","_coblocks_accordion_ie_support":"","footnotes":""},"class_list":["post-192","page","type-page","status-publish","hentry"],"_links":{"self":[{"href":"https:\/\/www.univ-mosta.dz\/fsei\/wp-json\/wp\/v2\/pages\/192","targetHints":{"allow":["GET"]}}],"collection":[{"href":"https:\/\/www.univ-mosta.dz\/fsei\/wp-json\/wp\/v2\/pages"}],"about":[{"href":"https:\/\/www.univ-mosta.dz\/fsei\/wp-json\/wp\/v2\/types\/page"}],"author":[{"embeddable":true,"href":"https:\/\/www.univ-mosta.dz\/fsei\/wp-json\/wp\/v2\/users\/7"}],"replies":[{"embeddable":true,"href":"https:\/\/www.univ-mosta.dz\/fsei\/wp-json\/wp\/v2\/comments?post=192"}],"version-history":[{"count":8,"href":"https:\/\/www.univ-mosta.dz\/fsei\/wp-json\/wp\/v2\/pages\/192\/revisions"}],"predecessor-version":[{"id":208,"href":"https:\/\/www.univ-mosta.dz\/fsei\/wp-json\/wp\/v2\/pages\/192\/revisions\/208"}],"wp:attachment":[{"href":"https:\/\/www.univ-mosta.dz\/fsei\/wp-json\/wp\/v2\/media?parent=192"}],"curies":[{"name":"wp","href":"https:\/\/api.w.org\/{rel}","templated":true}]}}