{"id":1719,"date":"2021-12-28T11:45:25","date_gmt":"2021-12-28T10:45:25","guid":{"rendered":"https:\/\/www.univ-mosta.dz\/fsei\/?page_id=1719"},"modified":"2022-01-02T01:45:27","modified_gmt":"2022-01-02T00:45:27","slug":"cpc-tcmi","status":"publish","type":"page","link":"https:\/\/www.univ-mosta.dz\/fsei\/cpc-tcmi\/","title":{"rendered":"CPC"},"content":{"rendered":"\n<div class=\"wp-block-uagb-advanced-heading uagb-block-5588ced9\"><h2 class=\"uagb-heading-text\"> Proc\u00e8s-Verbaux des r\u00e9unions du comit\u00e9 p\u00e9dagogique de coordination de la formation-D\u00e9partement de Tronc commun Math\u00e9matiques et informatique<\/h2><div class=\"uagb-separator-wrap\"><div class=\"uagb-separator\"><\/div><\/div><p class=\"uagb-desc-text\"><\/p><\/div>\n\n\n<a href=\"https:\/\/www.univ-mosta.dz\/fsei\/wp-content\/uploads\/sites\/5\/2022\/01\/MI.pdf\" class=\"pdfemb-viewer\" style=\"\" data-width=\"max\" data-height=\"max\" data-toolbar=\"both\" data-toolbar-fixed=\"on\">MI<\/a>\n<p class=\"wp-block-pdfemb-pdf-embedder-viewer\"><\/p>\n","protected":false},"excerpt":{"rendered":"<p>Proc\u00e8s-Verbaux des r\u00e9unions du comit\u00e9 p\u00e9dagogique de coordination de la formation-D\u00e9partement de Tronc commun Math\u00e9matiques et informatique MI<\/p>\n","protected":false},"author":16,"featured_media":0,"parent":0,"menu_order":0,"comment_status":"closed","ping_status":"closed","template":"","meta":{"_coblocks_attr":"","_coblocks_dimensions":"","_coblocks_responsive_height":"","_coblocks_accordion_ie_support":"","footnotes":""},"class_list":["post-1719","page","type-page","status-publish","hentry"],"_links":{"self":[{"href":"https:\/\/www.univ-mosta.dz\/fsei\/wp-json\/wp\/v2\/pages\/1719","targetHints":{"allow":["GET"]}}],"collection":[{"href":"https:\/\/www.univ-mosta.dz\/fsei\/wp-json\/wp\/v2\/pages"}],"about":[{"href":"https:\/\/www.univ-mosta.dz\/fsei\/wp-json\/wp\/v2\/types\/page"}],"author":[{"embeddable":true,"href":"https:\/\/www.univ-mosta.dz\/fsei\/wp-json\/wp\/v2\/users\/16"}],"replies":[{"embeddable":true,"href":"https:\/\/www.univ-mosta.dz\/fsei\/wp-json\/wp\/v2\/comments?post=1719"}],"version-history":[{"count":7,"href":"https:\/\/www.univ-mosta.dz\/fsei\/wp-json\/wp\/v2\/pages\/1719\/revisions"}],"predecessor-version":[{"id":1845,"href":"https:\/\/www.univ-mosta.dz\/fsei\/wp-json\/wp\/v2\/pages\/1719\/revisions\/1845"}],"wp:attachment":[{"href":"https:\/\/www.univ-mosta.dz\/fsei\/wp-json\/wp\/v2\/media?parent=1719"}],"curies":[{"name":"wp","href":"https:\/\/api.w.org\/{rel}","templated":true}]}}