{"id":1624,"date":"2021-12-15T14:13:03","date_gmt":"2021-12-15T13:13:03","guid":{"rendered":"https:\/\/www.univ-mosta.dz\/fsei\/?page_id=1624"},"modified":"2025-05-17T23:59:53","modified_gmt":"2025-05-17T21:59:53","slug":"vice-doyen-de-la-pedagogie","status":"publish","type":"page","link":"https:\/\/www.univ-mosta.dz\/fsei\/vice-doyen-de-la-pedagogie\/","title":{"rendered":"Vice doyen de la p\u00e9dagogie"},"content":{"rendered":"\n<h2 class=\"wp-block-heading\">Dr Benameur Abdelkader<\/h2>\n\n\n\n<h3 data-start=\"138\" data-end=\"181\">Vice-Doyen Charg\u00e9 de la P\u00e9dagogie<\/h3>\n<p data-start=\"183\" data-end=\"472\">Le <strong data-start=\"186\" data-end=\"223\">Vice-Doyen charg\u00e9 de la p\u00e9dagogie<\/strong> occupe une fonction essentielle au sein de la facult\u00e9. Il est responsable de l&rsquo;organisation, de la coordination et du suivi des activit\u00e9s p\u00e9dagogiques, en \u00e9troite collaboration avec le doyen, les chefs de d\u00e9partements et le personnel administratif.<\/p>\n<h4 data-start=\"474\" data-end=\"505\">Ses principales missions :<\/h4>\n<ul data-start=\"507\" data-end=\"1215\">\n<li data-start=\"507\" data-end=\"627\">\n<p data-start=\"509\" data-end=\"627\">Superviser <strong data-start=\"523\" data-end=\"559\">l\u2019organisation des enseignements<\/strong> (emplois du temps, r\u00e9partition des modules, progression des cours).<\/p>\n<\/li>\n<li data-start=\"628\" data-end=\"734\">\n<p data-start=\"630\" data-end=\"734\">Coordonner <strong data-start=\"644\" data-end=\"692\">la pr\u00e9paration et le d\u00e9roulement des examens<\/strong> (plannings, surveillance, d\u00e9lib\u00e9rations).<\/p>\n<\/li>\n<li data-start=\"735\" data-end=\"858\">\n<p data-start=\"737\" data-end=\"858\">Assurer <strong data-start=\"751\" data-end=\"789\">le suivi p\u00e9dagogique des \u00e9tudiants<\/strong> : inscriptions p\u00e9dagogiques, r\u00e9clamations, transferts, attestations.<\/p>\n<\/li>\n<li data-start=\"859\" data-end=\"980\">\n<p data-start=\"861\" data-end=\"980\">Accompagner <strong data-start=\"879\" data-end=\"898\">les enseignants<\/strong> dans l\u2019application des programmes et la mise en \u0153uvre des approches p\u00e9dagogiques.<\/p>\n<\/li>\n<li data-start=\"981\" data-end=\"1105\">\n<p data-start=\"983\" data-end=\"1105\">Veiller \u00e0 <strong data-start=\"996\" data-end=\"1026\">la qualit\u00e9 de la formation<\/strong> et au respect des r\u00e8gles p\u00e9dagogiques fix\u00e9es par le minist\u00e8re ou l\u2019universit\u00e9.<\/p>\n<\/li>\n<li data-start=\"1106\" data-end=\"1215\">\n<p data-start=\"1108\" data-end=\"1215\">Participer aux <strong data-start=\"1126\" data-end=\"1154\">commissions p\u00e9dagogiques<\/strong>, conseils de facult\u00e9 et d\u00e9cisions li\u00e9es \u00e0 la vie acad\u00e9mique.<\/p>\n<\/li>\n<\/ul>\n<p data-start=\"1217\" data-end=\"1366\">Le Vice-Doyen p\u00e9dagogique est un <strong data-start=\"1250\" data-end=\"1289\">acteur cl\u00e9 de la r\u00e9ussite \u00e9tudiante<\/strong>, garantissant une gestion rigoureuse et \u00e9quitable des parcours de formation.<\/p>\n","protected":false},"excerpt":{"rendered":"<p>Dr Benameur Abdelkader Vice-Doyen Charg\u00e9 de la P\u00e9dagogie Le Vice-Doyen charg\u00e9 de la p\u00e9dagogie occupe une fonction essentielle au sein de la facult\u00e9. Il est responsable de l&rsquo;organisation, de la &hellip;<\/p>\n","protected":false},"author":16,"featured_media":0,"parent":0,"menu_order":0,"comment_status":"closed","ping_status":"closed","template":"","meta":{"_coblocks_attr":"","_coblocks_dimensions":"","_coblocks_responsive_height":"","_coblocks_accordion_ie_support":"","footnotes":""},"class_list":["post-1624","page","type-page","status-publish","hentry"],"_links":{"self":[{"href":"https:\/\/www.univ-mosta.dz\/fsei\/wp-json\/wp\/v2\/pages\/1624","targetHints":{"allow":["GET"]}}],"collection":[{"href":"https:\/\/www.univ-mosta.dz\/fsei\/wp-json\/wp\/v2\/pages"}],"about":[{"href":"https:\/\/www.univ-mosta.dz\/fsei\/wp-json\/wp\/v2\/types\/page"}],"author":[{"embeddable":true,"href":"https:\/\/www.univ-mosta.dz\/fsei\/wp-json\/wp\/v2\/users\/16"}],"replies":[{"embeddable":true,"href":"https:\/\/www.univ-mosta.dz\/fsei\/wp-json\/wp\/v2\/comments?post=1624"}],"version-history":[{"count":4,"href":"https:\/\/www.univ-mosta.dz\/fsei\/wp-json\/wp\/v2\/pages\/1624\/revisions"}],"predecessor-version":[{"id":4596,"href":"https:\/\/www.univ-mosta.dz\/fsei\/wp-json\/wp\/v2\/pages\/1624\/revisions\/4596"}],"wp:attachment":[{"href":"https:\/\/www.univ-mosta.dz\/fsei\/wp-json\/wp\/v2\/media?parent=1624"}],"curies":[{"name":"wp","href":"https:\/\/api.w.org\/{rel}","templated":true}]}}