{"id":15,"date":"2018-10-25T01:38:49","date_gmt":"2018-10-24T23:38:49","guid":{"rendered":"http:\/\/www.univ-mosta.dz\/fsei\/?page_id=15"},"modified":"2024-12-17T09:26:19","modified_gmt":"2024-12-17T08:26:19","slug":"chimie","status":"publish","type":"page","link":"https:\/\/www.univ-mosta.dz\/fsei\/chimie\/","title":{"rendered":"Chimie"},"content":{"rendered":"<p><strong><img loading=\"lazy\" decoding=\"async\" class=\"alignnone size-full wp-image-293\" src=\"http:\/\/www.univ-mosta.dz\/fsei\/wp-content\/uploads\/sites\/5\/2018\/12\/chimban3.png\" alt=\"\" width=\"1024\" height=\"229\" srcset=\"https:\/\/www.univ-mosta.dz\/fsei\/wp-content\/uploads\/sites\/5\/2018\/12\/chimban3.png 1024w, https:\/\/www.univ-mosta.dz\/fsei\/wp-content\/uploads\/sites\/5\/2018\/12\/chimban3-300x67.png 300w, https:\/\/www.univ-mosta.dz\/fsei\/wp-content\/uploads\/sites\/5\/2018\/12\/chimban3-768x172.png 768w\" sizes=\"auto, (max-width: 1024px) 100vw, 1024px\" \/><\/strong><\/p>\n<p><strong>Chef de d\u00e9partement:<br \/>\u00a0 \u00a0 \u00a0 \u00a0 \u00a0Dr Charef TABTI<br \/>Adjoints:<br \/>\u00a0 \u00a0 \u00a0 \u00a0 \u00a0Mr Abdelkader Kadi<br \/>\u00a0 \u00a0 \u00a0 \u00a0 \u00a0Email : dpt_fsei_chimie@univ-mosta.dz<\/strong><\/p>\n<p>Le bureau est ouvert de 8h30 \u00e0 13h tous les jours sauf le vendredi et le samedi<br \/><strong><br \/>Le d\u00e9partement Chimie de la FSEI en chiffres :<\/strong><br \/>21 enseignants-chercheurs<\/p>\n<p><strong>Offres de Formations<\/strong><br \/>\u00a0 \u00a0 \u00a0 \u00a0 \u00a0 -Chimie Fondamentale (<strong>Licence<\/strong>)\u00a0<br \/>\u00a0 \u00a0 \u00a0 \u00a0 \u00a0 -Chimie Appliqu\u00e9e (<strong>Master<\/strong>)<\/p>\n<p>Les Capacit\u00e9s d\u2019accueil du d\u00e9partement dans ces sp\u00e9cialit\u00e9s peuvent aller jusqu\u2019a 20 \u00e9tudiants pour chaque Licence et Master.<\/p>\n<p><strong>Objectifs<\/strong><\/p>\n<p><strong>La chimie fondamentale<\/strong><\/p>\n<p style=\"padding-left: 30px\">Renforcer les connaissances tant sur le plan th\u00e9orique que le plan exp\u00e9rimental et pour acqu\u00e9rir les outils leur permettant de poursuivre les \u00e9tudes en Master et en Doctorat.<\/p>\n<p><strong>Chimie Appliqu\u00e9e<\/strong><\/p>\n<p style=\"padding-left: 30px\">Une formation propos\u00e9e conduit \u00e0 des postes de cadres des m\u00e9tiers de la recherche et d\u00e9veloppement dans le domaine de la chimie et de la<br \/>physico-chimie des mat\u00e9riaux : Conception, caract\u00e9risation, formulation\u2026dans des branches d\u2019activit\u00e9s professionnelles touchant \u00e0 des secteurs<br \/>aussi diversifi\u00e9s que la pharmacie, l\u2019environnement, les cosm\u00e9tiques, les industries \u00e9lectronique, p\u00e9troli\u00e8re, la chimie<\/p>\n\n\n<p><\/p>\n\n\n\n<p>Une formation propos\u00e9e conduit \u00e0 des postes de cadres des m\u00e9tiers de la recherche et d\u00e9veloppement dans le domaine de la chimie et de la<br>physico-chimie des mat\u00e9riaux : Conception, caract\u00e9risation, formulation\u2026dans des branches d\u2019activit\u00e9s professionnelles touchant \u00e0 des secteurs<br>aussi diversifi\u00e9s que la pharmacie, l\u2019environnement, les cosm\u00e9tiques, les industries \u00e9lectronique, p\u00e9troli\u00e8re, la chimie.<\/p>\n\n\n","protected":false},"excerpt":{"rendered":"<p>Chef de d\u00e9partement:\u00a0 \u00a0 \u00a0 \u00a0 \u00a0Dr Charef TABTIAdjoints:\u00a0 \u00a0 \u00a0 \u00a0 \u00a0Mr Abdelkader Kadi\u00a0 \u00a0 \u00a0 \u00a0 \u00a0Email : dpt_fsei_chimie@univ-mosta.dz Le bureau est ouvert de 8h30 \u00e0 13h tous &hellip;<\/p>\n","protected":false},"author":1,"featured_media":0,"parent":0,"menu_order":0,"comment_status":"closed","ping_status":"closed","template":"","meta":{"_coblocks_attr":"","_coblocks_dimensions":"","_coblocks_responsive_height":"","_coblocks_accordion_ie_support":"","footnotes":""},"class_list":["post-15","page","type-page","status-publish","hentry"],"_links":{"self":[{"href":"https:\/\/www.univ-mosta.dz\/fsei\/wp-json\/wp\/v2\/pages\/15","targetHints":{"allow":["GET"]}}],"collection":[{"href":"https:\/\/www.univ-mosta.dz\/fsei\/wp-json\/wp\/v2\/pages"}],"about":[{"href":"https:\/\/www.univ-mosta.dz\/fsei\/wp-json\/wp\/v2\/types\/page"}],"author":[{"embeddable":true,"href":"https:\/\/www.univ-mosta.dz\/fsei\/wp-json\/wp\/v2\/users\/1"}],"replies":[{"embeddable":true,"href":"https:\/\/www.univ-mosta.dz\/fsei\/wp-json\/wp\/v2\/comments?post=15"}],"version-history":[{"count":7,"href":"https:\/\/www.univ-mosta.dz\/fsei\/wp-json\/wp\/v2\/pages\/15\/revisions"}],"predecessor-version":[{"id":4353,"href":"https:\/\/www.univ-mosta.dz\/fsei\/wp-json\/wp\/v2\/pages\/15\/revisions\/4353"}],"wp:attachment":[{"href":"https:\/\/www.univ-mosta.dz\/fsei\/wp-json\/wp\/v2\/media?parent=15"}],"curies":[{"name":"wp","href":"https:\/\/api.w.org\/{rel}","templated":true}]}}