{"id":1436,"date":"2021-11-25T23:16:08","date_gmt":"2021-11-25T22:16:08","guid":{"rendered":"https:\/\/www.univ-mosta.dz\/fsei\/?page_id=1436"},"modified":"2025-01-26T11:46:21","modified_gmt":"2025-01-26T10:46:21","slug":"secretariat-general","status":"publish","type":"page","link":"https:\/\/www.univ-mosta.dz\/fsei\/secretariat-general\/","title":{"rendered":"Secr\u00e9tariat G\u00e9n\u00e9ral de la Facult\u00e9 FSEI"},"content":{"rendered":"\n<p>Mr Badra Houcine\u00a0<br \/>Email : housseyn.badra.etu@univ-mosta.dz\u00a0<br \/>T\u00e9l : 045366472\u00a0<\/p>\n","protected":false},"excerpt":{"rendered":"<p>Mr Badra Houcine\u00a0Email : housseyn.badra.etu@univ-mosta.dz\u00a0T\u00e9l : 045366472\u00a0<\/p>\n","protected":false},"author":16,"featured_media":0,"parent":0,"menu_order":0,"comment_status":"closed","ping_status":"closed","template":"","meta":{"_coblocks_attr":"","_coblocks_dimensions":"","_coblocks_responsive_height":"","_coblocks_accordion_ie_support":"","footnotes":""},"class_list":["post-1436","page","type-page","status-publish","hentry"],"_links":{"self":[{"href":"https:\/\/www.univ-mosta.dz\/fsei\/wp-json\/wp\/v2\/pages\/1436","targetHints":{"allow":["GET"]}}],"collection":[{"href":"https:\/\/www.univ-mosta.dz\/fsei\/wp-json\/wp\/v2\/pages"}],"about":[{"href":"https:\/\/www.univ-mosta.dz\/fsei\/wp-json\/wp\/v2\/types\/page"}],"author":[{"embeddable":true,"href":"https:\/\/www.univ-mosta.dz\/fsei\/wp-json\/wp\/v2\/users\/16"}],"replies":[{"embeddable":true,"href":"https:\/\/www.univ-mosta.dz\/fsei\/wp-json\/wp\/v2\/comments?post=1436"}],"version-history":[{"count":3,"href":"https:\/\/www.univ-mosta.dz\/fsei\/wp-json\/wp\/v2\/pages\/1436\/revisions"}],"predecessor-version":[{"id":4401,"href":"https:\/\/www.univ-mosta.dz\/fsei\/wp-json\/wp\/v2\/pages\/1436\/revisions\/4401"}],"wp:attachment":[{"href":"https:\/\/www.univ-mosta.dz\/fsei\/wp-json\/wp\/v2\/media?parent=1436"}],"curies":[{"name":"wp","href":"https:\/\/api.w.org\/{rel}","templated":true}]}}