{"id":13,"date":"2018-10-25T01:38:27","date_gmt":"2018-10-24T23:38:27","guid":{"rendered":"http:\/\/www.univ-mosta.dz\/fsei\/?page_id=13"},"modified":"2018-12-06T09:39:59","modified_gmt":"2018-12-06T08:39:59","slug":"physique","status":"publish","type":"page","link":"https:\/\/www.univ-mosta.dz\/fsei\/physique\/","title":{"rendered":"Physique"},"content":{"rendered":"<p>Le d\u00e9partement de Physique compte parmi les d\u00e9partements les plus anciens de l\u2019Universit\u00e9 de Mostaganem. Les enseignements sont assur\u00e9s par une \u00e9quipe de formation constitu\u00e9e de 22 enseignants dont 11 de rang Magistral. Les capacit\u00e9s d\u2019accueil du d\u00e9partement est de 20 \u00e9tudiants pour chaque licence et Master<\/p>\n<p><span style=\"font-size: 14pt\"><strong>Licence<\/strong><\/span><br \/>\nBac + 3<\/p>\n<p>Les sciences de la mati\u00e8re concernent les domaines de la physique et de la chimie.<br \/>\n<strong>La premi\u00e8re ann\u00e9e (Tronc Commun \u2013 Sciences de la Mati\u00e8re)<\/strong> est commune avec la licence chimie. C\u2019est une ann\u00e9e d\u2019acquisition des connaissances fondamentales en physique et en chimie.<br \/>\n<strong>La deuxi\u00e8me ann\u00e9e (L2)<\/strong> Les mati\u00e8res essentielles de la physique moderne sont enseign\u00e9es conjointement \u00e0 une formation en math\u00e9matiques et informatique.<br \/>\n<strong>La troisi\u00e8me ann\u00e9e (L3)<\/strong> une formation approfondie et de haut niveau en physique fondamentale et appliqu\u00e9e initiant les \u00e9tudiants aux d\u00e9marches scientifiques de la recherche .<br \/>\nLe d\u00e9partement de physique assure dans le cadre du LMD la formation des \u00e9tudiants auxquels trois (03) parcours sont propos\u00e9s :<\/p>\n<p>-Physique fondamentale<br \/>\n-Physique des rayonnements<br \/>\n-Physique des mat\u00e9riaux<\/p>\n<p><span style=\"font-size: 14pt\"><strong>Master<\/strong><\/span><br \/>\nLicence + 2<\/p>\n<p><strong>Physique des mat\u00e9riaux<\/strong><\/p>\n<p>Comp\u00e9tence dans le domaine des sciences des mat\u00e9riaux.<br \/>\nCumule des informations sur les r\u00e9centes technologies dans le domaine exp\u00e9rimental de la caract\u00e9risation des mat\u00e9riaux.<br \/>\nD\u00e9veloppement des capacit\u00e9s de ma\u00eetrise des m\u00e9thodes num\u00e9riques et de simulation.<\/p>\n<p><strong>Les laboratoires<\/strong><\/p>\n<p>En troisi\u00e8me ann\u00e9e, il est possible de participer \u00e0 des travaux de recherche de laboratoires dits d\u2019int\u00e9gration. Ces travaux sont r\u00e9alis\u00e9s de mani\u00e8re autonome par l\u2019\u00e9tudiant, sous la supervision d\u2019un professeur du d\u00e9partement.<\/p>\n<p><strong>Les \u00c9tudes \u00e0 l\u2019\u00e9tranger<\/strong><\/p>\n<p>La Facult\u00e9 des Sciences Exactes et de l \u2019Informatique participe activement dans les projets de mobilit\u00e9 des \u00e9tudiants dans le cadre des programmes europ\u00e9ens ERASMUS.<br \/>\nDes bourses de mobilit\u00e9 dans les universit\u00e9s de l\u2019union europ\u00e9enne sont offertes chaque ann\u00e9e.<\/p>\n","protected":false},"excerpt":{"rendered":"<p>Le d\u00e9partement de Physique compte parmi les d\u00e9partements les plus anciens de l\u2019Universit\u00e9 de Mostaganem. Les enseignements sont assur\u00e9s par une \u00e9quipe de formation constitu\u00e9e de 22 enseignants dont 11 &hellip;<\/p>\n","protected":false},"author":1,"featured_media":0,"parent":0,"menu_order":0,"comment_status":"closed","ping_status":"closed","template":"","meta":{"_coblocks_attr":"","_coblocks_dimensions":"","_coblocks_responsive_height":"","_coblocks_accordion_ie_support":"","footnotes":""},"class_list":["post-13","page","type-page","status-publish","hentry"],"_links":{"self":[{"href":"https:\/\/www.univ-mosta.dz\/fsei\/wp-json\/wp\/v2\/pages\/13","targetHints":{"allow":["GET"]}}],"collection":[{"href":"https:\/\/www.univ-mosta.dz\/fsei\/wp-json\/wp\/v2\/pages"}],"about":[{"href":"https:\/\/www.univ-mosta.dz\/fsei\/wp-json\/wp\/v2\/types\/page"}],"author":[{"embeddable":true,"href":"https:\/\/www.univ-mosta.dz\/fsei\/wp-json\/wp\/v2\/users\/1"}],"replies":[{"embeddable":true,"href":"https:\/\/www.univ-mosta.dz\/fsei\/wp-json\/wp\/v2\/comments?post=13"}],"version-history":[{"count":4,"href":"https:\/\/www.univ-mosta.dz\/fsei\/wp-json\/wp\/v2\/pages\/13\/revisions"}],"predecessor-version":[{"id":290,"href":"https:\/\/www.univ-mosta.dz\/fsei\/wp-json\/wp\/v2\/pages\/13\/revisions\/290"}],"wp:attachment":[{"href":"https:\/\/www.univ-mosta.dz\/fsei\/wp-json\/wp\/v2\/media?parent=13"}],"curies":[{"name":"wp","href":"https:\/\/api.w.org\/{rel}","templated":true}]}}