{"id":1079,"date":"2021-01-25T23:53:04","date_gmt":"2021-01-25T22:53:04","guid":{"rendered":"http:\/\/www.univ-mosta.dz\/fsei\/?page_id=1079"},"modified":"2021-01-25T23:53:04","modified_gmt":"2021-01-25T22:53:04","slug":"revues-scientifiques-2021","status":"publish","type":"page","link":"https:\/\/www.univ-mosta.dz\/fsei\/revues-scientifiques-2021\/","title":{"rendered":"Revues Scientifiques 2021"},"content":{"rendered":"<h2>Cat\u00e9gorisation des revues scientifiques<\/h2>\n<h4><\/h4>\n<h5><\/h5>\n<h5><strong>Les listes des revues scientifiques de cat\u00e9gorie A et B, ainsi que, les listes des revues pr\u00e9datrices et \u00e9diteurs pr\u00e9dateurs pour :<\/strong><\/h5>\n<ul>\n<li><strong>l\u2019\u00e9dition 2021 rentrent en vigueur pour les articles soumis apr\u00e8s le 01 F\u00e9vrier 2021.<\/strong><\/li>\n<\/ul>\n<p>&nbsp;<\/p>\n<p><strong>Liste des revues scientifique cat\u00e9gorie A+<\/strong><\/p>\n<ul>\n<li style=\"list-style-type: none\">\n<ul>\n<li><a href=\"https:\/\/www.univ-mosta.dz\/fsei\/?page_id=765&amp;preview=true\">Liste des revues scientifique cat\u00e9gorie A+<\/a><\/li>\n<\/ul>\n<\/li>\n<\/ul>\n<p><strong>Liste des revues scientifique cat\u00e9gorie A<\/strong><\/p>\n<ul>\n<li style=\"list-style-type: none\">\n<ul>\n<li><a href=\"http:\/\/www.dgrsdt.dz\/DDTI\/Categorie_A.rar\" target=\"_blank\" rel=\"noopener\">Liste des revues scientifiques de Cat\u00e9gorie A\u00a0 (2021)<\/a><\/li>\n<\/ul>\n<\/li>\n<\/ul>\n<p><strong>Liste des revues scientifique cat\u00e9gorie B<\/strong><\/p>\n<p><a href=\"http:\/\/www.dgrsdt.dz\/DDTI\/Categorie_B.rar\" target=\"_blank\" rel=\"noopener\">Liste des revues scientifiques de Cat\u00e9gorie B ( 2020)<\/a><\/p>\n<ul>\n<li style=\"list-style-type: none\">\n<ul>\n<li><a href=\"https:\/\/drive.google.com\/file\/d\/1r7RLAvhCNMEt70QGrFcJJgwtUlsdCPLM\/view?usp=sharing\" target=\"_blank\" rel=\"noopener\">ABDC<\/a><\/li>\n<li><a href=\"https:\/\/drive.google.com\/file\/d\/1Pkr_oBnhbBixx48QuKYR5di-tAs9y1WC\/view?usp=sharing\" target=\"_blank\" rel=\"noopener\">ALLDATABASES<\/a><\/li>\n<li><a href=\"https:\/\/drive.google.com\/file\/d\/1Br4uw9JMHPC5rBhYWl6BqrEvOsxxjnp9\/view?usp=sharing\" target=\"_blank\" rel=\"noopener\">De Gruyter<\/a><\/li>\n<li><a href=\"https:\/\/drive.google.com\/file\/d\/1-RDZqeK-E2bw6tLzjrrmPKmnn3dBpiET\/view?usp=sharing\" target=\"_blank\" rel=\"noopener\">ERIH PLUS<\/a><\/li>\n<li><a href=\"https:\/\/drive.google.com\/file\/d\/1AjNuExhnMpWgk_DqB2mRFZiO6zNNmt_2\/view?usp=sharing\" target=\"_blank\" rel=\"noopener\">Journal quality list<\/a><\/li>\n<li><a href=\"https:\/\/drive.google.com\/file\/d\/1ZOqpnkzNW6iGqmxKbK0Q-loujroXjx3P\/view?usp=sharing\" target=\"_blank\" rel=\"noopener\">Liste AERES<\/a><\/li>\n<li><a href=\"https:\/\/drive.google.com\/file\/d\/1tuYI9PlfjFK5ncBdv40ZQIXnW4XeCHxM\/view?usp=sharing\" target=\"_blank\" rel=\"noopener\">Liste des revues scientifiques CNRS<\/a><\/li>\n<li><a href=\"https:\/\/drive.google.com\/file\/d\/185tyhHhXXO_KG9nclArqtzJ2blO7iy3Y\/view?usp=sharing\" target=\"_blank\" rel=\"noopener\">Liste SCOPUS<\/a><\/li>\n<li><a href=\"https:\/\/drive.google.com\/file\/d\/1LmnP-2Ka8AbE51jtKcTRziYw6XOEgxHF\/view?usp=sharing\" target=\"_blank\" rel=\"noopener\">Listes des revues scientifiques Financial Times<\/a><\/li>\n<\/ul>\n<\/li>\n<\/ul>\n<p><strong>Liste des Revues Pr\u00e9datrices, \u00c9diteurs pr\u00e9dateurs 2020<br \/>\n<\/strong><\/p>\n<ul>\n<li style=\"list-style-type: none\">\n<ul>\n<li><a href=\"http:\/\/www.dgrsdt.dz\/DDTI\/Liste_Revues_Predatrices_Editeurs_Predateurs.rar\" target=\"_blank\" rel=\"noopener\">Liste des revues scientifiques pr\u00e9datrices et Pr\u00e9dateurs<\/a><\/li>\n<\/ul>\n<\/li>\n<\/ul>\n","protected":false},"excerpt":{"rendered":"<p>Cat\u00e9gorisation des revues scientifiques Les listes des revues scientifiques de cat\u00e9gorie A et B, ainsi que, les listes des revues pr\u00e9datrices et \u00e9diteurs pr\u00e9dateurs pour : l\u2019\u00e9dition 2021 rentrent en &hellip;<\/p>\n","protected":false},"author":16,"featured_media":0,"parent":0,"menu_order":0,"comment_status":"closed","ping_status":"closed","template":"","meta":{"_coblocks_attr":"","_coblocks_dimensions":"","_coblocks_responsive_height":"","_coblocks_accordion_ie_support":"","footnotes":""},"class_list":["post-1079","page","type-page","status-publish","hentry"],"_links":{"self":[{"href":"https:\/\/www.univ-mosta.dz\/fsei\/wp-json\/wp\/v2\/pages\/1079","targetHints":{"allow":["GET"]}}],"collection":[{"href":"https:\/\/www.univ-mosta.dz\/fsei\/wp-json\/wp\/v2\/pages"}],"about":[{"href":"https:\/\/www.univ-mosta.dz\/fsei\/wp-json\/wp\/v2\/types\/page"}],"author":[{"embeddable":true,"href":"https:\/\/www.univ-mosta.dz\/fsei\/wp-json\/wp\/v2\/users\/16"}],"replies":[{"embeddable":true,"href":"https:\/\/www.univ-mosta.dz\/fsei\/wp-json\/wp\/v2\/comments?post=1079"}],"version-history":[{"count":1,"href":"https:\/\/www.univ-mosta.dz\/fsei\/wp-json\/wp\/v2\/pages\/1079\/revisions"}],"predecessor-version":[{"id":1080,"href":"https:\/\/www.univ-mosta.dz\/fsei\/wp-json\/wp\/v2\/pages\/1079\/revisions\/1080"}],"wp:attachment":[{"href":"https:\/\/www.univ-mosta.dz\/fsei\/wp-json\/wp\/v2\/media?parent=1079"}],"curies":[{"name":"wp","href":"https:\/\/api.w.org\/{rel}","templated":true}]}}