{"id":909,"date":"2020-12-21T20:27:51","date_gmt":"2020-12-21T19:27:51","guid":{"rendered":"http:\/\/www.univ-mosta.dz\/fle\/?page_id=909"},"modified":"2020-12-21T20:44:02","modified_gmt":"2020-12-21T19:44:02","slug":"echeancier-des-reunions-du-conseil-scientifique-de-la-faculte-et-des-comites-scientifiques-des-departements","status":"publish","type":"page","link":"https:\/\/www.univ-mosta.dz\/fle\/echeancier-des-reunions-du-conseil-scientifique-de-la-faculte-et-des-comites-scientifiques-des-departements\/","title":{"rendered":"csf"},"content":{"rendered":"<p>\u00c9ch\u00e9ancier\u00a0 des r\u00e9unions du conseil scientifique de la Facult\u00e9 et des comit\u00e9s scientifiques des d\u00e9partements\u00a0<a href=\"http:\/\/www.univ-mosta.dz\/fle\/wp-content\/uploads\/sites\/2\/2020\/12\/calendrier-csf-2021.pdf\"><img loading=\"lazy\" decoding=\"async\" class=\"\" src=\"https:\/\/www.gif-maniac.com\/gifs\/54\/53595.gif\" alt=\"Gifs Download animes, Images transparentes Download\" width=\"65\" height=\"65\" \/><\/a><\/p>\n<p>&nbsp;<\/p>\n<p>&nbsp;<\/p>\n<p>&nbsp;<\/p>\n","protected":false},"excerpt":{"rendered":"<p>\u00c9ch\u00e9ancier\u00a0 des r\u00e9unions du conseil scientifique de la Facult\u00e9 et des comit\u00e9s scientifiques des d\u00e9partements\u00a0 &nbsp; &nbsp; &nbsp;<\/p>\n","protected":false},"author":18,"featured_media":0,"parent":0,"menu_order":0,"comment_status":"closed","ping_status":"closed","template":"","meta":{"_coblocks_attr":"","_coblocks_dimensions":"","_coblocks_responsive_height":"","_coblocks_accordion_ie_support":"","footnotes":""},"class_list":["post-909","page","type-page","status-publish","hentry"],"_links":{"self":[{"href":"https:\/\/www.univ-mosta.dz\/fle\/wp-json\/wp\/v2\/pages\/909","targetHints":{"allow":["GET"]}}],"collection":[{"href":"https:\/\/www.univ-mosta.dz\/fle\/wp-json\/wp\/v2\/pages"}],"about":[{"href":"https:\/\/www.univ-mosta.dz\/fle\/wp-json\/wp\/v2\/types\/page"}],"author":[{"embeddable":true,"href":"https:\/\/www.univ-mosta.dz\/fle\/wp-json\/wp\/v2\/users\/18"}],"replies":[{"embeddable":true,"href":"https:\/\/www.univ-mosta.dz\/fle\/wp-json\/wp\/v2\/comments?post=909"}],"version-history":[{"count":8,"href":"https:\/\/www.univ-mosta.dz\/fle\/wp-json\/wp\/v2\/pages\/909\/revisions"}],"predecessor-version":[{"id":923,"href":"https:\/\/www.univ-mosta.dz\/fle\/wp-json\/wp\/v2\/pages\/909\/revisions\/923"}],"wp:attachment":[{"href":"https:\/\/www.univ-mosta.dz\/fle\/wp-json\/wp\/v2\/media?parent=909"}],"curies":[{"name":"wp","href":"https:\/\/api.w.org\/{rel}","templated":true}]}}