{"id":892,"date":"2020-12-10T22:02:29","date_gmt":"2020-12-10T21:02:29","guid":{"rendered":"http:\/\/www.univ-mosta.dz\/fle\/?page_id=892"},"modified":"2020-12-10T22:23:24","modified_gmt":"2020-12-10T21:23:24","slug":"emplois","status":"publish","type":"page","link":"https:\/\/www.univ-mosta.dz\/fle\/emplois\/","title":{"rendered":"emplois"},"content":{"rendered":"<p><strong><span style=\"color: #0000ff\">LES EMPLOIS DU TEMPS DES COURS POUR LES L1<\/span><\/strong><\/p>\n<p><span style=\"color: #0000ff\"><strong><a href=\"http:\/\/www.univ-mosta.dz\/fle\/wp-content\/uploads\/sites\/2\/2020\/09\/Planning-des-cours-de-revision-du-departement-danglais.pdf\"><img loading=\"lazy\" decoding=\"async\" class=\"\" src=\"https:\/\/www.gifgratis.net\/gifs_animes\/boutons_web\/51.gif\" alt=\"EMOTICON boutons web 51\" width=\"20\" height=\"20\" \/><\/a>\u00a0D\u00e9partement de langue anglaise<\/strong><\/span><\/p>\n<p style=\"padding-left: 80px\"><img loading=\"lazy\" decoding=\"async\" class=\"alignnone size-full wp-image-455\" src=\"http:\/\/www.univ-mosta.dz\/fle\/wp-content\/uploads\/sites\/2\/2020\/09\/frecciag.gif\" alt=\"\" width=\"25\" height=\"13\" \/> <a href=\"http:\/\/www.univ-mosta.dz\/fle\/wp-content\/uploads\/sites\/2\/2020\/12\/EMPLOIS-DU-TEMPS-L1-ANGLAIS.pdf\">1er ann\u00e9e licence<\/a><\/p>\n<p><span style=\"color: #0000ff\"><strong><a href=\"http:\/\/www.univ-mosta.dz\/fle\/wp-content\/uploads\/sites\/2\/2020\/09\/Planning-des-cours-de-revision-du-departement-danglais.pdf\"><img loading=\"lazy\" decoding=\"async\" class=\"\" src=\"https:\/\/www.gifgratis.net\/gifs_animes\/boutons_web\/51.gif\" alt=\"EMOTICON boutons web 51\" width=\"20\" height=\"20\" \/>\u00a0<\/a>D\u00e9partement de langue fran\u00e7aise<\/strong><\/span><\/p>\n<p style=\"padding-left: 80px\"><img loading=\"lazy\" decoding=\"async\" class=\"alignnone size-full wp-image-455\" src=\"http:\/\/www.univ-mosta.dz\/fle\/wp-content\/uploads\/sites\/2\/2020\/09\/frecciag.gif\" alt=\"\" width=\"25\" height=\"13\" \/> <a href=\"http:\/\/www.univ-mosta.dz\/fle\/wp-content\/uploads\/sites\/2\/2020\/12\/EMPLOIS-DU-TEMPS-L1-FRANCAIS.xlsx\">1er ann\u00e9e licence<\/a><\/p>\n<p><span style=\"color: #0000ff\"><strong> <a href=\"http:\/\/www.univ-mosta.dz\/fle\/wp-content\/uploads\/sites\/2\/2020\/09\/Planning-des-cours-de-revision-du-departement-danglais.pdf\"><img loading=\"lazy\" decoding=\"async\" class=\"\" src=\"https:\/\/www.gifgratis.net\/gifs_animes\/boutons_web\/51.gif\" alt=\"EMOTICON boutons web 51\" width=\"20\" height=\"20\" \/><\/a> D\u00e9partement de langue espagnole<\/strong><\/span><\/p>\n<p style=\"padding-left: 80px\"><a href=\"http:\/\/www.univ-mosta.dz\/fle\/wp-content\/uploads\/sites\/2\/2020\/09\/Planning-des-cours-de-revision-du-departement-danglais.pdf\"><img loading=\"lazy\" decoding=\"async\" class=\"alignnone size-full wp-image-455\" src=\"http:\/\/www.univ-mosta.dz\/fle\/wp-content\/uploads\/sites\/2\/2020\/09\/frecciag.gif\" alt=\"\" width=\"25\" height=\"13\" \/><\/a> <a href=\"http:\/\/www.univ-mosta.dz\/fle\/wp-content\/uploads\/sites\/2\/2020\/12\/EMPLOIS-DU-TEMPS-L1-ESPAGNOL.pdf\">1er ann\u00e9e licence<\/a><\/p>\n<div><span style=\"color: #0000ff;font-family: arial, helvetica, sans-serif\"><b><img loading=\"lazy\" decoding=\"async\" class=\"\" src=\"https:\/\/www.gifgratis.net\/gifs_animes\/boutons_web\/200.gif\" alt=\"EMOTICON boutons web 200\" width=\"14\" height=\"14\" \/>\u00a0 LES COURS EN PR\u00c9SENTIEL COMMENCERONT LE MARDI 15\/12\/2020 POUR LES L1.<\/b><\/span><\/div>\n<div><a href=\"https:\/\/www.univ-mosta.dz\/fle\/\"><img loading=\"lazy\" decoding=\"async\" class=\"size-full wp-image-490 alignright\" src=\"http:\/\/www.univ-mosta.dz\/fle\/wp-content\/uploads\/sites\/2\/2020\/09\/retour-suivant-gif-029.gif\" alt=\"\" width=\"120\" height=\"22\" \/><\/a><\/div>\n<p>&nbsp;<\/p>\n","protected":false},"excerpt":{"rendered":"<p>LES EMPLOIS DU TEMPS DES COURS POUR LES L1 \u00a0D\u00e9partement de langue anglaise 1er ann\u00e9e licence \u00a0D\u00e9partement de langue fran\u00e7aise 1er ann\u00e9e licence D\u00e9partement de langue espagnole 1er ann\u00e9e licence &hellip;<\/p>\n","protected":false},"author":18,"featured_media":0,"parent":0,"menu_order":0,"comment_status":"closed","ping_status":"closed","template":"","meta":{"_coblocks_attr":"","_coblocks_dimensions":"","_coblocks_responsive_height":"","_coblocks_accordion_ie_support":"","footnotes":""},"class_list":["post-892","page","type-page","status-publish","hentry"],"_links":{"self":[{"href":"https:\/\/www.univ-mosta.dz\/fle\/wp-json\/wp\/v2\/pages\/892","targetHints":{"allow":["GET"]}}],"collection":[{"href":"https:\/\/www.univ-mosta.dz\/fle\/wp-json\/wp\/v2\/pages"}],"about":[{"href":"https:\/\/www.univ-mosta.dz\/fle\/wp-json\/wp\/v2\/types\/page"}],"author":[{"embeddable":true,"href":"https:\/\/www.univ-mosta.dz\/fle\/wp-json\/wp\/v2\/users\/18"}],"replies":[{"embeddable":true,"href":"https:\/\/www.univ-mosta.dz\/fle\/wp-json\/wp\/v2\/comments?post=892"}],"version-history":[{"count":6,"href":"https:\/\/www.univ-mosta.dz\/fle\/wp-json\/wp\/v2\/pages\/892\/revisions"}],"predecessor-version":[{"id":905,"href":"https:\/\/www.univ-mosta.dz\/fle\/wp-json\/wp\/v2\/pages\/892\/revisions\/905"}],"wp:attachment":[{"href":"https:\/\/www.univ-mosta.dz\/fle\/wp-json\/wp\/v2\/media?parent=892"}],"curies":[{"name":"wp","href":"https:\/\/api.w.org\/{rel}","templated":true}]}}