{"id":860,"date":"2020-12-06T06:28:33","date_gmt":"2020-12-06T05:28:33","guid":{"rendered":"http:\/\/www.univ-mosta.dz\/fle\/?page_id=860"},"modified":"2020-12-06T06:33:14","modified_gmt":"2020-12-06T05:33:14","slug":"arret","status":"publish","type":"page","link":"https:\/\/www.univ-mosta.dz\/fle\/arret\/","title":{"rendered":"arret"},"content":{"rendered":"<p><span style=\"font-size: 14pt;color: #0000ff\">Dans le cadre de la pr\u00e9paration de la rentr\u00e9e doctorale au titre de l&rsquo;ann\u00e9e universitaire 2020-2021, vous trouverez ci-joints.<a href=\"http:\/\/www.univ-mosta.dz\/fle\/wp-content\/uploads\/sites\/2\/2020\/12\/Arrete_962_FD-LMD_02-12-2020_Annexes_umab_fr.pdf\"><img loading=\"lazy\" decoding=\"async\" class=\"\" src=\"https:\/\/www.univ-usto.dz\/faculte\/fac-snv\/images\/imagSNV\/cliquez-ici.gif\" alt=\"Les pathologies communicationnelles dans l'enseignement sup\u00e9rieur \u2013 Facult\u00e9 des langues \u00e9trang\u00e8res\" width=\"97\" height=\"30\" \/><\/a> <\/span><\/p>\n<p style=\"text-align: center\">\n","protected":false},"excerpt":{"rendered":"<p>Dans le cadre de la pr\u00e9paration de la rentr\u00e9e doctorale au titre de l&rsquo;ann\u00e9e universitaire 2020-2021, vous trouverez ci-joints.<\/p>\n","protected":false},"author":18,"featured_media":0,"parent":0,"menu_order":0,"comment_status":"closed","ping_status":"closed","template":"","meta":{"_coblocks_attr":"","_coblocks_dimensions":"","_coblocks_responsive_height":"","_coblocks_accordion_ie_support":"","footnotes":""},"class_list":["post-860","page","type-page","status-publish","hentry"],"_links":{"self":[{"href":"https:\/\/www.univ-mosta.dz\/fle\/wp-json\/wp\/v2\/pages\/860","targetHints":{"allow":["GET"]}}],"collection":[{"href":"https:\/\/www.univ-mosta.dz\/fle\/wp-json\/wp\/v2\/pages"}],"about":[{"href":"https:\/\/www.univ-mosta.dz\/fle\/wp-json\/wp\/v2\/types\/page"}],"author":[{"embeddable":true,"href":"https:\/\/www.univ-mosta.dz\/fle\/wp-json\/wp\/v2\/users\/18"}],"replies":[{"embeddable":true,"href":"https:\/\/www.univ-mosta.dz\/fle\/wp-json\/wp\/v2\/comments?post=860"}],"version-history":[{"count":3,"href":"https:\/\/www.univ-mosta.dz\/fle\/wp-json\/wp\/v2\/pages\/860\/revisions"}],"predecessor-version":[{"id":866,"href":"https:\/\/www.univ-mosta.dz\/fle\/wp-json\/wp\/v2\/pages\/860\/revisions\/866"}],"wp:attachment":[{"href":"https:\/\/www.univ-mosta.dz\/fle\/wp-json\/wp\/v2\/media?parent=860"}],"curies":[{"name":"wp","href":"https:\/\/api.w.org\/{rel}","templated":true}]}}