{"id":839,"date":"2020-11-30T06:00:33","date_gmt":"2020-11-30T05:00:33","guid":{"rendered":"http:\/\/www.univ-mosta.dz\/fle\/?page_id=839"},"modified":"2020-11-30T06:25:09","modified_gmt":"2020-11-30T05:25:09","slug":"retrait","status":"publish","type":"page","link":"https:\/\/www.univ-mosta.dz\/fle\/retrait\/","title":{"rendered":"RETRAIT"},"content":{"rendered":"<p><strong>Planning pour retrait des attestations d\u2019inscription en Master 1 et le dossier \u00e0 fournir<\/strong><\/p>\n<p>&nbsp;<\/p>\n<table style=\"border-color: #000000;width: 696px\" width=\"696\">\n<tbody>\n<tr>\n<td style=\"text-align: center\" width=\"217\"><strong>Fili\u00e8re<\/strong><\/td>\n<td style=\"text-align: center\" width=\"293\"><strong>\u00c9ch\u00e9ancier<\/strong><\/td>\n<td style=\"text-align: center\" width=\"185\"><strong>Horaire<\/strong><\/td>\n<\/tr>\n<tr>\n<td style=\"text-align: center\" width=\"217\"><strong>Langue Anglaise<\/strong><\/td>\n<td style=\"text-align: center\" width=\"293\">du 30\/11 au\u00a0\u00a0 02\/12\/2020<\/td>\n<td style=\"text-align: center\" rowspan=\"3\" width=\"185\">de 13h30 \u00e0 16h<\/p>\n<p>\u00e0 l\u2019ITA<\/td>\n<\/tr>\n<tr>\n<td style=\"text-align: center\" width=\"217\"><strong>Langue fran\u00e7aise<\/strong><\/td>\n<td style=\"text-align: center\" width=\"293\">du03\/12 au 07\/12\/2020<\/td>\n<\/tr>\n<tr>\n<td style=\"text-align: center\" width=\"217\"><strong>Langue Espagnole<\/strong><\/td>\n<td style=\"text-align: center\" width=\"293\">du08\/12 au 10\/12\/2020<\/td>\n<\/tr>\n<\/tbody>\n<\/table>\n<p>&nbsp;<\/p>\n<p style=\"padding-left: 40px\"><strong>Dossier \u00e0 fournir\u00a0:<\/strong><\/p>\n<ul style=\"list-style-type: circle\">\n<li>Copie du Bac<\/li>\n<li>Copie du dipl\u00f4me de Licence<\/li>\n<li>Copie des relev\u00e9s de notes<\/li>\n<li>Extrait de naissance<\/li>\n<li>2 photos<\/li>\n<li>Frais d&rsquo;inscription 200 DA<\/li>\n<\/ul>\n<p><span style=\"font-size: 14pt\">Pour t\u00e9l\u00e9charger le planning et le dossier cliquez ici<\/span>\u00a0 <a href=\"http:\/\/www.univ-mosta.dz\/fle\/wp-content\/uploads\/sites\/2\/2020\/11\/PLANNING.pdf\"><img decoding=\"async\" src=\"https:\/\/www.gifsanimes.com\/data\/media\/1096\/signes-et-boutons-cliquez-ici-image-animee-0005.gif\" alt=\"signes-et-boutons-cliquez-ici-image-animee-0005\" \/><\/a><\/p>\n","protected":false},"excerpt":{"rendered":"<p>Planning pour retrait des attestations d\u2019inscription en Master 1 et le dossier \u00e0 fournir &nbsp; Fili\u00e8re \u00c9ch\u00e9ancier Horaire Langue Anglaise du 30\/11 au\u00a0\u00a0 02\/12\/2020 de 13h30 \u00e0 16h \u00e0 l\u2019ITA &hellip;<\/p>\n","protected":false},"author":18,"featured_media":0,"parent":0,"menu_order":0,"comment_status":"closed","ping_status":"closed","template":"","meta":{"_coblocks_attr":"","_coblocks_dimensions":"","_coblocks_responsive_height":"","_coblocks_accordion_ie_support":"","footnotes":""},"class_list":["post-839","page","type-page","status-publish","hentry"],"_links":{"self":[{"href":"https:\/\/www.univ-mosta.dz\/fle\/wp-json\/wp\/v2\/pages\/839","targetHints":{"allow":["GET"]}}],"collection":[{"href":"https:\/\/www.univ-mosta.dz\/fle\/wp-json\/wp\/v2\/pages"}],"about":[{"href":"https:\/\/www.univ-mosta.dz\/fle\/wp-json\/wp\/v2\/types\/page"}],"author":[{"embeddable":true,"href":"https:\/\/www.univ-mosta.dz\/fle\/wp-json\/wp\/v2\/users\/18"}],"replies":[{"embeddable":true,"href":"https:\/\/www.univ-mosta.dz\/fle\/wp-json\/wp\/v2\/comments?post=839"}],"version-history":[{"count":6,"href":"https:\/\/www.univ-mosta.dz\/fle\/wp-json\/wp\/v2\/pages\/839\/revisions"}],"predecessor-version":[{"id":849,"href":"https:\/\/www.univ-mosta.dz\/fle\/wp-json\/wp\/v2\/pages\/839\/revisions\/849"}],"wp:attachment":[{"href":"https:\/\/www.univ-mosta.dz\/fle\/wp-json\/wp\/v2\/media?parent=839"}],"curies":[{"name":"wp","href":"https:\/\/api.w.org\/{rel}","templated":true}]}}