{"id":826,"date":"2021-08-06T21:09:02","date_gmt":"2021-08-06T19:09:02","guid":{"rendered":"http:\/\/www.univ-mosta.dz\/fle\/?page_id=826"},"modified":"2021-09-13T20:22:12","modified_gmt":"2021-09-13T18:22:12","slug":"inscription2022m1","status":"publish","type":"page","link":"https:\/\/www.univ-mosta.dz\/fle\/inscription2022m1\/","title":{"rendered":"inscription2022m1"},"content":{"rendered":"<p style=\"text-align: center\"><span style=\"color: #3366ff\"><strong>ANNONCE AUX CANDIDATS AUX ETUDES DE MASTER\u00a0 &#8211; QUOTA DES 20%<\/strong><\/span><\/p>\n<p style=\"text-align: center\"><span style=\"color: #3366ff\"><strong>AU TITRE DE L\u2019ANNEE UNIVERSITAIRE 2021-2022<\/strong><\/span><\/p>\n<p>Les \u00e9tudiants de L3 promotion 2021 de la facult\u00e9 des langues \u00e9trang\u00e8res de l\u2019universit\u00e9 de Mostaganem ne sont pas concern\u00e9s par cette annonce.<\/p>\n<p>Les candidats du quota des 20% sont appel\u00e9s \u00e0 remplir le formulaire\u00a0et scanner et joindre les pi\u00e8ces justificatives demand\u00e9es jusqu\u2019au 17\/09\/2021.<\/p>\n<p>Le dossier en format papier \u00e0 d\u00e9poser au niveau de la scolarit\u00e9 sera affich\u00e9 aux candidats retenus ult\u00e9rieurement.<\/p>\n<p style=\"font-weight: 400\"><strong>Le d\u00e9pot des candidatures se fait en cliquant sur ce lien\u00a0<\/strong><\/p>\n<p><a href=\"https:\/\/forms.gle\/CCfGwA2RxpzWFtQ96\">https:\/\/forms.gle\/CCfGwA2RxpzWFtQ96<\/a><\/p>\n<p>&nbsp;<\/p>\n","protected":false},"excerpt":{"rendered":"<p>ANNONCE AUX CANDIDATS AUX ETUDES DE MASTER\u00a0 &#8211; QUOTA DES 20% AU TITRE DE L\u2019ANNEE UNIVERSITAIRE 2021-2022 Les \u00e9tudiants de L3 promotion 2021 de la facult\u00e9 des langues \u00e9trang\u00e8res de &hellip;<\/p>\n","protected":false},"author":18,"featured_media":0,"parent":0,"menu_order":0,"comment_status":"closed","ping_status":"closed","template":"","meta":{"_coblocks_attr":"","_coblocks_dimensions":"","_coblocks_responsive_height":"","_coblocks_accordion_ie_support":"","footnotes":""},"class_list":["post-826","page","type-page","status-publish","hentry"],"_links":{"self":[{"href":"https:\/\/www.univ-mosta.dz\/fle\/wp-json\/wp\/v2\/pages\/826","targetHints":{"allow":["GET"]}}],"collection":[{"href":"https:\/\/www.univ-mosta.dz\/fle\/wp-json\/wp\/v2\/pages"}],"about":[{"href":"https:\/\/www.univ-mosta.dz\/fle\/wp-json\/wp\/v2\/types\/page"}],"author":[{"embeddable":true,"href":"https:\/\/www.univ-mosta.dz\/fle\/wp-json\/wp\/v2\/users\/18"}],"replies":[{"embeddable":true,"href":"https:\/\/www.univ-mosta.dz\/fle\/wp-json\/wp\/v2\/comments?post=826"}],"version-history":[{"count":7,"href":"https:\/\/www.univ-mosta.dz\/fle\/wp-json\/wp\/v2\/pages\/826\/revisions"}],"predecessor-version":[{"id":1722,"href":"https:\/\/www.univ-mosta.dz\/fle\/wp-json\/wp\/v2\/pages\/826\/revisions\/1722"}],"wp:attachment":[{"href":"https:\/\/www.univ-mosta.dz\/fle\/wp-json\/wp\/v2\/media?parent=826"}],"curies":[{"name":"wp","href":"https:\/\/api.w.org\/{rel}","templated":true}]}}