{"id":726,"date":"2020-12-05T01:55:34","date_gmt":"2020-12-05T00:55:34","guid":{"rendered":"http:\/\/www.univ-mosta.dz\/fle\/?page_id=726"},"modified":"2020-12-05T01:59:10","modified_gmt":"2020-12-05T00:59:10","slug":"l3","status":"publish","type":"page","link":"https:\/\/www.univ-mosta.dz\/fle\/l3\/","title":{"rendered":"Rattrapage"},"content":{"rendered":"<p><span style=\"color: #0000ff\"><strong><a href=\"http:\/\/www.univ-mosta.dz\/fle\/wp-content\/uploads\/sites\/2\/2020\/09\/Planning-des-cours-de-revision-du-departement-danglais.pdf\"><img loading=\"lazy\" decoding=\"async\" class=\"\" src=\"https:\/\/www.gifgratis.net\/gifs_animes\/boutons_web\/51.gif\" alt=\"EMOTICON boutons web 51\" width=\"20\" height=\"20\" \/><\/a>\u00a0D\u00e9partement de langue anglaise<\/strong><\/span><\/p>\n<p style=\"padding-left: 80px\"><img loading=\"lazy\" decoding=\"async\" class=\"alignnone size-full wp-image-455\" src=\"http:\/\/www.univ-mosta.dz\/fle\/wp-content\/uploads\/sites\/2\/2020\/09\/frecciag.gif\" alt=\"\" width=\"25\" height=\"13\" \/><a href=\"http:\/\/www.univ-mosta.dz\/fle\/wp-content\/uploads\/sites\/2\/2020\/11\/L1-S2-RATTRAPAGES.pdf\"> <span style=\"color: #ffce99;font-size: 14pt\">L1-S2<\/span><\/a><\/p>\n<p style=\"padding-left: 80px\"><img loading=\"lazy\" decoding=\"async\" class=\"alignnone size-full wp-image-455\" src=\"http:\/\/www.univ-mosta.dz\/fle\/wp-content\/uploads\/sites\/2\/2020\/09\/frecciag.gif\" alt=\"\" width=\"25\" height=\"13\" \/> <a href=\"http:\/\/www.univ-mosta.dz\/fle\/wp-content\/uploads\/sites\/2\/2020\/11\/L2-S4-RATTRAPAGES.pdf\"><span style=\"color: #ffce99;font-size: 14pt\">L2-S4<\/span><\/a><\/p>\n<p style=\"padding-left: 80px\"><img loading=\"lazy\" decoding=\"async\" class=\"alignnone size-full wp-image-455\" src=\"http:\/\/www.univ-mosta.dz\/fle\/wp-content\/uploads\/sites\/2\/2020\/09\/frecciag.gif\" alt=\"\" width=\"25\" height=\"13\" \/> <span style=\"color: #ffce99;font-size: 14pt\"><a style=\"color: #ffce99\" href=\"http:\/\/www.univ-mosta.dz\/fle\/wp-content\/uploads\/sites\/2\/2020\/11\/RESIT-L3-NOVEMBER-2020.pdf\">L3-S6<\/a><\/span><\/p>\n<p style=\"padding-left: 80px\"><a href=\"http:\/\/www.univ-mosta.dz\/fle\/wp-content\/uploads\/sites\/2\/2020\/09\/Planning-des-cours-de-revision-du-departement-danglais.pdf\"><img loading=\"lazy\" decoding=\"async\" class=\"alignnone size-full wp-image-455\" src=\"http:\/\/www.univ-mosta.dz\/fle\/wp-content\/uploads\/sites\/2\/2020\/09\/frecciag.gif\" alt=\"\" width=\"25\" height=\"13\" \/><\/a>Master 1-S2<\/p>\n<p style=\"padding-left: 120px\"><img decoding=\"async\" src=\"https:\/\/gif.toutimages.com\/images\/webmaster\/new\/new_079.gif\" \/><a href=\"http:\/\/www.univ-mosta.dz\/fle\/wp-content\/uploads\/sites\/2\/2020\/12\/Planning-of-S2-RESIT-of-M1-Lit-Civ.pdf\">Litt\u00e9rature et Civilisation<\/a><\/p>\n<p style=\"padding-left: 120px\"><img decoding=\"async\" src=\"https:\/\/gif.toutimages.com\/images\/webmaster\/new\/new_079.gif\" \/><a href=\"http:\/\/www.univ-mosta.dz\/fle\/wp-content\/uploads\/sites\/2\/2020\/12\/Planning-of-S2-Resit-EXAM-of-M1-Science-of-Language.pdf\">Sciences du langage<\/a><\/p>\n<p style=\"padding-left: 120px\"><img decoding=\"async\" src=\"https:\/\/gif.toutimages.com\/images\/webmaster\/new\/new_079.gif\" \/><a href=\"http:\/\/www.univ-mosta.dz\/fle\/wp-content\/uploads\/sites\/2\/2020\/12\/Planning-of-S2-RESIT-Exams-of-M1-Linguistics.pdf\">Linguistique<\/a><\/p>\n<p><span style=\"color: #0000ff\"><strong><a href=\"http:\/\/www.univ-mosta.dz\/fle\/wp-content\/uploads\/sites\/2\/2020\/09\/Planning-des-cours-de-revision-du-departement-danglais.pdf\"><img loading=\"lazy\" decoding=\"async\" class=\"\" src=\"https:\/\/www.gifgratis.net\/gifs_animes\/boutons_web\/51.gif\" alt=\"EMOTICON boutons web 51\" width=\"20\" height=\"20\" \/><\/a> D\u00e9partement de langue fran\u00e7aise<\/strong><\/span><\/p>\n<p style=\"padding-left: 80px\"><a href=\"http:\/\/www.univ-mosta.dz\/fle\/wp-content\/uploads\/sites\/2\/2020\/09\/Planning-des-cours-de-revision-du-departement-danglais.pdf\"><img loading=\"lazy\" decoding=\"async\" class=\"alignnone size-full wp-image-455\" src=\"http:\/\/www.univ-mosta.dz\/fle\/wp-content\/uploads\/sites\/2\/2020\/09\/frecciag.gif\" alt=\"\" width=\"25\" height=\"13\" \/><\/a> <span style=\"font-size: 14pt\"><a href=\"http:\/\/www.univ-mosta.dz\/fle\/wp-content\/uploads\/sites\/2\/2020\/11\/EXAMENS-DE-RATTRAPAGE-L1S2-FRANCAIS.xlsx\">L1-S2<\/a><\/span><\/p>\n<p style=\"padding-left: 80px\"><a href=\"http:\/\/www.univ-mosta.dz\/fle\/wp-content\/uploads\/sites\/2\/2020\/09\/Planning-des-cours-de-revision-du-departement-danglais.pdf\"><img loading=\"lazy\" decoding=\"async\" class=\"alignnone size-full wp-image-455\" src=\"http:\/\/www.univ-mosta.dz\/fle\/wp-content\/uploads\/sites\/2\/2020\/09\/frecciag.gif\" alt=\"\" width=\"25\" height=\"13\" \/><\/a><a href=\"http:\/\/www.univ-mosta.dz\/fle\/wp-content\/uploads\/sites\/2\/2020\/11\/RATTRAPAGE-TABLEAU-DES-EXAMENS-M1-DEPARTEMENT-DE-FRANCAISEAfficher-1.xlsx\">Master 1<\/a><\/p>\n<p><span style=\"color: #0000ff\"><strong><a href=\"http:\/\/www.univ-mosta.dz\/fle\/wp-content\/uploads\/sites\/2\/2020\/09\/Planning-des-cours-de-revision-du-departement-danglais.pdf\"><img loading=\"lazy\" decoding=\"async\" class=\"\" src=\"https:\/\/www.gifgratis.net\/gifs_animes\/boutons_web\/51.gif\" alt=\"EMOTICON boutons web 51\" width=\"20\" height=\"20\" \/><\/a> D\u00e9partement de langue espagnole<\/strong><\/span><\/p>\n<p style=\"padding-left: 80px\"><span style=\"font-size: 14pt\"><a href=\"http:\/\/www.univ-mosta.dz\/fle\/wp-content\/uploads\/sites\/2\/2020\/09\/Planning-des-cours-de-revision-du-departement-danglais.pdf\"><img loading=\"lazy\" decoding=\"async\" class=\"alignnone size-full wp-image-455\" src=\"http:\/\/www.univ-mosta.dz\/fle\/wp-content\/uploads\/sites\/2\/2020\/09\/frecciag.gif\" alt=\"\" width=\"25\" height=\"13\" \/><\/a> \u00a0<a href=\"http:\/\/www.univ-mosta.dz\/fle\/wp-content\/uploads\/sites\/2\/2020\/11\/Rattrapages-licence-S1-S3-S5.pdf\">licence (S1-S3-S5)<\/a><\/span><\/p>\n<p style=\"padding-left: 80px\"><span style=\"font-size: 14pt\"><a href=\"http:\/\/www.univ-mosta.dz\/fle\/wp-content\/uploads\/sites\/2\/2020\/09\/Planning-des-cours-de-revision-du-departement-danglais.pdf\"><img loading=\"lazy\" decoding=\"async\" class=\"alignnone size-full wp-image-455\" src=\"http:\/\/www.univ-mosta.dz\/fle\/wp-content\/uploads\/sites\/2\/2020\/09\/frecciag.gif\" alt=\"\" width=\"25\" height=\"13\" \/><\/a> \u00a0<a href=\"http:\/\/www.univ-mosta.dz\/fle\/wp-content\/uploads\/sites\/2\/2020\/11\/Rattrapages-licence-S2-S4-S6.pdf\">licence (S2-S4-S6)<\/a><\/span><\/p>\n<p style=\"padding-left: 80px\"><span style=\"font-size: 14pt\"><a href=\"http:\/\/www.univ-mosta.dz\/fle\/wp-content\/uploads\/sites\/2\/2020\/09\/Planning-des-cours-de-revision-du-departement-danglais.pdf\"><img loading=\"lazy\" decoding=\"async\" class=\"alignnone size-full wp-image-455\" src=\"http:\/\/www.univ-mosta.dz\/fle\/wp-content\/uploads\/sites\/2\/2020\/09\/frecciag.gif\" alt=\"\" width=\"25\" height=\"13\" \/><\/a> <a href=\"http:\/\/www.univ-mosta.dz\/fle\/wp-content\/uploads\/sites\/2\/2020\/11\/Rattrpages-M1-S1.pdf\">Master1 S1<\/a><\/span><\/p>\n<p style=\"padding-left: 80px\"><span style=\"font-size: 14pt\"><a href=\"http:\/\/www.univ-mosta.dz\/fle\/wp-content\/uploads\/sites\/2\/2020\/09\/Planning-des-cours-de-revision-du-departement-danglais.pdf\"><img loading=\"lazy\" decoding=\"async\" class=\"alignnone size-full wp-image-455\" src=\"http:\/\/www.univ-mosta.dz\/fle\/wp-content\/uploads\/sites\/2\/2020\/09\/frecciag.gif\" alt=\"\" width=\"25\" height=\"13\" \/><\/a> <a href=\"http:\/\/www.univ-mosta.dz\/fle\/wp-content\/uploads\/sites\/2\/2020\/11\/Rattrpages-M1-S2.pdf\">Master1 S2<\/a><\/span><\/p>\n<p>&nbsp;<\/p>\n<div><span style=\"color: #0000ff;font-family: arial, helvetica, sans-serif\"><b><img loading=\"lazy\" decoding=\"async\" class=\"\" src=\"https:\/\/www.gifgratis.net\/gifs_animes\/boutons_web\/200.gif\" alt=\"EMOTICON boutons web 200\" width=\"14\" height=\"14\" \/> Les plannings sont \u00e9galement affich\u00e9s au niveau des d\u00e9partements et publi\u00e9s sur la page facebook de la facult\u00e9 des langues \u00e9trang\u00e8res.<\/b><\/span><\/div>\n<p>&nbsp;<\/p>\n<div><\/div>\n<p style=\"text-align: right\"><a href=\"https:\/\/www.univ-mosta.dz\/fle\/\"><img loading=\"lazy\" decoding=\"async\" class=\"alignnone size-full wp-image-490\" src=\"http:\/\/www.univ-mosta.dz\/fle\/wp-content\/uploads\/sites\/2\/2020\/09\/retour-suivant-gif-029.gif\" alt=\"\" width=\"120\" height=\"22\" \/><\/a><\/p>\n","protected":false},"excerpt":{"rendered":"<p>\u00a0D\u00e9partement de langue anglaise L1-S2 L2-S4 L3-S6 Master 1-S2 Litt\u00e9rature et Civilisation Sciences du langage Linguistique D\u00e9partement de langue fran\u00e7aise L1-S2 Master 1 D\u00e9partement de langue espagnole \u00a0licence (S1-S3-S5) \u00a0licence &hellip;<\/p>\n","protected":false},"author":18,"featured_media":0,"parent":0,"menu_order":0,"comment_status":"closed","ping_status":"closed","template":"","meta":{"_coblocks_attr":"","_coblocks_dimensions":"","_coblocks_responsive_height":"","_coblocks_accordion_ie_support":"","footnotes":""},"class_list":["post-726","page","type-page","status-publish","hentry"],"_links":{"self":[{"href":"https:\/\/www.univ-mosta.dz\/fle\/wp-json\/wp\/v2\/pages\/726","targetHints":{"allow":["GET"]}}],"collection":[{"href":"https:\/\/www.univ-mosta.dz\/fle\/wp-json\/wp\/v2\/pages"}],"about":[{"href":"https:\/\/www.univ-mosta.dz\/fle\/wp-json\/wp\/v2\/types\/page"}],"author":[{"embeddable":true,"href":"https:\/\/www.univ-mosta.dz\/fle\/wp-json\/wp\/v2\/users\/18"}],"replies":[{"embeddable":true,"href":"https:\/\/www.univ-mosta.dz\/fle\/wp-json\/wp\/v2\/comments?post=726"}],"version-history":[{"count":11,"href":"https:\/\/www.univ-mosta.dz\/fle\/wp-json\/wp\/v2\/pages\/726\/revisions"}],"predecessor-version":[{"id":855,"href":"https:\/\/www.univ-mosta.dz\/fle\/wp-json\/wp\/v2\/pages\/726\/revisions\/855"}],"wp:attachment":[{"href":"https:\/\/www.univ-mosta.dz\/fle\/wp-json\/wp\/v2\/media?parent=726"}],"curies":[{"name":"wp","href":"https:\/\/api.w.org\/{rel}","templated":true}]}}