{"id":600,"date":"2020-10-31T08:12:17","date_gmt":"2020-10-31T07:12:17","guid":{"rendered":"http:\/\/www.univ-mosta.dz\/fle\/?page_id=600"},"modified":"2020-12-06T03:01:26","modified_gmt":"2020-12-06T02:01:26","slug":"pg","status":"publish","type":"page","link":"https:\/\/www.univ-mosta.dz\/fle\/pg\/","title":{"rendered":"Textes r\u00e9glementaires relatifs \u00e0 la gestion des dossiers de post-graduation et au fonctionnement des instances scientifiques"},"content":{"rendered":"<p>&nbsp;<\/p>\n<p><a href=\"http:\/\/www.univ-mosta.dz\/fle\/wp-content\/uploads\/sites\/2\/2020\/12\/Arrete_962_FD-LMD_02-12-2020_Annexes_umab_fr.pdf\"><img loading=\"lazy\" decoding=\"async\" class=\"\" src=\"https:\/\/www.gif-maniac.com\/gifs\/52\/51747.gif\" alt=\"new nouveaute 18\" width=\"85\" height=\"30\" data-wp-editing=\"1\" \/>Arr\u00eat\u00e9 minist\u00e9riel 962 du 02\/12\/2020 &#8211; Formations doctorales &#8211; Universit\u00e9 de Mostaganem 2020\/2021<\/a><\/p>\n<p><a href=\"https:\/\/vrpghr.univ-mosta.dz\/images\/VRPG\/arrete_doctorat_fr.pdf\">Arr\u00eat\u00e9 doctorat fr<\/a><\/p>\n<p><a href=\"https:\/\/vrpghr.univ-mosta.dz\/images\/vrpg2018\/Arrete_n_170_habilitation_universitaire.pdf\">Arr\u00eat\u00e9 n\u00b0170 habilitation universitaire<\/a><\/p>\n<p><a href=\"http:\/\/www.univ-mosta.dz\/fle\/wp-content\/uploads\/sites\/2\/2020\/10\/arrete_no53_du_05_mai_2004.pdf\">\u00a0Arr\u00eat\u00e9 n\u00b053 du 05 mai 2004<\/a><\/p>\n<p><a href=\"http:\/\/www.univ-mosta.dz\/fle\/wp-content\/uploads\/sites\/2\/2020\/10\/arrete_no57_du_05_mai_2004.pdf\">\u00a0Arr\u00eat\u00e9 n\u00b057 du 05 mai 2004<\/a><\/p>\n<p><a href=\"http:\/\/www.univ-mosta.dz\/fle\/wp-content\/uploads\/sites\/2\/2020\/10\/arrete_no675_du_12_decembre_1999.pdf\">\u00a0Arr\u00eat\u00e9 n\u00b0675 du 12 d\u00e9cembre 1999<\/a><\/p>\n<p><a href=\"http:\/\/www.univ-mosta.dz\/fle\/wp-content\/uploads\/sites\/2\/2020\/10\/Arreten547-FR.pdf\">\u00a0Arr\u00eat\u00e9 n\u00b0 547-FR<\/a><\/p>\n<p><a href=\"http:\/\/www.univ-mosta.dz\/fle\/wp-content\/uploads\/sites\/2\/2020\/10\/circulaire_n__3_du_08-03-2018_FR.pdf\">Circulaire n\u00b0 3 du 08-03-2018 FR<\/a><\/p>\n<p><a href=\"https:\/\/vrpghr.univ-mosta.dz\/images\/texteregl\/jo_1998_254.pdf\">JO 1998 254<\/a><\/p>\n<p><a href=\"http:\/\/www.univ-mosta.dz\/fle\/wp-content\/uploads\/sites\/2\/2020\/10\/Note-136-du-11-1015.pdf\">Note 136 du 11 1015<\/a><\/p>\n<p><a href=\"http:\/\/www.univ-mosta.dz\/fle\/wp-content\/uploads\/sites\/2\/2020\/10\/Note_n__22_du_30-01-2019_Suivi_des_doctorants_retardataires.pdf\">Note n\u00b0 22 du 30-01-2019 Suivi des doctorants retardataires<\/a><\/p>\n<p><a href=\"http:\/\/www.univ-mosta.dz\/fle\/wp-content\/uploads\/sites\/2\/2020\/10\/organisation-et-fonctionnement-de-lUniversite.pdf\">Organisation et fonctionnement de l&rsquo;Universit\u00e9<\/a><\/p>\n<h2 id=\":td\" class=\"hP\" style=\"text-transform: none;text-align: right\" data-thread-perm-id=\"thread-f:1682004240644375093\" data-legacy-thread-id=\"1757adf1fa4f0235\"><a href=\"https:\/\/vrpghr.univ-mosta.dz\/\"><img loading=\"lazy\" decoding=\"async\" class=\"size-medium wp-image-597 alignright\" src=\"http:\/\/www.univ-mosta.dz\/fle\/wp-content\/uploads\/sites\/2\/2020\/10\/post-graduation-300x60.jpg\" alt=\"\" width=\"300\" height=\"60\" srcset=\"https:\/\/www.univ-mosta.dz\/fle\/wp-content\/uploads\/sites\/2\/2020\/10\/post-graduation-300x60.jpg 300w, https:\/\/www.univ-mosta.dz\/fle\/wp-content\/uploads\/sites\/2\/2020\/10\/post-graduation.jpg 501w\" sizes=\"auto, (max-width: 300px) 100vw, 300px\" \/><\/a><\/h2>\n","protected":false},"excerpt":{"rendered":"<p>&nbsp; Arr\u00eat\u00e9 minist\u00e9riel 962 du 02\/12\/2020 &#8211; Formations doctorales &#8211; Universit\u00e9 de Mostaganem 2020\/2021 Arr\u00eat\u00e9 doctorat fr Arr\u00eat\u00e9 n\u00b0170 habilitation universitaire \u00a0Arr\u00eat\u00e9 n\u00b053 du 05 mai 2004 \u00a0Arr\u00eat\u00e9 n\u00b057 du &hellip;<\/p>\n","protected":false},"author":18,"featured_media":0,"parent":0,"menu_order":0,"comment_status":"closed","ping_status":"closed","template":"","meta":{"_coblocks_attr":"","_coblocks_dimensions":"","_coblocks_responsive_height":"","_coblocks_accordion_ie_support":"","footnotes":""},"class_list":["post-600","page","type-page","status-publish","hentry"],"_links":{"self":[{"href":"https:\/\/www.univ-mosta.dz\/fle\/wp-json\/wp\/v2\/pages\/600","targetHints":{"allow":["GET"]}}],"collection":[{"href":"https:\/\/www.univ-mosta.dz\/fle\/wp-json\/wp\/v2\/pages"}],"about":[{"href":"https:\/\/www.univ-mosta.dz\/fle\/wp-json\/wp\/v2\/types\/page"}],"author":[{"embeddable":true,"href":"https:\/\/www.univ-mosta.dz\/fle\/wp-json\/wp\/v2\/users\/18"}],"replies":[{"embeddable":true,"href":"https:\/\/www.univ-mosta.dz\/fle\/wp-json\/wp\/v2\/comments?post=600"}],"version-history":[{"count":12,"href":"https:\/\/www.univ-mosta.dz\/fle\/wp-json\/wp\/v2\/pages\/600\/revisions"}],"predecessor-version":[{"id":859,"href":"https:\/\/www.univ-mosta.dz\/fle\/wp-json\/wp\/v2\/pages\/600\/revisions\/859"}],"wp:attachment":[{"href":"https:\/\/www.univ-mosta.dz\/fle\/wp-json\/wp\/v2\/media?parent=600"}],"curies":[{"name":"wp","href":"https:\/\/api.w.org\/{rel}","templated":true}]}}