{"id":568,"date":"2020-10-26T01:23:16","date_gmt":"2020-10-26T00:23:16","guid":{"rendered":"http:\/\/www.univ-mosta.dz\/fle\/?page_id=568"},"modified":"2020-11-02T16:00:36","modified_gmt":"2020-11-02T15:00:36","slug":"m1","status":"publish","type":"page","link":"https:\/\/www.univ-mosta.dz\/fle\/m1\/","title":{"rendered":"m1"},"content":{"rendered":"<p><span style=\"color: #0000ff\"><strong><a href=\"http:\/\/www.univ-mosta.dz\/fle\/wp-content\/uploads\/sites\/2\/2020\/09\/Planning-des-cours-de-revision-du-departement-danglais.pdf\"><img loading=\"lazy\" decoding=\"async\" class=\"\" src=\"https:\/\/www.gifgratis.net\/gifs_animes\/boutons_web\/51.gif\" alt=\"EMOTICON boutons web 51\" width=\"20\" height=\"20\" \/>\u00a0<\/a>D\u00e9partement de langue fran\u00e7aise<\/strong><\/span><\/p>\n<p style=\"padding-left: 80px\"><a href=\"http:\/\/www.univ-mosta.dz\/fle\/wp-content\/uploads\/sites\/2\/2020\/09\/Planning-des-cours-de-revision-du-departement-danglais.pdf\"><img loading=\"lazy\" decoding=\"async\" class=\"alignnone size-full wp-image-455\" src=\"http:\/\/www.univ-mosta.dz\/fle\/wp-content\/uploads\/sites\/2\/2020\/09\/frecciag.gif\" alt=\"\" width=\"25\" height=\"13\" \/><\/a><a href=\"http:\/\/www.univ-mosta.dz\/fle\/wp-content\/uploads\/sites\/2\/2020\/10\/PLANNING-REVISION-M1-FRANCAIS.xlsx\">Cours de r\u00e9vision<\/a><\/p>\n<div style=\"padding-left: 80px\"><a href=\"http:\/\/www.univ-mosta.dz\/fle\/wp-content\/uploads\/sites\/2\/2020\/09\/Planning-des-cours-de-revision-du-departement-danglais.pdf\"><img loading=\"lazy\" decoding=\"async\" class=\"alignnone size-full wp-image-455\" src=\"http:\/\/www.univ-mosta.dz\/fle\/wp-content\/uploads\/sites\/2\/2020\/09\/frecciag.gif\" alt=\"\" width=\"25\" height=\"13\" \/><\/a><a href=\"http:\/\/www.univ-mosta.dz\/fle\/wp-content\/uploads\/sites\/2\/2020\/10\/PLANNING-EXAMENS-M1-FRANCAIS.xlsx\">Examen<\/a><\/div>\n<p><span style=\"color: #0000ff\"><strong><a href=\"http:\/\/www.univ-mosta.dz\/fle\/wp-content\/uploads\/sites\/2\/2020\/09\/Planning-des-cours-de-revision-du-departement-danglais.pdf\"><img loading=\"lazy\" decoding=\"async\" class=\"\" src=\"https:\/\/www.gifgratis.net\/gifs_animes\/boutons_web\/51.gif\" alt=\"EMOTICON boutons web 51\" width=\"20\" height=\"20\" \/><\/a>\u00a0D\u00e9partement de langue anglaise<\/strong><\/span><\/p>\n<p style=\"padding-left: 80px\"><img loading=\"lazy\" decoding=\"async\" class=\"alignnone size-full wp-image-455\" src=\"http:\/\/www.univ-mosta.dz\/fle\/wp-content\/uploads\/sites\/2\/2020\/09\/frecciag.gif\" alt=\"\" width=\"25\" height=\"13\" \/> Cours de r\u00e9vision<\/p>\n<ul>\n<li style=\"list-style-type: none\">\n<ul>\n<li style=\"list-style-type: none\">\n<ul>\n<li style=\"list-style-type: none\">\n<ul>\n<li><a href=\"http:\/\/www.univ-mosta.dz\/fle\/wp-content\/uploads\/sites\/2\/2020\/10\/revision-ANGLAIS-literature-civilization.docx\">Literature &amp; civilization<\/a><\/li>\n<li><a href=\"http:\/\/www.univ-mosta.dz\/fle\/wp-content\/uploads\/sites\/2\/2020\/10\/revision-ANGLAIS-science-of-language.docx\">Science of language<\/a><\/li>\n<li><a href=\"http:\/\/www.univ-mosta.dz\/fle\/wp-content\/uploads\/sites\/2\/2020\/10\/revision-ANGLAIS-APPROCHES-INTERDISCIPLINAIRES.docx\">APPROCHES INTERDISCIPLINAIRES<\/a><\/li>\n<li><a href=\"http:\/\/www.univ-mosta.dz\/fle\/wp-content\/uploads\/sites\/2\/2020\/10\/revision-ANGLAIS-Didactics-applied-linguistics.docx\">Didactics &amp; applied linguistics<\/a><\/li>\n<li><a href=\"http:\/\/www.univ-mosta.dz\/fle\/wp-content\/uploads\/sites\/2\/2020\/10\/revision-ANGLAIS-Didactics-of-foreign-languages.docx\">Didactics of foreign languages<\/a> <a href=\"http:\/\/www.univ-mosta.dz\/fle\/wp-content\/uploads\/sites\/2\/2020\/10\/revision-ANGLAIS-Didactics-applied-linguistics.docx\">revision ANGLAIS Didactics &amp; applied linguistics<\/a><\/li>\n<li><a href=\"http:\/\/www.univ-mosta.dz\/fle\/wp-content\/uploads\/sites\/2\/2020\/10\/revision-ANGLAIS-linguistics-1.docx\">Linguistics<\/a><\/li>\n<li><a href=\"http:\/\/www.univ-mosta.dz\/fle\/wp-content\/uploads\/sites\/2\/2020\/10\/revision-ANGLAISLANGUE-ET-COMMUNICATION.docx\">ANGLAISLANGUE ET COMMUNICATION<\/a><\/li>\n<\/ul>\n<\/li>\n<\/ul>\n<\/li>\n<\/ul>\n<\/li>\n<\/ul>\n<p style=\"padding-left: 80px\"><img loading=\"lazy\" decoding=\"async\" class=\"alignnone size-full wp-image-455\" src=\"http:\/\/www.univ-mosta.dz\/fle\/wp-content\/uploads\/sites\/2\/2020\/09\/frecciag.gif\" alt=\"\" width=\"25\" height=\"13\" \/>\u00a0<span style=\"color: #000000\">Exams<\/span><\/p>\n<ul>\n<li style=\"list-style-type: none\">\n<ul>\n<li style=\"list-style-type: none\">\n<ul>\n<li style=\"list-style-type: none\">\n<ul style=\"list-style-type: square\">\n<li><a href=\"http:\/\/www.univ-mosta.dz\/fle\/wp-content\/uploads\/sites\/2\/2020\/11\/lang-comm.pdf\">LANG&amp; COMM<\/a><\/li>\n<li><a href=\"http:\/\/www.univ-mosta.dz\/fle\/wp-content\/uploads\/sites\/2\/2020\/11\/APPROCHES-INTERDISCIPLINAIRES.pdf\">APPROCHES INTERDISCIPLINAIRES<\/a><\/li>\n<li><a href=\"http:\/\/www.univ-mosta.dz\/fle\/wp-content\/uploads\/sites\/2\/2020\/11\/Didactics-applied-linguistics.pdf\">DIDACTICS &amp; APPLIED LINGUISTICS<\/a><\/li>\n<li><a href=\"http:\/\/www.univ-mosta.dz\/fle\/wp-content\/uploads\/sites\/2\/2020\/11\/Didactics-of-foreign-languages.pdf\">DIDACTICS OF FOREIGN LANGUAGES<\/a><\/li>\n<li><a href=\"http:\/\/www.univ-mosta.dz\/fle\/wp-content\/uploads\/sites\/2\/2020\/11\/linguistics.pdf\">LINGUISTICS<\/a><\/li>\n<li><a href=\"http:\/\/www.univ-mosta.dz\/fle\/wp-content\/uploads\/sites\/2\/2020\/11\/literature-civilization.pdf\">LITERATURE &amp; CIVILIZATION<\/a><\/li>\n<li><a href=\"http:\/\/www.univ-mosta.dz\/fle\/wp-content\/uploads\/sites\/2\/2020\/11\/science-of-language.pdf\">SCIENCE OF LANGUAGE<\/a><\/li>\n<\/ul>\n<\/li>\n<\/ul>\n<\/li>\n<\/ul>\n<\/li>\n<\/ul>\n<p style=\"padding-left: 80px\"><img loading=\"lazy\" decoding=\"async\" class=\"alignnone size-full wp-image-455\" src=\"http:\/\/www.univ-mosta.dz\/fle\/wp-content\/uploads\/sites\/2\/2020\/09\/frecciag.gif\" alt=\"\" width=\"25\" height=\"13\" \/>\u00a0<span style=\"color: #000000\">First Term Resit Exams<\/span><\/p>\n<ul>\n<li style=\"list-style-type: none\">\n<ul>\n<li style=\"list-style-type: none\">\n<ul>\n<li style=\"list-style-type: none\">\n<ul style=\"list-style-type: square\">\n<li><a href=\"http:\/\/www.univ-mosta.dz\/fle\/wp-content\/uploads\/sites\/2\/2020\/11\/did-appl.pdf\">DID APPL<\/a><\/li>\n<li><a href=\"http:\/\/www.univ-mosta.dz\/fle\/wp-content\/uploads\/sites\/2\/2020\/11\/did-of-foreign-lang.pdf\">DID OF FOREIGN LANG<\/a><\/li>\n<li><a href=\"http:\/\/www.univ-mosta.dz\/fle\/wp-content\/uploads\/sites\/2\/2020\/11\/Interdisciplinary-Approaches.pdf\">INTERDISCIPLINARY APPROACHES<\/a><\/li>\n<li><a href=\"http:\/\/www.univ-mosta.dz\/fle\/wp-content\/uploads\/sites\/2\/2020\/11\/Language-and-Communication.pdf\">LANGUAGE AND COMMUNICATION<\/a><\/li>\n<li><a href=\"http:\/\/www.univ-mosta.dz\/fle\/wp-content\/uploads\/sites\/2\/2020\/11\/Linguistics.pdf\">LINGUISTICS<\/a><\/li>\n<li><a href=\"http:\/\/www.univ-mosta.dz\/fle\/wp-content\/uploads\/sites\/2\/2020\/11\/Lit-Civ.pdf\">LIT &amp; CIV<\/a><\/li>\n<li><a href=\"http:\/\/www.univ-mosta.dz\/fle\/wp-content\/uploads\/sites\/2\/2020\/11\/Science-of-Language.pdf\">SCIENCE OF LANGUAGE<\/a><\/li>\n<\/ul>\n<\/li>\n<\/ul>\n<\/li>\n<\/ul>\n<\/li>\n<\/ul>\n<p><span style=\"color: #0000ff\"><strong> <a href=\"http:\/\/www.univ-mosta.dz\/fle\/wp-content\/uploads\/sites\/2\/2020\/09\/Planning-des-cours-de-revision-du-departement-danglais.pdf\"><img loading=\"lazy\" decoding=\"async\" class=\"\" src=\"https:\/\/www.gifgratis.net\/gifs_animes\/boutons_web\/51.gif\" alt=\"EMOTICON boutons web 51\" width=\"20\" height=\"20\" \/><\/a> D\u00e9partement de langue espagnole<\/strong><\/span><\/p>\n<p style=\"padding-left: 80px\"><a href=\"http:\/\/www.univ-mosta.dz\/fle\/wp-content\/uploads\/sites\/2\/2020\/09\/Planning-des-cours-de-revision-du-departement-danglais.pdf\"><img loading=\"lazy\" decoding=\"async\" class=\"alignnone size-full wp-image-455\" src=\"http:\/\/www.univ-mosta.dz\/fle\/wp-content\/uploads\/sites\/2\/2020\/09\/frecciag.gif\" alt=\"\" width=\"25\" height=\"13\" \/><\/a>\u00a0Planning des cours de r\u00e9vision<\/p>\n<ul>\n<li style=\"list-style-type: none\">\n<ul>\n<li style=\"list-style-type: none\">\n<ul>\n<li style=\"list-style-type: none\">\n<ul>\n<li><a href=\"http:\/\/www.univ-mosta.dz\/fle\/wp-content\/uploads\/sites\/2\/2020\/10\/ESPAGNOL-M1-Civ-REPASO-S2.doc\">Civ REPASO S2<\/a><\/li>\n<li><a href=\"http:\/\/www.univ-mosta.dz\/fle\/wp-content\/uploads\/sites\/2\/2020\/10\/ESPAGNOL-M1-SL-repaso.docx\">SL repaso<\/a><\/li>\n<li><a href=\"http:\/\/www.univ-mosta.dz\/fle\/wp-content\/uploads\/sites\/2\/2020\/10\/M1-ESPAGNOL-DIDACTIQUE-REVISION.docx\">DIDACTIQUE REVISION<\/a><\/li>\n<li><a href=\"http:\/\/www.univ-mosta.dz\/fle\/wp-content\/uploads\/sites\/2\/2020\/10\/M1-ESPAGNOL-LC-REPASO.doc\">LC REPASO<\/a><\/li>\n<\/ul>\n<\/li>\n<\/ul>\n<\/li>\n<\/ul>\n<\/li>\n<\/ul>\n<p style=\"padding-left: 80px\"><a href=\"http:\/\/www.univ-mosta.dz\/fle\/wp-content\/uploads\/sites\/2\/2020\/09\/Planning-des-cours-de-revision-du-departement-danglais.pdf\"><img loading=\"lazy\" decoding=\"async\" class=\"alignnone size-full wp-image-455\" src=\"http:\/\/www.univ-mosta.dz\/fle\/wp-content\/uploads\/sites\/2\/2020\/09\/frecciag.gif\" alt=\"\" width=\"25\" height=\"13\" \/><\/a> Examen<\/p>\n<ul>\n<li style=\"list-style-type: none\">\n<ul>\n<li style=\"list-style-type: none\">\n<ul>\n<li style=\"list-style-type: none\">\n<ul style=\"list-style-type: square\">\n<li><a href=\"http:\/\/www.univ-mosta.dz\/fle\/wp-content\/uploads\/sites\/2\/2020\/11\/CIV-ESPAGNOL.pdf\">CIV<\/a><\/li>\n<li><a href=\"http:\/\/www.univ-mosta.dz\/fle\/wp-content\/uploads\/sites\/2\/2020\/11\/DID-EXAMEN-S2-ESPAGNOL.pdf\">DID<\/a><\/li>\n<li><a href=\"http:\/\/www.univ-mosta.dz\/fle\/wp-content\/uploads\/sites\/2\/2020\/11\/LC-EXAM-ESPAGNOL.pdf\">LC<\/a><\/li>\n<li><a href=\"http:\/\/www.univ-mosta.dz\/fle\/wp-content\/uploads\/sites\/2\/2020\/11\/SL-EXAMEN-ESPAGNOL.pdf\">SL<\/a><\/li>\n<\/ul>\n<\/li>\n<\/ul>\n<\/li>\n<\/ul>\n<\/li>\n<\/ul>\n<div><span style=\"color: #0000ff;font-family: arial, helvetica, sans-serif\"><b><img loading=\"lazy\" decoding=\"async\" class=\"\" src=\"https:\/\/www.gifgratis.net\/gifs_animes\/boutons_web\/200.gif\" alt=\"EMOTICON boutons web 200\" width=\"14\" height=\"14\" \/> Les plannings sont \u00e9galement affich\u00e9s au niveau des d\u00e9partements et publi\u00e9s sur la page facebook de la facult\u00e9 des langues \u00e9trang\u00e8res.<\/b><\/span><\/div>\n<p>&nbsp;<\/p>\n<div><\/div>\n<div style=\"text-align: center\"><span style=\"color: #0000ff;font-family: 'comic sans ms', sans-serif;font-size: 18pt\"><b>Bonne reprise \u00e0 toutes et \u00e0 tous<\/b><\/span><\/div>\n<p>&nbsp;<\/p>\n<p style=\"text-align: right\"><a href=\"https:\/\/www.univ-mosta.dz\/fle\/\"><img loading=\"lazy\" decoding=\"async\" class=\"alignnone size-full wp-image-490\" src=\"http:\/\/www.univ-mosta.dz\/fle\/wp-content\/uploads\/sites\/2\/2020\/09\/retour-suivant-gif-029.gif\" alt=\"\" width=\"120\" height=\"22\" \/><\/a><\/p>\n","protected":false},"excerpt":{"rendered":"<p>\u00a0D\u00e9partement de langue fran\u00e7aise Cours de r\u00e9vision Examen \u00a0D\u00e9partement de langue anglaise Cours de r\u00e9vision Literature &amp; civilization Science of language APPROCHES INTERDISCIPLINAIRES Didactics &amp; applied linguistics Didactics of foreign &hellip;<\/p>\n","protected":false},"author":18,"featured_media":0,"parent":0,"menu_order":0,"comment_status":"closed","ping_status":"closed","template":"","meta":{"_coblocks_attr":"","_coblocks_dimensions":"","_coblocks_responsive_height":"","_coblocks_accordion_ie_support":"","footnotes":""},"class_list":["post-568","page","type-page","status-publish","hentry"],"_links":{"self":[{"href":"https:\/\/www.univ-mosta.dz\/fle\/wp-json\/wp\/v2\/pages\/568","targetHints":{"allow":["GET"]}}],"collection":[{"href":"https:\/\/www.univ-mosta.dz\/fle\/wp-json\/wp\/v2\/pages"}],"about":[{"href":"https:\/\/www.univ-mosta.dz\/fle\/wp-json\/wp\/v2\/types\/page"}],"author":[{"embeddable":true,"href":"https:\/\/www.univ-mosta.dz\/fle\/wp-json\/wp\/v2\/users\/18"}],"replies":[{"embeddable":true,"href":"https:\/\/www.univ-mosta.dz\/fle\/wp-json\/wp\/v2\/comments?post=568"}],"version-history":[{"count":7,"href":"https:\/\/www.univ-mosta.dz\/fle\/wp-json\/wp\/v2\/pages\/568\/revisions"}],"predecessor-version":[{"id":684,"href":"https:\/\/www.univ-mosta.dz\/fle\/wp-json\/wp\/v2\/pages\/568\/revisions\/684"}],"wp:attachment":[{"href":"https:\/\/www.univ-mosta.dz\/fle\/wp-json\/wp\/v2\/media?parent=568"}],"curies":[{"name":"wp","href":"https:\/\/api.w.org\/{rel}","templated":true}]}}