{"id":537,"date":"2020-10-12T23:27:08","date_gmt":"2020-10-12T21:27:08","guid":{"rendered":"http:\/\/www.univ-mosta.dz\/fle\/?page_id=537"},"modified":"2020-10-12T23:46:43","modified_gmt":"2020-10-12T21:46:43","slug":"m2","status":"publish","type":"page","link":"https:\/\/www.univ-mosta.dz\/fle\/m2\/","title":{"rendered":"AVIS AUX ETUDIANTS M2 LANGUE ANGLAISE ET LANGUE ESPAGNOLE\u00a0"},"content":{"rendered":"<p><span style=\"color: #0000ff\">La remise des attestations de r\u00e9ussite pour les sp\u00e9cialit\u00e9s Master 2 de la fili\u00e8re\u00a0\u2018Langue fran\u00e7aise\u2019 se fait\u00a0 \u00a0au niveau du service de scolarit\u00e9\u00a0de la Facult\u00e9 (ITA-CENTRE VILLE).<\/span><\/p>\n<p><span style=\"color: #0000ff\">Les \u00e9tudiants concern\u00e9s doivent pr\u00e9senter les pi\u00e8ces suivantes:<\/span><\/p>\n<ul>\n<li><span style=\"color: #0000ff\">LE QUITUS FINAL DE LA BIBLIOTH\u00c8QUE\u00a0<\/span><\/li>\n<li><span style=\"color: #0000ff\">LA CARTE D\u2019\u00c9TUDIANT<\/span><\/li>\n<\/ul>\n<p style=\"text-align: right\"><a href=\"https:\/\/www.univ-mosta.dz\/fle\/\"><img loading=\"lazy\" decoding=\"async\" class=\"alignnone size-full wp-image-490\" src=\"http:\/\/www.univ-mosta.dz\/fle\/wp-content\/uploads\/sites\/2\/2020\/09\/retour-suivant-gif-029.gif\" alt=\"\" width=\"120\" height=\"22\" \/><\/a><\/p>\n","protected":false},"excerpt":{"rendered":"<p>La remise des attestations de r\u00e9ussite pour les sp\u00e9cialit\u00e9s Master 2 de la fili\u00e8re\u00a0\u2018Langue fran\u00e7aise\u2019 se fait\u00a0 \u00a0au niveau du service de scolarit\u00e9\u00a0de la Facult\u00e9 (ITA-CENTRE VILLE). Les \u00e9tudiants concern\u00e9s &hellip;<\/p>\n","protected":false},"author":18,"featured_media":0,"parent":0,"menu_order":0,"comment_status":"closed","ping_status":"closed","template":"","meta":{"_coblocks_attr":"","_coblocks_dimensions":"","_coblocks_responsive_height":"","_coblocks_accordion_ie_support":"","footnotes":""},"class_list":["post-537","page","type-page","status-publish","hentry"],"_links":{"self":[{"href":"https:\/\/www.univ-mosta.dz\/fle\/wp-json\/wp\/v2\/pages\/537","targetHints":{"allow":["GET"]}}],"collection":[{"href":"https:\/\/www.univ-mosta.dz\/fle\/wp-json\/wp\/v2\/pages"}],"about":[{"href":"https:\/\/www.univ-mosta.dz\/fle\/wp-json\/wp\/v2\/types\/page"}],"author":[{"embeddable":true,"href":"https:\/\/www.univ-mosta.dz\/fle\/wp-json\/wp\/v2\/users\/18"}],"replies":[{"embeddable":true,"href":"https:\/\/www.univ-mosta.dz\/fle\/wp-json\/wp\/v2\/comments?post=537"}],"version-history":[{"count":5,"href":"https:\/\/www.univ-mosta.dz\/fle\/wp-json\/wp\/v2\/pages\/537\/revisions"}],"predecessor-version":[{"id":547,"href":"https:\/\/www.univ-mosta.dz\/fle\/wp-json\/wp\/v2\/pages\/537\/revisions\/547"}],"wp:attachment":[{"href":"https:\/\/www.univ-mosta.dz\/fle\/wp-json\/wp\/v2\/media?parent=537"}],"curies":[{"name":"wp","href":"https:\/\/api.w.org\/{rel}","templated":true}]}}