{"id":505,"date":"2020-10-05T18:29:24","date_gmt":"2020-10-05T16:29:24","guid":{"rendered":"http:\/\/www.univ-mosta.dz\/fle\/?page_id=505"},"modified":"2020-10-05T18:29:24","modified_gmt":"2020-10-05T16:29:24","slug":"attestations-de-reussite","status":"publish","type":"page","link":"https:\/\/www.univ-mosta.dz\/fle\/attestations-de-reussite\/","title":{"rendered":"ATTESTATIONS DE R\u00c9USSITE"},"content":{"rendered":"<p><span style=\"font-size: large;color: #0000ff\">La remise des attestations de r\u00e9ussite pour les sp\u00e9cialit\u00e9s Master 2 de la fili\u00e8re\u00a0&lsquo;Langue fran\u00e7aise&rsquo; se fera \u00e0 partir de demain 06\/10\/2020 au niveau du service de scolarit\u00e9\u00a0de la Facult\u00e9 (ITA-CENTRE VILLE).<\/span><\/p>\n<p><span style=\"font-size: large;color: #0000ff\">Les \u00e9tudiants concern\u00e9s doivent pr\u00e9senter les pi\u00e8ces suivantes:<\/span><\/p>\n<ul style=\"list-style-type: disc\">\n<li><span style=\"font-size: large;color: #0000ff\">LE QUITUS FINAL DE LA BIBLIOTH\u00c8QUE\u00a0<\/span><\/li>\n<li><span style=\"font-size: large;color: #0000ff\">LA CARTE D&rsquo;\u00c9TUDIANT<\/span><\/li>\n<\/ul>\n","protected":false},"excerpt":{"rendered":"<p>La remise des attestations de r\u00e9ussite pour les sp\u00e9cialit\u00e9s Master 2 de la fili\u00e8re\u00a0&lsquo;Langue fran\u00e7aise&rsquo; se fera \u00e0 partir de demain 06\/10\/2020 au niveau du service de scolarit\u00e9\u00a0de la Facult\u00e9 &hellip;<\/p>\n","protected":false},"author":18,"featured_media":0,"parent":0,"menu_order":0,"comment_status":"closed","ping_status":"closed","template":"","meta":{"_coblocks_attr":"","_coblocks_dimensions":"","_coblocks_responsive_height":"","_coblocks_accordion_ie_support":"","footnotes":""},"class_list":["post-505","page","type-page","status-publish","hentry"],"_links":{"self":[{"href":"https:\/\/www.univ-mosta.dz\/fle\/wp-json\/wp\/v2\/pages\/505","targetHints":{"allow":["GET"]}}],"collection":[{"href":"https:\/\/www.univ-mosta.dz\/fle\/wp-json\/wp\/v2\/pages"}],"about":[{"href":"https:\/\/www.univ-mosta.dz\/fle\/wp-json\/wp\/v2\/types\/page"}],"author":[{"embeddable":true,"href":"https:\/\/www.univ-mosta.dz\/fle\/wp-json\/wp\/v2\/users\/18"}],"replies":[{"embeddable":true,"href":"https:\/\/www.univ-mosta.dz\/fle\/wp-json\/wp\/v2\/comments?post=505"}],"version-history":[{"count":1,"href":"https:\/\/www.univ-mosta.dz\/fle\/wp-json\/wp\/v2\/pages\/505\/revisions"}],"predecessor-version":[{"id":507,"href":"https:\/\/www.univ-mosta.dz\/fle\/wp-json\/wp\/v2\/pages\/505\/revisions\/507"}],"wp:attachment":[{"href":"https:\/\/www.univ-mosta.dz\/fle\/wp-json\/wp\/v2\/media?parent=505"}],"curies":[{"name":"wp","href":"https:\/\/api.w.org\/{rel}","templated":true}]}}