{"id":41,"date":"2019-02-15T16:13:34","date_gmt":"2019-02-15T15:13:34","guid":{"rendered":"http:\/\/www.univ-mosta.dz\/fle\/?page_id=41"},"modified":"2019-02-20T18:00:56","modified_gmt":"2019-02-20T17:00:56","slug":"presentation","status":"publish","type":"page","link":"https:\/\/www.univ-mosta.dz\/fle\/presentation\/","title":{"rendered":"pr\u00e9sentation"},"content":{"rendered":"<blockquote><p>pr\u00e9sentation<\/p><\/blockquote>\n<p>La Facult\u00e9 des Langues \u00e9trang\u00e8res a \u00e9t\u00e9 cr\u00e9e en vertu du D\u00e9cret ex\u00e9cutif n\u00b0 14-239 du 29\u00a0Chaoual 1435 correspondant au 25 ao\u00fbt 2014 modifiant et compl\u00e9tant le d\u00e9cret ex\u00e9cutif n\u00b0 98-220 du 13 Rabie El Aouel 1419 correspondant au 7 juillet 1998 portant cr\u00e9ation de l\u2019universit\u00e9 de Mostaganem. Elle comprend trois d\u00e9partements :<\/p>\n<hr \/>\n<ul>\n<li>Langue Anglaise<\/li>\n<li>Langue Espagnole<\/li>\n<li>Langue Fran\u00e7aise<\/li>\n<\/ul>\n","protected":false},"excerpt":{"rendered":"<p>pr\u00e9sentation La Facult\u00e9 des Langues \u00e9trang\u00e8res a \u00e9t\u00e9 cr\u00e9e en vertu du D\u00e9cret ex\u00e9cutif n\u00b0 14-239 du 29\u00a0Chaoual 1435 correspondant au 25 ao\u00fbt 2014 modifiant et compl\u00e9tant le d\u00e9cret ex\u00e9cutif &hellip;<\/p>\n","protected":false},"author":10,"featured_media":0,"parent":0,"menu_order":0,"comment_status":"closed","ping_status":"closed","template":"","meta":{"_coblocks_attr":"","_coblocks_dimensions":"","_coblocks_responsive_height":"","_coblocks_accordion_ie_support":"","footnotes":""},"class_list":["post-41","page","type-page","status-publish","hentry"],"_links":{"self":[{"href":"https:\/\/www.univ-mosta.dz\/fle\/wp-json\/wp\/v2\/pages\/41","targetHints":{"allow":["GET"]}}],"collection":[{"href":"https:\/\/www.univ-mosta.dz\/fle\/wp-json\/wp\/v2\/pages"}],"about":[{"href":"https:\/\/www.univ-mosta.dz\/fle\/wp-json\/wp\/v2\/types\/page"}],"author":[{"embeddable":true,"href":"https:\/\/www.univ-mosta.dz\/fle\/wp-json\/wp\/v2\/users\/10"}],"replies":[{"embeddable":true,"href":"https:\/\/www.univ-mosta.dz\/fle\/wp-json\/wp\/v2\/comments?post=41"}],"version-history":[{"count":3,"href":"https:\/\/www.univ-mosta.dz\/fle\/wp-json\/wp\/v2\/pages\/41\/revisions"}],"predecessor-version":[{"id":98,"href":"https:\/\/www.univ-mosta.dz\/fle\/wp-json\/wp\/v2\/pages\/41\/revisions\/98"}],"wp:attachment":[{"href":"https:\/\/www.univ-mosta.dz\/fle\/wp-json\/wp\/v2\/media?parent=41"}],"curies":[{"name":"wp","href":"https:\/\/api.w.org\/{rel}","templated":true}]}}