{"id":40,"date":"2019-02-15T16:13:34","date_gmt":"2019-02-15T15:13:34","guid":{"rendered":"http:\/\/www.univ-mosta.dz\/fle\/?page_id=40"},"modified":"2019-02-20T17:57:18","modified_gmt":"2019-02-20T16:57:18","slug":"mot-du-doyen","status":"publish","type":"page","link":"https:\/\/www.univ-mosta.dz\/fle\/mot-du-doyen\/","title":{"rendered":"Mot du doyen"},"content":{"rendered":"<address><img loading=\"lazy\" decoding=\"async\" class=\" wp-image-95 alignright\" src=\"http:\/\/www.univ-mosta.dz\/fle\/wp-content\/uploads\/sites\/2\/2019\/02\/houari_bellatrech-300x279.png\" alt=\"\" width=\"205\" height=\"191\" srcset=\"https:\/\/www.univ-mosta.dz\/fle\/wp-content\/uploads\/sites\/2\/2019\/02\/houari_bellatrech-300x279.png 300w, https:\/\/www.univ-mosta.dz\/fle\/wp-content\/uploads\/sites\/2\/2019\/02\/houari_bellatrech.png 433w\" sizes=\"auto, (max-width: 205px) 100vw, 205px\" \/>Tous les mots\u00a0sont\u00a0insuffisants\u00a0pour t\u00e9moigner de l\u2019apport de mes pr\u00e9d\u00e9cesseurs dans la noble mission de pr\u00e9sider \u00e0 la bonne marche de la Facult\u00e9 ainsi que pour traduire le sentiment de responsabilit\u00e9 ressenti \u00e0 r\u00e9pondre dignement \u00e0 la confiance qui m\u2019est accord\u00e9e. Convaincu que la reconnaissance est la somme des vertus, je ne me propose point de d\u00e9ranger la construction si bien men\u00e9e par mes devanciers mais d&rsquo;apporter ma pierre \u00e0 l&rsquo;\u00e9difice dans la mesure des moyens de l\u2019institution, des miens propres, de la contribution g\u00e9n\u00e9rale et en particulier enseignante et estudiantine.<\/address>\n<address>Riche de cette exp\u00e9rience, rassur\u00e9 de la bonne gouvernance de Monsieur le Recteur et confort\u00e9 par la comp\u00e9tence et le d\u00e9vouement des Professeurs que j\u2019appelle encore mes ma\u00eetres, je prends l\u2019engagement de m\u2019investir de mani\u00e8re int\u00e8gre afin d\u2019en poursuivre la bonne \u00e9volution.<\/address>\n<address>Je con\u00e7ois notre dispositif p\u00e9dagogique et administratif en une forme circulaire o\u00f9 tous les points sont \u00e0 \u00e9gale distance d\u2019un centre qui est la communaut\u00e9 estudiantine \u00e0 laquelle nous offrons la recherche commune du savoir par notre d\u00e9vouement quotidien.<\/address>\n<address>Communication, concertation, compl\u00e9mentarit\u00e9, et rigueur au service d\u2019un id\u00e9al p\u00e9dagogique et scientifique \u00e0 la mesure des sacrifices consentis par notre pays et par notre peuple.<\/address>\n<address>Ch\u00e8res \u00e9tudiantes, chers \u00e9tudiants, Vous n\u2019\u00eates pas que des b\u00e9n\u00e9ficiaires, mais les h\u00e9ritiers l\u00e9gitimes de cet espace. Je vous invite \u00e0 y croire et \u00e0 vous y investir. Prenez-en soin, usez-en pour l\u2019\u00e9panouissement de l\u2019\u00e2me et de l\u2019esprit et pour donner sens \u00e0 des sacrifices s\u00e9culaires sans lesquels cet espace n\u2019aurait jamais \u00e9t\u00e9.<\/address>\n<h3 style=\"text-align: right\"><strong><span style=\"font-size: 12pt\">Le Doyen Dr. Houari BELLATRECHE<\/span><\/strong><\/h3>\n","protected":false},"excerpt":{"rendered":"<p>Tous les mots\u00a0sont\u00a0insuffisants\u00a0pour t\u00e9moigner de l\u2019apport de mes pr\u00e9d\u00e9cesseurs dans la noble mission de pr\u00e9sider \u00e0 la bonne marche de la Facult\u00e9 ainsi que pour traduire le sentiment de responsabilit\u00e9 &hellip;<\/p>\n","protected":false},"author":10,"featured_media":0,"parent":0,"menu_order":0,"comment_status":"closed","ping_status":"closed","template":"","meta":{"_coblocks_attr":"","_coblocks_dimensions":"","_coblocks_responsive_height":"","_coblocks_accordion_ie_support":"","footnotes":""},"class_list":["post-40","page","type-page","status-publish","hentry"],"_links":{"self":[{"href":"https:\/\/www.univ-mosta.dz\/fle\/wp-json\/wp\/v2\/pages\/40","targetHints":{"allow":["GET"]}}],"collection":[{"href":"https:\/\/www.univ-mosta.dz\/fle\/wp-json\/wp\/v2\/pages"}],"about":[{"href":"https:\/\/www.univ-mosta.dz\/fle\/wp-json\/wp\/v2\/types\/page"}],"author":[{"embeddable":true,"href":"https:\/\/www.univ-mosta.dz\/fle\/wp-json\/wp\/v2\/users\/10"}],"replies":[{"embeddable":true,"href":"https:\/\/www.univ-mosta.dz\/fle\/wp-json\/wp\/v2\/comments?post=40"}],"version-history":[{"count":3,"href":"https:\/\/www.univ-mosta.dz\/fle\/wp-json\/wp\/v2\/pages\/40\/revisions"}],"predecessor-version":[{"id":96,"href":"https:\/\/www.univ-mosta.dz\/fle\/wp-json\/wp\/v2\/pages\/40\/revisions\/96"}],"wp:attachment":[{"href":"https:\/\/www.univ-mosta.dz\/fle\/wp-json\/wp\/v2\/media?parent=40"}],"curies":[{"name":"wp","href":"https:\/\/api.w.org\/{rel}","templated":true}]}}