{"id":367,"date":"2020-08-20T14:18:07","date_gmt":"2020-08-20T12:18:07","guid":{"rendered":"http:\/\/www.univ-mosta.dz\/fle\/?page_id=367"},"modified":"2020-08-21T18:54:54","modified_gmt":"2020-08-21T16:54:54","slug":"signature-du-reprise","status":"publish","type":"page","link":"https:\/\/www.univ-mosta.dz\/fle\/signature-du-reprise\/","title":{"rendered":"SIGNATURE DU REPRISE"},"content":{"rendered":"<p><em><span style=\"font-size: 18pt\">Bonjour \u00e0 toutes et \u00e0 tous, Je vous envoie en attach\u00e9 le PV de reprise ( en <a href=\"http:\/\/www.univ-mosta.dz\/fle\/wp-content\/uploads\/sites\/2\/2020\/08\/PV-DE-REPRISE-PDF.pdf\">PDF\u00a0<\/a>, image <a href=\"http:\/\/www.univ-mosta.dz\/fle\/wp-content\/uploads\/sites\/2\/2020\/08\/PV-DE-REPRISE-JPG-IMAGE.jpg\">JPG<\/a>, <a href=\"http:\/\/www.univ-mosta.dz\/fle\/wp-content\/uploads\/sites\/2\/2020\/08\/Formulaire.docx\">formulaire en word<\/a>)\u00a0 \u00e0 signer et remettre aux\u00a0 d\u00e9partements le 23\/08\/2020 ( par mail ou \u00e0 d\u00e9poser).<\/span><\/em><\/p>\n<p>&nbsp;<\/p>\n","protected":false},"excerpt":{"rendered":"<p>Bonjour \u00e0 toutes et \u00e0 tous, Je vous envoie en attach\u00e9 le PV de reprise ( en PDF\u00a0, image JPG, formulaire en word)\u00a0 \u00e0 signer et remettre aux\u00a0 d\u00e9partements le &hellip;<\/p>\n","protected":false},"author":18,"featured_media":0,"parent":0,"menu_order":0,"comment_status":"closed","ping_status":"closed","template":"","meta":{"_coblocks_attr":"","_coblocks_dimensions":"","_coblocks_responsive_height":"","_coblocks_accordion_ie_support":"","footnotes":""},"class_list":["post-367","page","type-page","status-publish","hentry"],"_links":{"self":[{"href":"https:\/\/www.univ-mosta.dz\/fle\/wp-json\/wp\/v2\/pages\/367","targetHints":{"allow":["GET"]}}],"collection":[{"href":"https:\/\/www.univ-mosta.dz\/fle\/wp-json\/wp\/v2\/pages"}],"about":[{"href":"https:\/\/www.univ-mosta.dz\/fle\/wp-json\/wp\/v2\/types\/page"}],"author":[{"embeddable":true,"href":"https:\/\/www.univ-mosta.dz\/fle\/wp-json\/wp\/v2\/users\/18"}],"replies":[{"embeddable":true,"href":"https:\/\/www.univ-mosta.dz\/fle\/wp-json\/wp\/v2\/comments?post=367"}],"version-history":[{"count":5,"href":"https:\/\/www.univ-mosta.dz\/fle\/wp-json\/wp\/v2\/pages\/367\/revisions"}],"predecessor-version":[{"id":379,"href":"https:\/\/www.univ-mosta.dz\/fle\/wp-json\/wp\/v2\/pages\/367\/revisions\/379"}],"wp:attachment":[{"href":"https:\/\/www.univ-mosta.dz\/fle\/wp-json\/wp\/v2\/media?parent=367"}],"curies":[{"name":"wp","href":"https:\/\/api.w.org\/{rel}","templated":true}]}}