{"id":349,"date":"2020-08-18T20:39:55","date_gmt":"2020-08-18T18:39:55","guid":{"rendered":"http:\/\/www.univ-mosta.dz\/fle\/?page_id=349"},"modified":"2020-08-18T20:52:30","modified_gmt":"2020-08-18T18:52:30","slug":"avis_enseignants_etudiants","status":"publish","type":"page","link":"https:\/\/www.univ-mosta.dz\/fle\/avis_enseignants_etudiants\/","title":{"rendered":"AVIS IMPORTANT AUX ENSEIGNANTS ET AUX \u00c9TUDIANTS"},"content":{"rendered":"<p><strong>Il est port\u00e9 \u00e0 la connaissance des enseignants et des \u00e9tudiants de la Facult\u00e9 des Langues \u00c9trang\u00e8res\u00a0que la reprise des activit\u00e9s p\u00e9dagogiques pour cl\u00f4turer l&rsquo;ann\u00e9e universitaire\u00a02019-2020 (cours de r\u00e9vision et examens)\u00a0<u>en pr\u00e9sentiel\u00a0a \u00e9t\u00e9 report\u00e9 \u00e0 une date ult\u00e9rieure.<\/u><\/strong><\/p>\n<p><strong>Par ailleurs, les examens de rattrapage des promotions de Master 2 pour les\u00a0\u2019fili\u00e8res : &lsquo;langue anglaise et langue espagnole&rsquo; se feront en\u00a0septembre\u00a0<u>en pr\u00e9sentiel<\/u>\u00a0selon un planning qui sera affich\u00e9 ult\u00e9rieurement aux d\u00e9partements concern\u00e9s et sur internet &lsquo;site de la facult\u00e9 et page Facebook officielle)<\/strong><\/p>\n<p><strong>Les soutenances des m\u00e9moires de Master se feront \u00e0 distance (par voie \u00e9lectronique, par mail\u00a0et sur internet) \u00e0 partir du 23 ao\u00fbt et m\u00eame en septembre\u00a0pour les trois fili\u00e8res &lsquo;langue fran\u00e7aise, langue anglaise et langue espagnole&rsquo;<\/strong><\/p>\n<p><a href=\"http:\/\/www.univ-mosta.dz\/fle\/wp-content\/uploads\/sites\/2\/2020\/08\/Envoi_866-SG_16-8-2020_reprise.pdf\">En attach\u00e9 la note minist\u00e9rielle n\u00b0 866 du 16 ao\u00fbt 2020.<\/a><\/p>\n<p>&nbsp;<\/p>\n<p>&nbsp;<\/p>\n<p>&nbsp;<\/p>\n","protected":false},"excerpt":{"rendered":"<p>Il est port\u00e9 \u00e0 la connaissance des enseignants et des \u00e9tudiants de la Facult\u00e9 des Langues \u00c9trang\u00e8res\u00a0que la reprise des activit\u00e9s p\u00e9dagogiques pour cl\u00f4turer l&rsquo;ann\u00e9e universitaire\u00a02019-2020 (cours de r\u00e9vision et &hellip;<\/p>\n","protected":false},"author":18,"featured_media":0,"parent":0,"menu_order":0,"comment_status":"closed","ping_status":"closed","template":"","meta":{"_coblocks_attr":"","_coblocks_dimensions":"","_coblocks_responsive_height":"","_coblocks_accordion_ie_support":"","footnotes":""},"class_list":["post-349","page","type-page","status-publish","hentry"],"_links":{"self":[{"href":"https:\/\/www.univ-mosta.dz\/fle\/wp-json\/wp\/v2\/pages\/349","targetHints":{"allow":["GET"]}}],"collection":[{"href":"https:\/\/www.univ-mosta.dz\/fle\/wp-json\/wp\/v2\/pages"}],"about":[{"href":"https:\/\/www.univ-mosta.dz\/fle\/wp-json\/wp\/v2\/types\/page"}],"author":[{"embeddable":true,"href":"https:\/\/www.univ-mosta.dz\/fle\/wp-json\/wp\/v2\/users\/18"}],"replies":[{"embeddable":true,"href":"https:\/\/www.univ-mosta.dz\/fle\/wp-json\/wp\/v2\/comments?post=349"}],"version-history":[{"count":5,"href":"https:\/\/www.univ-mosta.dz\/fle\/wp-json\/wp\/v2\/pages\/349\/revisions"}],"predecessor-version":[{"id":357,"href":"https:\/\/www.univ-mosta.dz\/fle\/wp-json\/wp\/v2\/pages\/349\/revisions\/357"}],"wp:attachment":[{"href":"https:\/\/www.univ-mosta.dz\/fle\/wp-json\/wp\/v2\/media?parent=349"}],"curies":[{"name":"wp","href":"https:\/\/api.w.org\/{rel}","templated":true}]}}