{"id":319,"date":"2020-03-20T08:42:37","date_gmt":"2020-03-20T07:42:37","guid":{"rendered":"http:\/\/www.univ-mosta.dz\/fle\/?page_id=319"},"modified":"2020-03-20T09:00:31","modified_gmt":"2020-03-20T08:00:31","slug":"polycopie-pedagogique","status":"publish","type":"page","link":"https:\/\/www.univ-mosta.dz\/fle\/polycopie-pedagogique\/","title":{"rendered":"polycopi\u00e9 p\u00e9dagogique"},"content":{"rendered":"<p>Je mets \u00e0 votre disposition le polycopi\u00e9 p\u00e9dagogique des prochaines s\u00e9ances programm\u00e9es en pr\u00e9sentiel.<\/p>\n<p>pour le consulter <a href=\"https:\/\/www.univ-mosta.dz\/fle\/wp-content\/uploads\/sites\/2\/2020\/03\/Polycopi%C3%A9-p%C3%A9dagogique.pdf\"><strong><em>cliquez ici<\/em><\/strong><\/a><\/p>\n<p>&nbsp;<\/p>\n","protected":false},"excerpt":{"rendered":"<p>Je mets \u00e0 votre disposition le polycopi\u00e9 p\u00e9dagogique des prochaines s\u00e9ances programm\u00e9es en pr\u00e9sentiel. pour le consulter cliquez ici &nbsp;<\/p>\n","protected":false},"author":18,"featured_media":0,"parent":0,"menu_order":0,"comment_status":"closed","ping_status":"closed","template":"","meta":{"_coblocks_attr":"","_coblocks_dimensions":"","_coblocks_responsive_height":"","_coblocks_accordion_ie_support":"","footnotes":""},"class_list":["post-319","page","type-page","status-publish","hentry"],"_links":{"self":[{"href":"https:\/\/www.univ-mosta.dz\/fle\/wp-json\/wp\/v2\/pages\/319","targetHints":{"allow":["GET"]}}],"collection":[{"href":"https:\/\/www.univ-mosta.dz\/fle\/wp-json\/wp\/v2\/pages"}],"about":[{"href":"https:\/\/www.univ-mosta.dz\/fle\/wp-json\/wp\/v2\/types\/page"}],"author":[{"embeddable":true,"href":"https:\/\/www.univ-mosta.dz\/fle\/wp-json\/wp\/v2\/users\/18"}],"replies":[{"embeddable":true,"href":"https:\/\/www.univ-mosta.dz\/fle\/wp-json\/wp\/v2\/comments?post=319"}],"version-history":[{"count":3,"href":"https:\/\/www.univ-mosta.dz\/fle\/wp-json\/wp\/v2\/pages\/319\/revisions"}],"predecessor-version":[{"id":321,"href":"https:\/\/www.univ-mosta.dz\/fle\/wp-json\/wp\/v2\/pages\/319\/revisions\/321"}],"wp:attachment":[{"href":"https:\/\/www.univ-mosta.dz\/fle\/wp-json\/wp\/v2\/media?parent=319"}],"curies":[{"name":"wp","href":"https:\/\/api.w.org\/{rel}","templated":true}]}}