{"id":2429,"date":"2021-11-25T13:21:58","date_gmt":"2021-11-25T12:21:58","guid":{"rendered":"https:\/\/www.univ-mosta.dz\/fle\/?page_id=2429"},"modified":"2025-09-09T14:33:32","modified_gmt":"2025-09-09T12:33:32","slug":"la-vice-doyen-de-la-pedagogie","status":"publish","type":"page","link":"https:\/\/www.univ-mosta.dz\/fle\/la-vice-doyen-de-la-pedagogie\/","title":{"rendered":"Le vice-doyen de la p\u00e9dagogie"},"content":{"rendered":"\n<h4>\u00a0 \u00a0 \u00a0 \u00a0 \u00a0 \u00a0 <span style=\"color: #339966\">\u00a0<strong>Dr LOUALICHE BAROUDI<\/strong><\/span><\/h4>\n<h4>\u00a0 \u00a0 \u00a0 \u00a0 \u00a0 \u00a0 baroudi.loualiche@univ-mosta.dz<\/h4>\n<h4>\u00a0 \u00a0 \u00a0 \u00a0 \u00a0 \u00a0 Vice Doyen charg\u00e9 des \u00e9tudes et des questions li\u00e9es aux \u00e9tudiants<\/h4>\n<h4>\u00a0<\/h4>\n<div class=\"wp-block-uagb-advanced-heading uagb-block-a62e281a\">\n<h2 class=\"uagb-heading-text\">R\u00f4les et Missions<\/h2>\n<div class=\"uagb-separator\"><strong style=\"font-size: revert;color: initial\">Le vice-doyen charg\u00e9 des \u00e9tudes et des questions li\u00e9es aux \u00e9tudiants a pour t\u00e2ches :<\/strong><\/div>\n<\/div>\n<ul class=\"wp-block-list\">\n<li>D\u2019assurer la gestion et le suivi des inscriptions des \u00e9tudiants en graduation;<\/li>\n<li>De suivre le d\u00e9roulement des activit\u00e9s d\u2019enseignement et de prendre ou proposer au doyen toute mesure en vue de leur am\u00e9lioration;<\/li>\n<li>De tenir le fichier nominatif et statistique des \u00e9tudiants; de recueillir, traiter et diffuser l\u2019information p\u00e9dagogique au profit des \u00e9tudiants.<\/li>\n<\/ul>\n<p><strong>Le vice-doyen charg\u00e9 des \u00e9tudes et des\u00a0questions li\u00e9es\u00a0aux \u00e9tudiants est assist\u00e9 par<\/strong>\u00a0:<\/p>\n<ul class=\"wp-block-list\">\n<li>Le chef de service de la scolarit\u00e9,<\/li>\n<li>Le chef de service des enseignements et de\u00a0l\u2019\u00e9valuation\u00a0<strong>\u00a0<\/strong><\/li>\n<li>Le chef de service des statistiques, de l\u2019information et\u00a0de l\u2019orientation.<strong>\u00a0<\/strong><\/li>\n<\/ul>\n","protected":false},"excerpt":{"rendered":"<p>\u00a0 \u00a0 \u00a0 \u00a0 \u00a0 \u00a0 \u00a0Dr LOUALICHE BAROUDI \u00a0 \u00a0 \u00a0 \u00a0 \u00a0 \u00a0 baroudi.loualiche@univ-mosta.dz \u00a0 \u00a0 \u00a0 \u00a0 \u00a0 \u00a0 Vice Doyen charg\u00e9 des \u00e9tudes et des questions &hellip;<\/p>\n","protected":false},"author":18,"featured_media":0,"parent":0,"menu_order":0,"comment_status":"closed","ping_status":"closed","template":"","meta":{"_coblocks_attr":"","_coblocks_dimensions":"","_coblocks_responsive_height":"","_coblocks_accordion_ie_support":"","footnotes":""},"class_list":["post-2429","page","type-page","status-publish","hentry"],"_links":{"self":[{"href":"https:\/\/www.univ-mosta.dz\/fle\/wp-json\/wp\/v2\/pages\/2429","targetHints":{"allow":["GET"]}}],"collection":[{"href":"https:\/\/www.univ-mosta.dz\/fle\/wp-json\/wp\/v2\/pages"}],"about":[{"href":"https:\/\/www.univ-mosta.dz\/fle\/wp-json\/wp\/v2\/types\/page"}],"author":[{"embeddable":true,"href":"https:\/\/www.univ-mosta.dz\/fle\/wp-json\/wp\/v2\/users\/18"}],"replies":[{"embeddable":true,"href":"https:\/\/www.univ-mosta.dz\/fle\/wp-json\/wp\/v2\/comments?post=2429"}],"version-history":[{"count":5,"href":"https:\/\/www.univ-mosta.dz\/fle\/wp-json\/wp\/v2\/pages\/2429\/revisions"}],"predecessor-version":[{"id":4536,"href":"https:\/\/www.univ-mosta.dz\/fle\/wp-json\/wp\/v2\/pages\/2429\/revisions\/4536"}],"wp:attachment":[{"href":"https:\/\/www.univ-mosta.dz\/fle\/wp-json\/wp\/v2\/media?parent=2429"}],"curies":[{"name":"wp","href":"https:\/\/api.w.org\/{rel}","templated":true}]}}