{"id":1870,"date":"2021-10-18T16:04:29","date_gmt":"2021-10-18T14:04:29","guid":{"rendered":"https:\/\/www.univ-mosta.dz\/fle\/?page_id=1870"},"modified":"2021-10-18T16:22:25","modified_gmt":"2021-10-18T14:22:25","slug":"habilitation2021","status":"publish","type":"page","link":"https:\/\/www.univ-mosta.dz\/fle\/habilitation2021\/","title":{"rendered":"Annonce de l\u2019ouverture de la premi\u00e8re (1\u00e8re) session de candidature en vue de l\u2019obtention de l\u2019Habilitation Universitaire"},"content":{"rendered":"\n<h2 class=\"wp-block-heading\"><\/h2>\n\n\n\n<p>La p\u00e9riode de d\u00e9p\u00f4t des candidatures est fix\u00e9e du\u00a0<strong>18 octobre 2021<\/strong>\u00a0au\u00a0<strong>6 novembre 2021.Le dossier de candidature devra \u00eatre d\u00e9pos\u00e9 exclusivement via\u00a0la plateforme PROGRES<\/strong><\/p>\n\n\n\n<p><strong>Pour plus d&rsquo;information, merci de contacter par mail:<\/strong><\/p>\n\n\n\n<p><a href=\"mailto:amina.medjahed.vrpg@univ-mosta.dz\" rel=\"noreferrer noopener\" target=\"_blank\">amina.medjahed.vrpg@univ-mosta.dz<\/a><strong><\/strong><\/p>\n\n\n\n<p><a href=\"mailto:vrpghr@univ-mosta.dz\" rel=\"noreferrer noopener\" target=\"_blank\">vrpghr@univ-mosta.dz<\/a><\/p>\n\n\n\n<p>Lien de la plateforme de candidature\u00a0:\u00a0<a href=\"https:\/\/progres.mesrs.dz\/webgrh\" rel=\"noreferrer noopener\" target=\"_blank\"><strong>https:\/\/progres.mesrs.dz\/webgrh<\/strong><\/a><\/p>\n","protected":false},"excerpt":{"rendered":"<p>La p\u00e9riode de d\u00e9p\u00f4t des candidatures est fix\u00e9e du\u00a018 octobre 2021\u00a0au\u00a06 novembre 2021.Le dossier de candidature devra \u00eatre d\u00e9pos\u00e9 exclusivement via\u00a0la plateforme PROGRES Pour plus d&rsquo;information, merci de contacter par &hellip;<\/p>\n","protected":false},"author":18,"featured_media":0,"parent":0,"menu_order":0,"comment_status":"closed","ping_status":"closed","template":"","meta":{"_coblocks_attr":"","_coblocks_dimensions":"","_coblocks_responsive_height":"","_coblocks_accordion_ie_support":"","footnotes":""},"class_list":["post-1870","page","type-page","status-publish","hentry"],"_links":{"self":[{"href":"https:\/\/www.univ-mosta.dz\/fle\/wp-json\/wp\/v2\/pages\/1870","targetHints":{"allow":["GET"]}}],"collection":[{"href":"https:\/\/www.univ-mosta.dz\/fle\/wp-json\/wp\/v2\/pages"}],"about":[{"href":"https:\/\/www.univ-mosta.dz\/fle\/wp-json\/wp\/v2\/types\/page"}],"author":[{"embeddable":true,"href":"https:\/\/www.univ-mosta.dz\/fle\/wp-json\/wp\/v2\/users\/18"}],"replies":[{"embeddable":true,"href":"https:\/\/www.univ-mosta.dz\/fle\/wp-json\/wp\/v2\/comments?post=1870"}],"version-history":[{"count":5,"href":"https:\/\/www.univ-mosta.dz\/fle\/wp-json\/wp\/v2\/pages\/1870\/revisions"}],"predecessor-version":[{"id":1882,"href":"https:\/\/www.univ-mosta.dz\/fle\/wp-json\/wp\/v2\/pages\/1870\/revisions\/1882"}],"wp:attachment":[{"href":"https:\/\/www.univ-mosta.dz\/fle\/wp-json\/wp\/v2\/media?parent=1870"}],"curies":[{"name":"wp","href":"https:\/\/api.w.org\/{rel}","templated":true}]}}