{"id":1860,"date":"2021-10-10T15:56:06","date_gmt":"2021-10-10T13:56:06","guid":{"rendered":"https:\/\/www.univ-mosta.dz\/fle\/?page_id=1860"},"modified":"2021-10-10T16:02:18","modified_gmt":"2021-10-10T14:02:18","slug":"csd-csf-21","status":"publish","type":"page","link":"https:\/\/www.univ-mosta.dz\/fle\/csd-csf-21\/","title":{"rendered":"csd-csf-21"},"content":{"rendered":"\n<p><strong>Dates importantes \u00e0 retenir:<\/strong><\/p>\n\n\n\n<p><strong>Date du comit\u00e9 scientifique du d\u00e9partement de fran\u00e7ais (CSD)\u00a0<\/strong>: <\/p>\n\n\n\n<p>dimanche 17 octobre\u00a0<\/p>\n\n\n\n<p><strong>Date du\u00a0comit\u00e9 scientifique du d\u00e9partement\u00a0d&rsquo;anglais (CSD)\u00a0<\/strong>:<\/p>\n\n\n\n<p> dimanche 17 octobre\u00a0<\/p>\n\n\n\n<p><strong>Date du Conseil scientifique de la facult\u00e9 (CSF)<\/strong>: lundi 25 octobre<\/p>\n","protected":false},"excerpt":{"rendered":"<p>Dates importantes \u00e0 retenir: Date du comit\u00e9 scientifique du d\u00e9partement de fran\u00e7ais (CSD)\u00a0: dimanche 17 octobre\u00a0 Date du\u00a0comit\u00e9 scientifique du d\u00e9partement\u00a0d&rsquo;anglais (CSD)\u00a0: dimanche 17 octobre\u00a0 Date du Conseil scientifique de &hellip;<\/p>\n","protected":false},"author":18,"featured_media":0,"parent":0,"menu_order":0,"comment_status":"closed","ping_status":"closed","template":"","meta":{"_coblocks_attr":"","_coblocks_dimensions":"","_coblocks_responsive_height":"","_coblocks_accordion_ie_support":"","footnotes":""},"class_list":["post-1860","page","type-page","status-publish","hentry"],"_links":{"self":[{"href":"https:\/\/www.univ-mosta.dz\/fle\/wp-json\/wp\/v2\/pages\/1860","targetHints":{"allow":["GET"]}}],"collection":[{"href":"https:\/\/www.univ-mosta.dz\/fle\/wp-json\/wp\/v2\/pages"}],"about":[{"href":"https:\/\/www.univ-mosta.dz\/fle\/wp-json\/wp\/v2\/types\/page"}],"author":[{"embeddable":true,"href":"https:\/\/www.univ-mosta.dz\/fle\/wp-json\/wp\/v2\/users\/18"}],"replies":[{"embeddable":true,"href":"https:\/\/www.univ-mosta.dz\/fle\/wp-json\/wp\/v2\/comments?post=1860"}],"version-history":[{"count":3,"href":"https:\/\/www.univ-mosta.dz\/fle\/wp-json\/wp\/v2\/pages\/1860\/revisions"}],"predecessor-version":[{"id":1866,"href":"https:\/\/www.univ-mosta.dz\/fle\/wp-json\/wp\/v2\/pages\/1860\/revisions\/1866"}],"wp:attachment":[{"href":"https:\/\/www.univ-mosta.dz\/fle\/wp-json\/wp\/v2\/media?parent=1860"}],"curies":[{"name":"wp","href":"https:\/\/api.w.org\/{rel}","templated":true}]}}