{"id":1829,"date":"2021-09-27T16:58:38","date_gmt":"2021-09-27T14:58:38","guid":{"rendered":"https:\/\/www.univ-mosta.dz\/fle\/?page_id=1829"},"modified":"2021-09-27T17:26:25","modified_gmt":"2021-09-27T15:26:25","slug":"emploi2021-2","status":"publish","type":"page","link":"https:\/\/www.univ-mosta.dz\/fle\/emploi2021-2\/","title":{"rendered":"emploi2021"},"content":{"rendered":"<p><span style=\"color: #0000ff\"><strong><a href=\"http:\/\/www.univ-mosta.dz\/fle\/wp-content\/uploads\/sites\/2\/2020\/09\/Planning-des-cours-de-revision-du-departement-danglais.pdf\"><img loading=\"lazy\" decoding=\"async\" class=\"\" src=\"https:\/\/www.gifgratis.net\/gifs_animes\/boutons_web\/51.gif\" alt=\"EMOTICON boutons web 51\" width=\"20\" height=\"20\" \/><\/a> D\u00e9partement de langue fran\u00e7aise<\/strong><\/span><\/p>\n<p style=\"padding-left: 80px\"><a href=\"http:\/\/www.univ-mosta.dz\/fle\/wp-content\/uploads\/sites\/2\/2021\/09\/Emplois-du-temps-Licence-1.xlsx\"><img loading=\"lazy\" decoding=\"async\" class=\"alignnone size-full wp-image-455\" src=\"http:\/\/www.univ-mosta.dz\/fle\/wp-content\/uploads\/sites\/2\/2020\/09\/frecciag.gif\" alt=\"\" width=\"25\" height=\"13\" \/> <span style=\"color: #ffce99;font-size: 14pt\">Licence 1<\/span><\/a><\/p>\n<p style=\"padding-left: 80px\"><a href=\"http:\/\/www.univ-mosta.dz\/fle\/wp-content\/uploads\/sites\/2\/2021\/09\/Emplois-du-temps-etudiants-L3-et-M2-annee-2021-2022.xlsx\"><img loading=\"lazy\" decoding=\"async\" class=\"alignnone size-full wp-image-455\" src=\"http:\/\/www.univ-mosta.dz\/fle\/wp-content\/uploads\/sites\/2\/2020\/09\/frecciag.gif\" alt=\"\" width=\"25\" height=\"13\" \/> <span style=\"color: #ffce99;font-size: 14pt\">L3 et M2<\/span><\/a><\/p>\n<p><span style=\"color: #0000ff\"><strong><a href=\"http:\/\/www.univ-mosta.dz\/fle\/wp-content\/uploads\/sites\/2\/2020\/09\/Planning-des-cours-de-revision-du-departement-danglais.pdf\"><img loading=\"lazy\" decoding=\"async\" class=\"\" src=\"https:\/\/www.gifgratis.net\/gifs_animes\/boutons_web\/51.gif\" alt=\"EMOTICON boutons web 51\" width=\"20\" height=\"20\" \/><\/a>\u00a0D\u00e9partement de langue anglaise<\/strong><\/span><\/p>\n<p style=\"padding-left: 80px\"><a href=\"http:\/\/www.univ-mosta.dz\/fle\/wp-content\/uploads\/sites\/2\/2021\/09\/Timetable-L1-2021_2022.pdf\"><img loading=\"lazy\" decoding=\"async\" class=\"alignnone size-full wp-image-455\" src=\"http:\/\/www.univ-mosta.dz\/fle\/wp-content\/uploads\/sites\/2\/2020\/09\/frecciag.gif\" alt=\"\" width=\"25\" height=\"13\" \/> <span style=\"color: #ffce99;font-size: 14pt\">L1<\/span><\/a><\/p>\n<p style=\"padding-left: 80px\"><a href=\"http:\/\/www.univ-mosta.dz\/fle\/wp-content\/uploads\/sites\/2\/2021\/09\/Timetable-L3-2021_2022.pdf\"><img loading=\"lazy\" decoding=\"async\" class=\"alignnone size-full wp-image-455\" src=\"http:\/\/www.univ-mosta.dz\/fle\/wp-content\/uploads\/sites\/2\/2020\/09\/frecciag.gif\" alt=\"\" width=\"25\" height=\"13\" \/> <span style=\"color: #ffce99;font-size: 14pt\">L3<\/span><\/a><\/p>\n<p style=\"padding-left: 80px\"><a href=\"http:\/\/www.univ-mosta.dz\/fle\/wp-content\/uploads\/sites\/2\/2021\/09\/Timetable-M2-2021_2022.pdf\"><img loading=\"lazy\" decoding=\"async\" class=\"alignnone size-full wp-image-455\" src=\"http:\/\/www.univ-mosta.dz\/fle\/wp-content\/uploads\/sites\/2\/2020\/09\/frecciag.gif\" alt=\"\" width=\"25\" height=\"13\" \/> <span style=\"color: #ffce99;font-size: 14pt\">M2<\/span><\/a><\/p>\n<p><span style=\"color: #0000ff\"><strong><a href=\"http:\/\/www.univ-mosta.dz\/fle\/wp-content\/uploads\/sites\/2\/2020\/09\/Planning-des-cours-de-revision-du-departement-danglais.pdf\"><img loading=\"lazy\" decoding=\"async\" class=\"\" src=\"https:\/\/www.gifgratis.net\/gifs_animes\/boutons_web\/51.gif\" alt=\"EMOTICON boutons web 51\" width=\"20\" height=\"20\" \/><\/a> D\u00e9partement de langue espagnole<\/strong><\/span><\/p>\n<p style=\"padding-left: 80px\"><a href=\"http:\/\/www.univ-mosta.dz\/fle\/wp-content\/uploads\/sites\/2\/2021\/09\/Timetable-M2-2021_2022.pdf\"><img loading=\"lazy\" decoding=\"async\" class=\"alignnone size-full wp-image-455\" src=\"http:\/\/www.univ-mosta.dz\/fle\/wp-content\/uploads\/sites\/2\/2020\/09\/frecciag.gif\" alt=\"\" width=\"25\" height=\"13\" \/><\/a><a href=\"\/\/www.univ-mosta.dz\/fle\/wp-content\/uploads\/sites\/2\/2021\/09\/emploi-vague1-espagnol-202021.2022_2.pdf\">L1, L3, M2<\/a><\/p>\n<div><span style=\"color: #0000ff;font-family: arial, helvetica, sans-serif\"><b><img loading=\"lazy\" decoding=\"async\" class=\"\" src=\"https:\/\/www.gifgratis.net\/gifs_animes\/boutons_web\/200.gif\" alt=\"EMOTICON boutons web 200\" width=\"14\" height=\"14\" \/> Les plannings sont \u00e9galement affich\u00e9s au niveau des d\u00e9partements et publi\u00e9s sur la page facebook de la facult\u00e9 des langues \u00e9trang\u00e8res.<\/b><\/span><\/div>\n<p>&nbsp;<\/p>\n<div><\/div>\n<p style=\"text-align: right\"><a href=\"https:\/\/www.univ-mosta.dz\/fle\/\"><img loading=\"lazy\" decoding=\"async\" class=\"alignnone size-full wp-image-490\" src=\"http:\/\/www.univ-mosta.dz\/fle\/wp-content\/uploads\/sites\/2\/2020\/09\/retour-suivant-gif-029.gif\" alt=\"\" width=\"120\" height=\"22\" \/><\/a><\/p>\n<p style=\"text-align: right\">\n","protected":false},"excerpt":{"rendered":"<p>D\u00e9partement de langue fran\u00e7aise Licence 1 L3 et M2 \u00a0D\u00e9partement de langue anglaise L1 L3 M2 D\u00e9partement de langue espagnole L1, L3, M2 Les plannings sont \u00e9galement affich\u00e9s au niveau &hellip;<\/p>\n","protected":false},"author":18,"featured_media":0,"parent":0,"menu_order":0,"comment_status":"closed","ping_status":"closed","template":"","meta":{"_coblocks_attr":"","_coblocks_dimensions":"","_coblocks_responsive_height":"","_coblocks_accordion_ie_support":"","footnotes":""},"class_list":["post-1829","page","type-page","status-publish","hentry"],"_links":{"self":[{"href":"https:\/\/www.univ-mosta.dz\/fle\/wp-json\/wp\/v2\/pages\/1829","targetHints":{"allow":["GET"]}}],"collection":[{"href":"https:\/\/www.univ-mosta.dz\/fle\/wp-json\/wp\/v2\/pages"}],"about":[{"href":"https:\/\/www.univ-mosta.dz\/fle\/wp-json\/wp\/v2\/types\/page"}],"author":[{"embeddable":true,"href":"https:\/\/www.univ-mosta.dz\/fle\/wp-json\/wp\/v2\/users\/18"}],"replies":[{"embeddable":true,"href":"https:\/\/www.univ-mosta.dz\/fle\/wp-json\/wp\/v2\/comments?post=1829"}],"version-history":[{"count":5,"href":"https:\/\/www.univ-mosta.dz\/fle\/wp-json\/wp\/v2\/pages\/1829\/revisions"}],"predecessor-version":[{"id":1844,"href":"https:\/\/www.univ-mosta.dz\/fle\/wp-json\/wp\/v2\/pages\/1829\/revisions\/1844"}],"wp:attachment":[{"href":"https:\/\/www.univ-mosta.dz\/fle\/wp-json\/wp\/v2\/media?parent=1829"}],"curies":[{"name":"wp","href":"https:\/\/api.w.org\/{rel}","templated":true}]}}