{"id":1662,"date":"2021-07-02T15:21:17","date_gmt":"2021-07-02T13:21:17","guid":{"rendered":"https:\/\/www.univ-mosta.dz\/fle\/?page_id=1662"},"modified":"2021-07-02T16:03:15","modified_gmt":"2021-07-02T14:03:15","slug":"condoleances","status":"publish","type":"page","link":"https:\/\/www.univ-mosta.dz\/fle\/condoleances\/","title":{"rendered":"Condol\u00e9ances"},"content":{"rendered":"<p>Notre coll\u00e8gue et ami Professeur Hadj MILIANI est d\u00e9c\u00e9d\u00e9.<br \/>\nEn \u00a0cette douloureuse circonstance, je pr\u00e9sente, en mon nom et au nom de toute la communaut\u00e9 universitaire, mes sinc\u00e8res condol\u00e9ances \u00e0 sa famille, ses proches, ses amis et ses coll\u00e8gues.<br \/>\nPaix \u00e0 son \u00e2me.<br \/>\nAllah yerhmou.<br \/>\nLe Doyen ..<span style=\"color: #888888\"><br \/>\nHouari BELLATRECHE<\/span><\/p>\n<p><img loading=\"lazy\" decoding=\"async\" class=\"size-full wp-image-1665 aligncenter\" src=\"http:\/\/www.univ-mosta.dz\/fle\/wp-content\/uploads\/sites\/2\/2021\/07\/hadj-milliani.jpg\" alt=\"\" width=\"275\" height=\"183\" \/><\/p>\n","protected":false},"excerpt":{"rendered":"<p>Notre coll\u00e8gue et ami Professeur Hadj MILIANI est d\u00e9c\u00e9d\u00e9. En \u00a0cette douloureuse circonstance, je pr\u00e9sente, en mon nom et au nom de toute la communaut\u00e9 universitaire, mes sinc\u00e8res condol\u00e9ances \u00e0 &hellip;<\/p>\n","protected":false},"author":18,"featured_media":0,"parent":0,"menu_order":0,"comment_status":"closed","ping_status":"closed","template":"","meta":{"_coblocks_attr":"","_coblocks_dimensions":"","_coblocks_responsive_height":"","_coblocks_accordion_ie_support":"","footnotes":""},"class_list":["post-1662","page","type-page","status-publish","hentry"],"_links":{"self":[{"href":"https:\/\/www.univ-mosta.dz\/fle\/wp-json\/wp\/v2\/pages\/1662","targetHints":{"allow":["GET"]}}],"collection":[{"href":"https:\/\/www.univ-mosta.dz\/fle\/wp-json\/wp\/v2\/pages"}],"about":[{"href":"https:\/\/www.univ-mosta.dz\/fle\/wp-json\/wp\/v2\/types\/page"}],"author":[{"embeddable":true,"href":"https:\/\/www.univ-mosta.dz\/fle\/wp-json\/wp\/v2\/users\/18"}],"replies":[{"embeddable":true,"href":"https:\/\/www.univ-mosta.dz\/fle\/wp-json\/wp\/v2\/comments?post=1662"}],"version-history":[{"count":4,"href":"https:\/\/www.univ-mosta.dz\/fle\/wp-json\/wp\/v2\/pages\/1662\/revisions"}],"predecessor-version":[{"id":1669,"href":"https:\/\/www.univ-mosta.dz\/fle\/wp-json\/wp\/v2\/pages\/1662\/revisions\/1669"}],"wp:attachment":[{"href":"https:\/\/www.univ-mosta.dz\/fle\/wp-json\/wp\/v2\/media?parent=1662"}],"curies":[{"name":"wp","href":"https:\/\/api.w.org\/{rel}","templated":true}]}}