{"id":1627,"date":"2021-05-08T10:08:58","date_gmt":"2021-05-08T08:08:58","guid":{"rendered":"https:\/\/www.univ-mosta.dz\/fle\/?page_id=1627"},"modified":"2021-05-08T10:08:58","modified_gmt":"2021-05-08T08:08:58","slug":"p85","status":"publish","type":"page","link":"https:\/\/www.univ-mosta.dz\/fle\/p85\/","title":{"rendered":"p85"},"content":{"rendered":"<p>La revue <b><i>Cahiers de Langue et de Litt\u00e9rature<\/i><\/b>\u00a0lance un appel \u00e0 contribution pour un num\u00e9ro sp\u00e9cial. Voici le lien vers l&rsquo;annonce:\u00a0<a href=\"https:\/\/www.asjp.cerist.dz\/revues\/186\/call-for-special-issue\" target=\"_blank\" rel=\"nofollow noopener noreferrer\" data-saferedirecturl=\"https:\/\/www.google.com\/url?q=https:\/\/www.asjp.cerist.dz\/revues\/186\/call-for-special-issue&amp;source=gmail&amp;ust=1620521200072000&amp;usg=AFQjCNG2xjft-uVEHiBWIWfRd6pZxdEQVQ\">https:\/\/www.asjp.cerist.dz\/revues\/186\/call-for-special-issue<\/a><\/p>\n","protected":false},"excerpt":{"rendered":"<p>La revue Cahiers de Langue et de Litt\u00e9rature\u00a0lance un appel \u00e0 contribution pour un num\u00e9ro sp\u00e9cial. Voici le lien vers l&rsquo;annonce:\u00a0https:\/\/www.asjp.cerist.dz\/revues\/186\/call-for-special-issue<\/p>\n","protected":false},"author":18,"featured_media":0,"parent":0,"menu_order":0,"comment_status":"closed","ping_status":"closed","template":"","meta":{"_coblocks_attr":"","_coblocks_dimensions":"","_coblocks_responsive_height":"","_coblocks_accordion_ie_support":"","footnotes":""},"class_list":["post-1627","page","type-page","status-publish","hentry"],"_links":{"self":[{"href":"https:\/\/www.univ-mosta.dz\/fle\/wp-json\/wp\/v2\/pages\/1627","targetHints":{"allow":["GET"]}}],"collection":[{"href":"https:\/\/www.univ-mosta.dz\/fle\/wp-json\/wp\/v2\/pages"}],"about":[{"href":"https:\/\/www.univ-mosta.dz\/fle\/wp-json\/wp\/v2\/types\/page"}],"author":[{"embeddable":true,"href":"https:\/\/www.univ-mosta.dz\/fle\/wp-json\/wp\/v2\/users\/18"}],"replies":[{"embeddable":true,"href":"https:\/\/www.univ-mosta.dz\/fle\/wp-json\/wp\/v2\/comments?post=1627"}],"version-history":[{"count":1,"href":"https:\/\/www.univ-mosta.dz\/fle\/wp-json\/wp\/v2\/pages\/1627\/revisions"}],"predecessor-version":[{"id":1629,"href":"https:\/\/www.univ-mosta.dz\/fle\/wp-json\/wp\/v2\/pages\/1627\/revisions\/1629"}],"wp:attachment":[{"href":"https:\/\/www.univ-mosta.dz\/fle\/wp-json\/wp\/v2\/media?parent=1627"}],"curies":[{"name":"wp","href":"https:\/\/api.w.org\/{rel}","templated":true}]}}