{"id":1533,"date":"2021-04-02T15:39:55","date_gmt":"2021-04-02T13:39:55","guid":{"rendered":"https:\/\/www.univ-mosta.dz\/fle\/?page_id=1533"},"modified":"2021-04-02T15:43:56","modified_gmt":"2021-04-02T13:43:56","slug":"avis_candidats","status":"publish","type":"page","link":"https:\/\/www.univ-mosta.dz\/fle\/avis_candidats\/","title":{"rendered":"avis_candidats"},"content":{"rendered":"<div dir=\"auto\">\n<p>&nbsp;<\/p>\n<\/div>\n<div dir=\"auto\"><strong><span style=\"color: #0000ff\"><strong style=\"color: #0000ff;text-transform: initial\"><img loading=\"lazy\" decoding=\"async\" class=\"alignnone wp-image-1257\" src=\"http:\/\/www.univ-mosta.dz\/fle\/wp-content\/uploads\/sites\/2\/2021\/03\/tourni.gif\" alt=\"\" width=\"14\" height=\"14\" \/>\u00a0<\/strong><\/span><\/strong><strong style=\"text-transform: initial\"><span style=\"color: #0000ff\">AVIS IMPORTANT AUX CANDIDATS DES CONCOURS DE DOCTORAT 04 ET 07 AVRIL 2021<\/span><\/strong><\/div>\n<div dir=\"auto\"><\/div>\n<div dir=\"auto\"><\/div>\n<div dir=\"auto\">\n<p><span style=\"color: #0000ff\">1- Les candidats sont tenus de v\u00e9rifier leurs noms et pr\u00e9noms et le num\u00e9ro de l\u2019amphi sur les listes qui seront affich\u00e9es \u00e0 l\u2019entr\u00e9e des amphis et sur les tableaux d\u2019affichage au niveau de l\u2019entr\u00e9e sur le site de d\u00e9roulement des concours.<\/span><\/p>\n<p><span style=\"color: #0000ff\">2- Les candidats sont tenus de se pr\u00e9senter sur le site du d\u00e9roulement des concours a partir de 11h30.<\/span><\/p>\n<p><span style=\"color: #0000ff\">3- La pr\u00e9sentation d&rsquo;une pi\u00e8ce d&rsquo;identit\u00e9 est obligatoire pour passer le concours\u00a0<\/span><\/p>\n<p><span style=\"color: #0000ff\">4- Le port de la bavette est obligatoire\u00a0<\/span><\/p>\n<p><span style=\"color: #0000ff\">5- Aucun retard n&rsquo;est accept\u00e9 au-del\u00e0 15 mn du d\u00e9but de l&rsquo;\u00e9preuve.<\/span><\/p>\n<p><span style=\"color: #0000ff\">6- Le candidat n&rsquo;est autoris\u00e9 \u00e0 quitter l&rsquo;amphi que 30 min apr\u00e8s le d\u00e9but de l&rsquo;\u00e9preuve.<\/span><\/p>\n<p><a href=\"https:\/\/www.univ-mosta.dz\/fle\/\"><img loading=\"lazy\" decoding=\"async\" class=\"wp-image-1401 aligncenter\" src=\"http:\/\/www.univ-mosta.dz\/fle\/wp-content\/uploads\/sites\/2\/2021\/03\/telechargement-300x145.png\" alt=\"\" width=\"205\" height=\"99\" srcset=\"https:\/\/www.univ-mosta.dz\/fle\/wp-content\/uploads\/sites\/2\/2021\/03\/telechargement-300x145.png 300w, https:\/\/www.univ-mosta.dz\/fle\/wp-content\/uploads\/sites\/2\/2021\/03\/telechargement.png 323w\" sizes=\"auto, (max-width: 205px) 100vw, 205px\" \/><\/a><\/p>\n<p>&nbsp;<\/p>\n<\/div>\n","protected":false},"excerpt":{"rendered":"<p>&nbsp; \u00a0AVIS IMPORTANT AUX CANDIDATS DES CONCOURS DE DOCTORAT 04 ET 07 AVRIL 2021 1- Les candidats sont tenus de v\u00e9rifier leurs noms et pr\u00e9noms et le num\u00e9ro de l\u2019amphi &hellip;<\/p>\n","protected":false},"author":18,"featured_media":0,"parent":0,"menu_order":0,"comment_status":"closed","ping_status":"closed","template":"","meta":{"_coblocks_attr":"","_coblocks_dimensions":"","_coblocks_responsive_height":"","_coblocks_accordion_ie_support":"","footnotes":""},"class_list":["post-1533","page","type-page","status-publish","hentry"],"_links":{"self":[{"href":"https:\/\/www.univ-mosta.dz\/fle\/wp-json\/wp\/v2\/pages\/1533","targetHints":{"allow":["GET"]}}],"collection":[{"href":"https:\/\/www.univ-mosta.dz\/fle\/wp-json\/wp\/v2\/pages"}],"about":[{"href":"https:\/\/www.univ-mosta.dz\/fle\/wp-json\/wp\/v2\/types\/page"}],"author":[{"embeddable":true,"href":"https:\/\/www.univ-mosta.dz\/fle\/wp-json\/wp\/v2\/users\/18"}],"replies":[{"embeddable":true,"href":"https:\/\/www.univ-mosta.dz\/fle\/wp-json\/wp\/v2\/comments?post=1533"}],"version-history":[{"count":4,"href":"https:\/\/www.univ-mosta.dz\/fle\/wp-json\/wp\/v2\/pages\/1533\/revisions"}],"predecessor-version":[{"id":1542,"href":"https:\/\/www.univ-mosta.dz\/fle\/wp-json\/wp\/v2\/pages\/1533\/revisions\/1542"}],"wp:attachment":[{"href":"https:\/\/www.univ-mosta.dz\/fle\/wp-json\/wp\/v2\/media?parent=1533"}],"curies":[{"name":"wp","href":"https:\/\/api.w.org\/{rel}","templated":true}]}}