{"id":1393,"date":"2021-03-18T18:59:26","date_gmt":"2021-03-18T17:59:26","guid":{"rendered":"http:\/\/www.univ-mosta.dz\/fle\/?page_id=1393"},"modified":"2021-03-23T16:56:54","modified_gmt":"2021-03-23T15:56:54","slug":"depan","status":"publish","type":"page","link":"https:\/\/www.univ-mosta.dz\/fle\/depan\/","title":{"rendered":"depan"},"content":{"rendered":"<p style=\"padding-left: 40px\"><span style=\"color: #0000ff\"><strong><a href=\"http:\/\/www.univ-mosta.dz\/fle\/wp-content\/uploads\/sites\/2\/2020\/09\/Planning-des-cours-de-revision-du-departement-danglais.pdf\"><img loading=\"lazy\" decoding=\"async\" class=\"\" src=\"https:\/\/www.gifgratis.net\/gifs_animes\/boutons_web\/51.gif\" alt=\"EMOTICON boutons web 51\" width=\"20\" height=\"20\" \/><\/a>\u00a0D\u00e9partement de langue anglaise<\/strong><\/span><\/p>\n<h3 style=\"padding-left: 120px\"><span style=\"color: #00ccff\"><img loading=\"lazy\" decoding=\"async\" class=\"alignnone wp-image-1256\" style=\"color: #4a4a4a;font-size: 17px;text-transform: initial\" src=\"http:\/\/www.univ-mosta.dz\/fle\/wp-content\/uploads\/sites\/2\/2021\/03\/star9.gif\" alt=\"\" width=\"17\" height=\"17\" \/>\u00a0 Site m\u00e9decine<\/span><\/h3>\n<p style=\"padding-left: 120px\"><a href=\"http:\/\/www.univ-mosta.dz\/fle\/wp-content\/uploads\/sites\/2\/2021\/03\/An-Amphi-A-medecine-Lingustiques-appliquees.pdf\">Amphi A- Lingustiques appliqu\u00e9es<\/a><\/p>\n<p style=\"padding-left: 120px\"><a href=\"http:\/\/www.univ-mosta.dz\/fle\/wp-content\/uploads\/sites\/2\/2021\/03\/An-Amphi-B-medecine-Lingustiques-appliquees.pdf\">Amphi B- Lingustiques appliqu\u00e9es<\/a><\/p>\n<p style=\"padding-left: 120px\"><a href=\"http:\/\/www.univ-mosta.dz\/fle\/wp-content\/uploads\/sites\/2\/2021\/03\/An-Amphi-C-medecine-Lingustiques-appliquees.pdf\">Amphi C- Lingustiques appliqu\u00e9es<\/a><\/p>\n<p style=\"padding-left: 120px\"><a href=\"http:\/\/www.univ-mosta.dz\/fle\/wp-content\/uploads\/sites\/2\/2021\/03\/An-Amphi-D-medecine-Lingustiques-appliquees.pdf\">Amphi D- Lingustiques appliqu\u00e9es<\/a><\/p>\n<p style=\"padding-left: 120px\"><a href=\"http:\/\/www.univ-mosta.dz\/fle\/wp-content\/uploads\/sites\/2\/2021\/03\/An-Amphi-E-medecine-Lingustiques-appliquees.pdf\">Amphi E- Lingustiques appliqu\u00e9es<\/a><\/p>\n<p style=\"padding-left: 120px\"><a href=\"http:\/\/www.univ-mosta.dz\/fle\/wp-content\/uploads\/sites\/2\/2021\/03\/An-Amphi-F-medecine-Lingustiques-appliquees.pdf\">Amphi F- Lingustiques appliqu\u00e9es<\/a><\/p>\n<h3 style=\"padding-left: 120px\"><span style=\"color: #00ccff\"><img loading=\"lazy\" decoding=\"async\" class=\"alignnone wp-image-1256\" src=\"http:\/\/www.univ-mosta.dz\/fle\/wp-content\/uploads\/sites\/2\/2021\/03\/star9.gif\" alt=\"\" width=\"17\" height=\"17\" \/> S<\/span><span style=\"color: #00ccff\">ite Kharrouba<\/span><\/h3>\n<p style=\"padding-left: 120px\"><a href=\"http:\/\/www.univ-mosta.dz\/fle\/wp-content\/uploads\/sites\/2\/2021\/03\/An-Amphi-1-Kharrouba-Didactique-des-langues-et-des-cultures-etrangeres.pdf\">Amphi 1- Didactique des langues et des cultures \u00e9trang\u00e8res<\/a><\/p>\n<p style=\"padding-left: 120px\"><a href=\"http:\/\/www.univ-mosta.dz\/fle\/wp-content\/uploads\/sites\/2\/2021\/03\/An-Amphi-2-Kharrouba-Didactique-des-langues-et-des-cultures-etrangeres.pdf\">Amphi 2- Didactique des langues et des cultures \u00e9trang\u00e8res<\/a><\/p>\n<p style=\"padding-left: 120px\"><a href=\"http:\/\/www.univ-mosta.dz\/fle\/wp-content\/uploads\/sites\/2\/2021\/03\/An-Amphi-3-Kharrouba-Didactique-des-langues-et-des-cultures-etrangeres.pdf\">Amphi 3- Didactique des langues et des cultures \u00e9trang\u00e8res<\/a><\/p>\n<p style=\"padding-left: 120px\"><a href=\"http:\/\/www.univ-mosta.dz\/fle\/wp-content\/uploads\/sites\/2\/2021\/03\/An-Amphi-4-Kharrouba-Didactique-des-langues-et-des-cultures-etrangeres.pdf\">Amphi 4- Didactique des langues et des cultures \u00e9trang\u00e8res<\/a><\/p>\n<p style=\"padding-left: 120px\"><a href=\"http:\/\/www.univ-mosta.dz\/fle\/wp-content\/uploads\/sites\/2\/2021\/03\/An-Amphi-5-Kharrouba-Didactique-des-langues-et-des-cultures-etrangeres.pdf\">Amphi 5- Didactique des langues et des cultures \u00e9trang\u00e8res<\/a><\/p>\n<p style=\"padding-left: 120px\"><a href=\"http:\/\/www.univ-mosta.dz\/fle\/wp-content\/uploads\/sites\/2\/2021\/03\/An-Amphi-6-Kharrouba-Didactique-des-langues-et-des-cultures-etrangeres.pdf\">Amphi 6- Didactique des langues et des cultures \u00e9trang\u00e8res<\/a><\/p>\n<p style=\"padding-left: 120px\"><a href=\"http:\/\/www.univ-mosta.dz\/fle\/wp-content\/uploads\/sites\/2\/2021\/03\/An-Amphi-7-Kharrouba-Didactique-des-langues-et-des-cultures-etrangeres.pdf\">Amphi 7- Didactique des langues et des cultures \u00e9trang\u00e8res<\/a><\/p>\n<p style=\"padding-left: 120px\"><a href=\"http:\/\/www.univ-mosta.dz\/fle\/wp-content\/uploads\/sites\/2\/2021\/03\/An-Amphi-8-Kharrouba-Didactique-des-langues-et-des-cultures-etrangeres.pdf\">Amphi 8- Didactique des langues et des cultures \u00e9trang\u00e8res<\/a><\/p>\n<p style=\"padding-left: 120px\"><a href=\"http:\/\/www.univ-mosta.dz\/fle\/wp-content\/uploads\/sites\/2\/2021\/03\/An-Amphi-9-Kharrouba-Sciences-du-langage.pdf\">Amphi 9- Sciences du langage<\/a><\/p>\n<p style=\"padding-left: 120px\"><a href=\"http:\/\/www.univ-mosta.dz\/fle\/wp-content\/uploads\/sites\/2\/2021\/03\/An-Amphi-10-Kharrouba-Sciences-du-langage.pdf\">Amphi10- Sciences du langage<\/a><\/p>\n<p style=\"padding-left: 120px\"><a href=\"http:\/\/www.univ-mosta.dz\/fle\/wp-content\/uploads\/sites\/2\/2021\/03\/An-Amphi-11-Kharrouba-Sciences-du-langage.pdf\">Amphi 11- Sciences du langage<\/a><\/p>\n<p><a href=\"https:\/\/www.univ-mosta.dz\/fle\/amphi\/\"><img loading=\"lazy\" decoding=\"async\" class=\"wp-image-1401 aligncenter\" src=\"http:\/\/www.univ-mosta.dz\/fle\/wp-content\/uploads\/sites\/2\/2021\/03\/telechargement-300x145.png\" alt=\"\" width=\"205\" height=\"99\" srcset=\"https:\/\/www.univ-mosta.dz\/fle\/wp-content\/uploads\/sites\/2\/2021\/03\/telechargement-300x145.png 300w, https:\/\/www.univ-mosta.dz\/fle\/wp-content\/uploads\/sites\/2\/2021\/03\/telechargement.png 323w\" sizes=\"auto, (max-width: 205px) 100vw, 205px\" \/><\/a><\/p>\n","protected":false},"excerpt":{"rendered":"<p>\u00a0D\u00e9partement de langue anglaise \u00a0 Site m\u00e9decine Amphi A- Lingustiques appliqu\u00e9es Amphi B- Lingustiques appliqu\u00e9es Amphi C- Lingustiques appliqu\u00e9es Amphi D- Lingustiques appliqu\u00e9es Amphi E- Lingustiques appliqu\u00e9es Amphi F- Lingustiques &hellip;<\/p>\n","protected":false},"author":18,"featured_media":0,"parent":0,"menu_order":0,"comment_status":"closed","ping_status":"closed","template":"","meta":{"_coblocks_attr":"","_coblocks_dimensions":"","_coblocks_responsive_height":"","_coblocks_accordion_ie_support":"","footnotes":""},"class_list":["post-1393","page","type-page","status-publish","hentry"],"_links":{"self":[{"href":"https:\/\/www.univ-mosta.dz\/fle\/wp-json\/wp\/v2\/pages\/1393","targetHints":{"allow":["GET"]}}],"collection":[{"href":"https:\/\/www.univ-mosta.dz\/fle\/wp-json\/wp\/v2\/pages"}],"about":[{"href":"https:\/\/www.univ-mosta.dz\/fle\/wp-json\/wp\/v2\/types\/page"}],"author":[{"embeddable":true,"href":"https:\/\/www.univ-mosta.dz\/fle\/wp-json\/wp\/v2\/users\/18"}],"replies":[{"embeddable":true,"href":"https:\/\/www.univ-mosta.dz\/fle\/wp-json\/wp\/v2\/comments?post=1393"}],"version-history":[{"count":7,"href":"https:\/\/www.univ-mosta.dz\/fle\/wp-json\/wp\/v2\/pages\/1393\/revisions"}],"predecessor-version":[{"id":1505,"href":"https:\/\/www.univ-mosta.dz\/fle\/wp-json\/wp\/v2\/pages\/1393\/revisions\/1505"}],"wp:attachment":[{"href":"https:\/\/www.univ-mosta.dz\/fle\/wp-json\/wp\/v2\/media?parent=1393"}],"curies":[{"name":"wp","href":"https:\/\/api.w.org\/{rel}","templated":true}]}}