{"id":1392,"date":"2021-03-18T19:01:21","date_gmt":"2021-03-18T18:01:21","guid":{"rendered":"http:\/\/www.univ-mosta.dz\/fle\/?page_id=1392"},"modified":"2021-03-23T17:08:18","modified_gmt":"2021-03-23T16:08:18","slug":"depfr","status":"publish","type":"page","link":"https:\/\/www.univ-mosta.dz\/fle\/depfr\/","title":{"rendered":"depfr"},"content":{"rendered":"<p style=\"padding-left: 40px\"><span style=\"color: #0000ff\"><strong><img loading=\"lazy\" decoding=\"async\" class=\"\" src=\"https:\/\/www.gifgratis.net\/gifs_animes\/boutons_web\/51.gif\" alt=\"EMOTICON boutons web 51\" width=\"20\" height=\"20\" \/>\u00a0D\u00e9partement de langue fran\u00e7aise<\/strong><\/span><\/p>\n<h3 style=\"padding-left: 120px\"><span style=\"color: #00ccff\"><img loading=\"lazy\" decoding=\"async\" class=\"alignnone wp-image-1256\" style=\"color: #4a4a4a;font-size: 17px;text-transform: initial\" src=\"http:\/\/www.univ-mosta.dz\/fle\/wp-content\/uploads\/sites\/2\/2021\/03\/star9.gif\" alt=\"\" width=\"17\" height=\"17\" \/> Site Kharrouba<\/span><\/h3>\n<p style=\"padding-left: 120px\"><a href=\"http:\/\/www.univ-mosta.dz\/fle\/wp-content\/uploads\/sites\/2\/2021\/03\/Fr-Amphi-1-Kharrouba-Didactique-des-langues-etrangeres.pdf\">Amphi 1-Didactique des langues \u00e9trang\u00e8res<\/a><\/p>\n<p style=\"padding-left: 120px\"><a href=\"http:\/\/www.univ-mosta.dz\/fle\/wp-content\/uploads\/sites\/2\/2021\/03\/Fr-Amphi-2-Kharrouba-Didactique-des-langues-etrangeres.pdf\">Amphi 2-Didactique des langues \u00e9trang\u00e8res<\/a><\/p>\n<p style=\"padding-left: 120px\"><a href=\"http:\/\/www.univ-mosta.dz\/fle\/wp-content\/uploads\/sites\/2\/2021\/03\/Fr-Amphi-3-Kharrouba-Didactique-des-langues-etrangeres-.pdf\">Amphi 3-Didactique des langues \u00e9trang\u00e8res<\/a><\/p>\n<p style=\"padding-left: 120px\"><a href=\"http:\/\/www.univ-mosta.dz\/fle\/wp-content\/uploads\/sites\/2\/2021\/03\/Fr-Amphi-4-Kharrouba-Didactique-des-langues-etrangeres.pdf\">Amphi 4-Didactique des langues \u00e9trang\u00e8res<\/a><\/p>\n<p style=\"padding-left: 120px\"><a href=\"http:\/\/www.univ-mosta.dz\/fle\/wp-content\/uploads\/sites\/2\/2021\/03\/Fr-Amphi-5-Kharrouba-Didactique-des-langues-etrangeres.pdf\">Amphi 5-Didactique des langues \u00e9trang\u00e8res<\/a><\/p>\n<p style=\"padding-left: 120px\"><a href=\"http:\/\/www.univ-mosta.dz\/fle\/wp-content\/uploads\/sites\/2\/2021\/03\/Fr-Amphi-6-Kharrouba-Didactique-des-langues-etrangeres.pdf\">Amphi 6-Didactique des langues \u00e9trang\u00e8res<\/a><\/p>\n<p style=\"padding-left: 120px\"><a href=\"http:\/\/www.univ-mosta.dz\/fle\/wp-content\/uploads\/sites\/2\/2021\/03\/Fr-Amphi-7-Kharrouba-Didactique-des-langues-etrangeres.pdf\">Amphi 7-Didactique des langues \u00e9trang\u00e8res<\/a><\/p>\n<p style=\"padding-left: 120px\"><a href=\"http:\/\/www.univ-mosta.dz\/fle\/wp-content\/uploads\/sites\/2\/2021\/03\/Fr-Amphi-8-Kharrouba-Didactique-des-langues-etrangeres.pdf\">Amphi 8-Didactique des langues \u00e9trang\u00e8res<\/a><\/p>\n<p style=\"padding-left: 120px\"><a href=\"http:\/\/www.univ-mosta.dz\/fle\/wp-content\/uploads\/sites\/2\/2021\/03\/Fr-Amphi-9-Kharrouba-Didactique-des-langues-etrangeres.pdf\">Amphi 9-Didactique des langues \u00e9trang\u00e8res<\/a><\/p>\n<p style=\"padding-left: 120px\"><a href=\"http:\/\/www.univ-mosta.dz\/fle\/wp-content\/uploads\/sites\/2\/2021\/03\/Fr-Amphi-10-Kharrouba-Didactique-des-langues-et-des-cultures.pdf\">Amphi 10-Didactique des langues et des cultures<\/a><\/p>\n<p style=\"padding-left: 120px\"><a href=\"http:\/\/www.univ-mosta.dz\/fle\/wp-content\/uploads\/sites\/2\/2021\/03\/Fr-Amphi-11-Kharrouba-Didactique-des-langues-et-des-cultures.pdf\">Amphi 11- Didactique des langues et des cultures<\/a><\/p>\n<h3 style=\"padding-left: 120px\"><span style=\"color: #00ccff\"><img loading=\"lazy\" decoding=\"async\" class=\"alignnone wp-image-1256\" src=\"http:\/\/www.univ-mosta.dz\/fle\/wp-content\/uploads\/sites\/2\/2021\/03\/star9.gif\" alt=\"\" width=\"17\" height=\"17\" \/> Site m\u00e9decine<\/span><\/h3>\n<p style=\"padding-left: 120px\"><a href=\"http:\/\/www.univ-mosta.dz\/fle\/wp-content\/uploads\/sites\/2\/2021\/03\/Fr-Amphi-F-medecine-Sciences-du-langage.pdf\">Amphi F- Sciences du langage<\/a><\/p>\n<p style=\"padding-left: 120px\"><a href=\"http:\/\/www.univ-mosta.dz\/fle\/wp-content\/uploads\/sites\/2\/2021\/03\/Fr-Amphi-E-medecine-Sciences-du-langage.pdf\">Amphi E- Sciences du langage<\/a><\/p>\n<p style=\"padding-left: 120px\"><a href=\"http:\/\/www.univ-mosta.dz\/fle\/wp-content\/uploads\/sites\/2\/2021\/03\/Fr-Amphi-D-medecine-Sciences-du-langage.pdf\">Amphi D- Sciences du langage<\/a><\/p>\n<p style=\"padding-left: 120px\"><a href=\"http:\/\/www.univ-mosta.dz\/fle\/wp-content\/uploads\/sites\/2\/2021\/03\/Fr-Amphi-C-medecine-Sciences-du-langage.pdf\">Amphi C- Sciences du langage<\/a><\/p>\n<p>&nbsp;<\/p>\n<p><a href=\"https:\/\/www.univ-mosta.dz\/fle\/amphi\/\"><img loading=\"lazy\" decoding=\"async\" class=\"wp-image-1401 aligncenter\" src=\"http:\/\/www.univ-mosta.dz\/fle\/wp-content\/uploads\/sites\/2\/2021\/03\/telechargement-300x145.png\" alt=\"\" width=\"205\" height=\"99\" srcset=\"https:\/\/www.univ-mosta.dz\/fle\/wp-content\/uploads\/sites\/2\/2021\/03\/telechargement-300x145.png 300w, https:\/\/www.univ-mosta.dz\/fle\/wp-content\/uploads\/sites\/2\/2021\/03\/telechargement.png 323w\" sizes=\"auto, (max-width: 205px) 100vw, 205px\" \/><\/a><\/p>\n","protected":false},"excerpt":{"rendered":"<p>\u00a0D\u00e9partement de langue fran\u00e7aise Site Kharrouba Amphi 1-Didactique des langues \u00e9trang\u00e8res Amphi 2-Didactique des langues \u00e9trang\u00e8res Amphi 3-Didactique des langues \u00e9trang\u00e8res Amphi 4-Didactique des langues \u00e9trang\u00e8res Amphi 5-Didactique des langues &hellip;<\/p>\n","protected":false},"author":18,"featured_media":0,"parent":0,"menu_order":0,"comment_status":"closed","ping_status":"closed","template":"","meta":{"_coblocks_attr":"","_coblocks_dimensions":"","_coblocks_responsive_height":"","_coblocks_accordion_ie_support":"","footnotes":""},"class_list":["post-1392","page","type-page","status-publish","hentry"],"_links":{"self":[{"href":"https:\/\/www.univ-mosta.dz\/fle\/wp-json\/wp\/v2\/pages\/1392","targetHints":{"allow":["GET"]}}],"collection":[{"href":"https:\/\/www.univ-mosta.dz\/fle\/wp-json\/wp\/v2\/pages"}],"about":[{"href":"https:\/\/www.univ-mosta.dz\/fle\/wp-json\/wp\/v2\/types\/page"}],"author":[{"embeddable":true,"href":"https:\/\/www.univ-mosta.dz\/fle\/wp-json\/wp\/v2\/users\/18"}],"replies":[{"embeddable":true,"href":"https:\/\/www.univ-mosta.dz\/fle\/wp-json\/wp\/v2\/comments?post=1392"}],"version-history":[{"count":8,"href":"https:\/\/www.univ-mosta.dz\/fle\/wp-json\/wp\/v2\/pages\/1392\/revisions"}],"predecessor-version":[{"id":1507,"href":"https:\/\/www.univ-mosta.dz\/fle\/wp-json\/wp\/v2\/pages\/1392\/revisions\/1507"}],"wp:attachment":[{"href":"https:\/\/www.univ-mosta.dz\/fle\/wp-json\/wp\/v2\/media?parent=1392"}],"curies":[{"name":"wp","href":"https:\/\/api.w.org\/{rel}","templated":true}]}}