{"id":1380,"date":"2021-03-18T18:51:48","date_gmt":"2021-03-18T17:51:48","guid":{"rendered":"http:\/\/www.univ-mosta.dz\/fle\/?page_id=1380"},"modified":"2021-03-23T17:16:39","modified_gmt":"2021-03-23T16:16:39","slug":"specialite","status":"publish","type":"page","link":"https:\/\/www.univ-mosta.dz\/fle\/specialite\/","title":{"rendered":"sp\u00e9cialit\u00e9"},"content":{"rendered":"<p><span style=\"color: #0000ff\"><strong><img loading=\"lazy\" decoding=\"async\" class=\"alignnone size-full wp-image-1257\" src=\"http:\/\/www.univ-mosta.dz\/fle\/wp-content\/uploads\/sites\/2\/2021\/03\/tourni.gif\" alt=\"\" width=\"9\" height=\"9\" \/> <span style=\"color: #00ccff\">listes par sp\u00e9cialit\u00e9<\/span><\/strong><\/span><\/p>\n<p style=\"padding-left: 120px\"><span style=\"color: #0000ff\"><strong><a href=\"http:\/\/www.univ-mosta.dz\/fle\/wp-content\/uploads\/sites\/2\/2020\/09\/Planning-des-cours-de-revision-du-departement-danglais.pdf\"><img loading=\"lazy\" decoding=\"async\" class=\"\" src=\"https:\/\/www.gifgratis.net\/gifs_animes\/boutons_web\/51.gif\" alt=\"EMOTICON boutons web 51\" width=\"20\" height=\"20\" \/>\u00a0<\/a>D\u00e9partement de langue fran\u00e7aise<\/strong><\/span><\/p>\n<p style=\"padding-left: 200px\"><a href=\"http:\/\/www.univ-mosta.dz\/fle\/wp-content\/uploads\/sites\/2\/2021\/03\/Fr-Didactique-des-langues-et-des-cultures.pdf\">Didactique des langues et des cultures<\/a><\/p>\n<p style=\"padding-left: 200px\"><a href=\"http:\/\/www.univ-mosta.dz\/fle\/wp-content\/uploads\/sites\/2\/2021\/03\/Fr-Didactique-des-langues-etrangeres.pdf\">Didactique des langues \u00e9trang\u00e8res<\/a><\/p>\n<p style=\"padding-left: 200px\"><a href=\"http:\/\/www.univ-mosta.dz\/fle\/wp-content\/uploads\/sites\/2\/2021\/03\/Fr-Sciences-du-langage.pdf\">Sciences du langage<\/a><\/p>\n<p style=\"padding-left: 120px\"><span style=\"color: #0000ff\"><strong><a href=\"http:\/\/www.univ-mosta.dz\/fle\/wp-content\/uploads\/sites\/2\/2020\/09\/Planning-des-cours-de-revision-du-departement-danglais.pdf\"><img loading=\"lazy\" decoding=\"async\" class=\"\" src=\"https:\/\/www.gifgratis.net\/gifs_animes\/boutons_web\/51.gif\" alt=\"EMOTICON boutons web 51\" width=\"20\" height=\"20\" \/><\/a>\u00a0D\u00e9partement de langue anglaise<\/strong><\/span><\/p>\n<p style=\"padding-left: 200px\"><a href=\"http:\/\/www.univ-mosta.dz\/fle\/wp-content\/uploads\/sites\/2\/2021\/03\/An-Lingustiques-appliquees.pdf\">Lingustiques appliqu\u00e9es<\/a><\/p>\n<p style=\"padding-left: 200px\"><a href=\"http:\/\/www.univ-mosta.dz\/fle\/wp-content\/uploads\/sites\/2\/2021\/03\/An-Sciences-du-langage.pdf\">Sciences du langage<\/a><\/p>\n<p style=\"padding-left: 200px\"><a href=\"http:\/\/www.univ-mosta.dz\/fle\/wp-content\/uploads\/sites\/2\/2021\/03\/An-Didactique-des-langues-et-des-cultures-etrangeres.pdf\">Didactique des langues et des cultures \u00e9trang\u00e8res<\/a><\/p>\n<p>&nbsp;<\/p>\n<p><a href=\"https:\/\/www.univ-mosta.dz\/fle\/doctorat2021\/\"><img loading=\"lazy\" decoding=\"async\" class=\"wp-image-1401 aligncenter\" src=\"http:\/\/www.univ-mosta.dz\/fle\/wp-content\/uploads\/sites\/2\/2021\/03\/telechargement-300x145.png\" alt=\"\" width=\"205\" height=\"99\" srcset=\"https:\/\/www.univ-mosta.dz\/fle\/wp-content\/uploads\/sites\/2\/2021\/03\/telechargement-300x145.png 300w, https:\/\/www.univ-mosta.dz\/fle\/wp-content\/uploads\/sites\/2\/2021\/03\/telechargement.png 323w\" sizes=\"auto, (max-width: 205px) 100vw, 205px\" \/><\/a><\/p>\n","protected":false},"excerpt":{"rendered":"<p>listes par sp\u00e9cialit\u00e9 \u00a0D\u00e9partement de langue fran\u00e7aise Didactique des langues et des cultures Didactique des langues \u00e9trang\u00e8res Sciences du langage \u00a0D\u00e9partement de langue anglaise Lingustiques appliqu\u00e9es Sciences du langage Didactique &hellip;<\/p>\n","protected":false},"author":18,"featured_media":0,"parent":0,"menu_order":0,"comment_status":"closed","ping_status":"closed","template":"","meta":{"_coblocks_attr":"","_coblocks_dimensions":"","_coblocks_responsive_height":"","_coblocks_accordion_ie_support":"","footnotes":""},"class_list":["post-1380","page","type-page","status-publish","hentry"],"_links":{"self":[{"href":"https:\/\/www.univ-mosta.dz\/fle\/wp-json\/wp\/v2\/pages\/1380","targetHints":{"allow":["GET"]}}],"collection":[{"href":"https:\/\/www.univ-mosta.dz\/fle\/wp-json\/wp\/v2\/pages"}],"about":[{"href":"https:\/\/www.univ-mosta.dz\/fle\/wp-json\/wp\/v2\/types\/page"}],"author":[{"embeddable":true,"href":"https:\/\/www.univ-mosta.dz\/fle\/wp-json\/wp\/v2\/users\/18"}],"replies":[{"embeddable":true,"href":"https:\/\/www.univ-mosta.dz\/fle\/wp-json\/wp\/v2\/comments?post=1380"}],"version-history":[{"count":7,"href":"https:\/\/www.univ-mosta.dz\/fle\/wp-json\/wp\/v2\/pages\/1380\/revisions"}],"predecessor-version":[{"id":1510,"href":"https:\/\/www.univ-mosta.dz\/fle\/wp-json\/wp\/v2\/pages\/1380\/revisions\/1510"}],"wp:attachment":[{"href":"https:\/\/www.univ-mosta.dz\/fle\/wp-json\/wp\/v2\/media?parent=1380"}],"curies":[{"name":"wp","href":"https:\/\/api.w.org\/{rel}","templated":true}]}}