{"id":132,"date":"2019-02-21T12:30:26","date_gmt":"2019-02-21T11:30:26","guid":{"rendered":"http:\/\/www.univ-mosta.dz\/fle\/?page_id=132"},"modified":"2019-02-24T12:11:23","modified_gmt":"2019-02-24T11:11:23","slug":"offre-de-formation","status":"publish","type":"page","link":"https:\/\/www.univ-mosta.dz\/fle\/offre-de-formation\/","title":{"rendered":"Offre de formation"},"content":{"rendered":"<h4 style=\"text-align: center\"><strong>Offres de formation au departement de langue Anglaise<\/strong><\/h4>\n<table style=\"height: 348px;border-color: #1414a3;width: 543px\" width=\"868\">\n<tbody>\n<tr style=\"height: 43px\">\n<td style=\"width: 163.983px;height: 43px\"><strong>Licence <\/strong><\/td>\n<td style=\"width: 371.017px;height: 43px\"><strong>Langue Anglaise<\/strong><\/td>\n<\/tr>\n<tr style=\"height: 43px\">\n<td style=\"width: 163.983px;height: 301px\" rowspan=\"7\"><strong>Master<\/strong><\/td>\n<td style=\"width: 371.017px;height: 43px\">Didactique des langues \u00e9trang\u00e8res<\/td>\n<\/tr>\n<tr style=\"height: 43px\">\n<td style=\"width: 371.017px;height: 43px\">Didactique et langues appliqu\u00e9es<\/td>\n<\/tr>\n<tr style=\"height: 43px\">\n<td style=\"width: 371.017px;height: 43px\">Langue et communication<\/td>\n<\/tr>\n<tr style=\"height: 43px\">\n<td style=\"width: 371.017px;height: 43px\">Linguistique<\/td>\n<\/tr>\n<tr style=\"height: 43px\">\n<td style=\"width: 371.017px;height: 43px\">Litt\u00e9rature et approches interdisciplinaires<\/td>\n<\/tr>\n<tr style=\"height: 43px\">\n<td style=\"width: 371.017px;height: 43px\">Litt\u00e9rature et Civilisation<\/td>\n<\/tr>\n<tr style=\"height: 43px\">\n<td style=\"width: 371.017px;height: 43px\">Sciences du langage<\/td>\n<\/tr>\n<\/tbody>\n<\/table>\n<p style=\"text-align: center\"><b>Offres de formation au d\u00e9partement de langue Espagnole<\/b><\/p>\n<table style=\"height: 235px;border-color: #e6a26e;width: 543px\" width=\"871\">\n<tbody>\n<tr style=\"height: 43px\">\n<td style=\"width: 165.9px;height: 43px\"><strong>Licence <\/strong><\/td>\n<td style=\"width: 369.1px;height: 43px\"><strong>Langue Espagnole<\/strong><\/td>\n<\/tr>\n<tr style=\"height: 43px\">\n<td style=\"width: 165.9px;height: 215px\" rowspan=\"5\"><strong>Master<\/strong><\/td>\n<td style=\"width: 369.1px;height: 43px\">Didactique des langues \u00e9trang\u00e8res<\/td>\n<\/tr>\n<tr style=\"height: 43px\">\n<td style=\"width: 369.1px;height: 43px\">Langue et communication<\/td>\n<\/tr>\n<tr style=\"height: 43px\">\n<td style=\"width: 369.1px;height: 43px\">Litt\u00e9rature et Civilisation<\/td>\n<\/tr>\n<tr style=\"height: 43px\">\n<td style=\"width: 369.1px;height: 43px\">Sciences du langage<\/td>\n<\/tr>\n<tr style=\"height: 43px\">\n<td style=\"width: 369.1px;height: 43px\">Didactique des langues \u00e9trang\u00e8res<\/td>\n<\/tr>\n<\/tbody>\n<\/table>\n<p style=\"text-align: center\"><b>Offres de formation au d\u00e9partement de langue <\/b><strong>Fran\u00e7aise<\/strong><\/p>\n<table style=\"height: 370px;width: 538px;border-color: #b8bd2b\" width=\"871\">\n<tbody>\n<tr>\n<td style=\"width: 162.417px\"><strong>Licence <\/strong><\/td>\n<td style=\"width: 367.583px\"><strong>Langue Fran\u00e7aise<\/strong><\/td>\n<\/tr>\n<tr>\n<td style=\"width: 162.417px\" rowspan=\"7\"><strong>Master<\/strong><\/td>\n<td style=\"width: 367.583px\">Didactique des langues \u00e9trang\u00e8res<\/td>\n<\/tr>\n<tr>\n<td style=\"width: 367.583px\">Langue et communication<\/td>\n<\/tr>\n<tr>\n<td style=\"width: 367.583px\">Langue et Culture<\/td>\n<\/tr>\n<tr>\n<td style=\"width: 367.583px\">Litt\u00e9rature et approches interdisciplinaires<\/td>\n<\/tr>\n<tr>\n<td style=\"width: 367.583px\">Litt\u00e9rature et Civilisation<\/td>\n<\/tr>\n<tr>\n<td style=\"width: 367.583px\">Sciences du langage<\/td>\n<\/tr>\n<tr>\n<td style=\"width: 367.583px\">Didactique des langues \u00e9trang\u00e8res<\/td>\n<\/tr>\n<\/tbody>\n<\/table>\n","protected":false},"excerpt":{"rendered":"<p>Offres de formation au departement de langue Anglaise Licence Langue Anglaise Master Didactique des langues \u00e9trang\u00e8res Didactique et langues appliqu\u00e9es Langue et communication Linguistique Litt\u00e9rature et approches interdisciplinaires Litt\u00e9rature et &hellip;<\/p>\n","protected":false},"author":10,"featured_media":0,"parent":0,"menu_order":0,"comment_status":"closed","ping_status":"closed","template":"","meta":{"_coblocks_attr":"","_coblocks_dimensions":"","_coblocks_responsive_height":"","_coblocks_accordion_ie_support":"","footnotes":""},"class_list":["post-132","page","type-page","status-publish","hentry"],"_links":{"self":[{"href":"https:\/\/www.univ-mosta.dz\/fle\/wp-json\/wp\/v2\/pages\/132","targetHints":{"allow":["GET"]}}],"collection":[{"href":"https:\/\/www.univ-mosta.dz\/fle\/wp-json\/wp\/v2\/pages"}],"about":[{"href":"https:\/\/www.univ-mosta.dz\/fle\/wp-json\/wp\/v2\/types\/page"}],"author":[{"embeddable":true,"href":"https:\/\/www.univ-mosta.dz\/fle\/wp-json\/wp\/v2\/users\/10"}],"replies":[{"embeddable":true,"href":"https:\/\/www.univ-mosta.dz\/fle\/wp-json\/wp\/v2\/comments?post=132"}],"version-history":[{"count":5,"href":"https:\/\/www.univ-mosta.dz\/fle\/wp-json\/wp\/v2\/pages\/132\/revisions"}],"predecessor-version":[{"id":192,"href":"https:\/\/www.univ-mosta.dz\/fle\/wp-json\/wp\/v2\/pages\/132\/revisions\/192"}],"wp:attachment":[{"href":"https:\/\/www.univ-mosta.dz\/fle\/wp-json\/wp\/v2\/media?parent=132"}],"curies":[{"name":"wp","href":"https:\/\/api.w.org\/{rel}","templated":true}]}}