{"id":131,"date":"2019-02-21T12:30:25","date_gmt":"2019-02-21T11:30:25","guid":{"rendered":"http:\/\/www.univ-mosta.dz\/fle\/?page_id=131"},"modified":"2019-02-24T11:54:14","modified_gmt":"2019-02-24T10:54:14","slug":"comprendre-lmd","status":"publish","type":"page","link":"https:\/\/www.univ-mosta.dz\/fle\/comprendre-lmd\/","title":{"rendered":"Comprendre LMD"},"content":{"rendered":"<h1 align=\"center\">Syst\u00e8me LMD : Licence Master Doctorat<\/h1>\n<p>Le LMD r\u00e9pond aux n\u00e9cessit\u00e9s de la mondialisation des connaissances en rehaussant l\u2019enseignement sup\u00e9rieur. Il a notamment pour objectifs de\u00a0:<\/p>\n<ul class=\"bs-shortcode-list list-style-check\">\n<li>Organiser l\u2019offre de formation sous la forme de parcours en permettant \u00e0 l\u2019\u00e9tudiant de b\u00e9n\u00e9ficier d\u2019un accompagnement et des conseils d\u2019un enseignant r\u00e9f\u00e9rent (tuteur),<\/li>\n<li>Am\u00e9liorer la qualit\u00e9 p\u00e9dagogique, l\u2019information, l\u2019orientation, et l\u2019accompagnement de l\u2019\u00e9tudiant.<\/li>\n<li>D\u00e9velopper la professionnalisation des \u00e9tudes sup\u00e9rieures.<\/li>\n<li>Favoriser l\u2019apprentissage de comp\u00e9tences transversales (Maitrise des langues vivantes \u00e9trang\u00e8res, outils informatique, Internet).<\/li>\n<li>B\u00e9n\u00e9ficier d\u2019\u00e9changes et d\u2019une reconnaissance des dipl\u00f4mes au niveau international.<\/li>\n<\/ul>\n<h3><strong>Les trois grades\u00a0:<\/strong><\/h3>\n<p>Les dipl\u00f4mes nationaux de Licence et de Master s\u2019obtiennent par la capitalisation d\u2019un nombre de cr\u00e9dits:<\/p>\n<ul class=\"bs-shortcode-list list-style-check\">\n<li>Licence apr\u00e8s 180 cr\u00e9dits \u00e0 raison de 30 cr\u00e9dits par semestre.<\/li>\n<li>Master apr\u00e8s 120 cr\u00e9dits \u00e0 raison de 30 cr\u00e9dits par semestre, au-del\u00e0 de la licence.<\/li>\n<li>Doctorat apr\u00e8s trois ann\u00e9es de recherche \u00e0 l\u2019issue d\u2019un Master recherche.<\/li>\n<\/ul>\n<h4><strong>\u00a0\u00a0\u00a0\u00a0\u00a0 1 \u2013\u00a0<\/strong><strong>La Licence<\/strong><strong>\u00a0:<\/strong><\/h4>\n<p>Apr\u00e8s le baccalaur\u00e9at, l\u2019\u00e9tudiant peut s\u2019inscrire dans un parcours de formation qui le conduit \u00e0 la licence. La Licence (L1, L2,L3) se d\u00e9roule sur six semestres valid\u00e9s par 180 cr\u00e9dits. Il existe deux types de licence\u00a0:<\/p>\n<ol>\n<li>Une Licence acad\u00e9mique menant \u00e0 la pr\u00e9paration d\u2019un Master.<\/li>\n<li>Une Licence professionnelle, aux sp\u00e9cialit\u00e9s plus pointues et qui ont comme objectif l\u2019entr\u00e9e dans la vie active.<\/li>\n<\/ol>\n<h4><strong>\u00a0\u00a0\u00a0\u00a0 2 \u2013 Le Master\u00a0:<\/strong><\/h4>\n<p>Le Master (M1, M2) se d\u00e9roule sur quatre semestres apr\u00e8s la licence, \u00e0 raison de 30 cr\u00e9dits par semestre. Pour l\u2019obtenir, il faut donc ajouter 120 cr\u00e9dits suppl\u00e9mentaires \u00e0 licence. Le Master comporte deux orientations\u00a0:<\/p>\n<ol>\n<li>Le Master professionnel qui donne une qualification permettant l\u2019entr\u00e9e dans la vie active.<\/li>\n<li>Le Master recherche qui vise une poursuite d\u2019\u00e9tudes vers la recherche, aboutissant au dipl\u00f4me de doctorat.<\/li>\n<\/ol>\n<p>Cette diff\u00e9renciation se fait suivant l\u2019offre de formation de l\u2019\u00e9tablissement universitaire, Elle peut se faire d\u00e8s la premier ann\u00e9e (M1) ou au courant de la deuxi\u00e8me ann\u00e9e (M2).<\/p>\n<h4><strong>\u00a0 \u00a0\u00a0 3 \u2013\u00a0Le Doctorat\u00a0:<\/strong><\/h4>\n<p>Le doctorat (D) dont la th\u00e8se se pr\u00e9pare durant six semestres au moins est accessible apr\u00e8s un\u00a0\u00a0 Master recherche.<\/p>\n<p>Le LMD se base sur une organisation de la formation en semestres et en\u00a0d\u2019enseignement. Les parcours sont organis\u00e9s en unit\u00e9s d\u2019enseignement articul\u00e9es entre\u00a0elles en coh\u00e9rence avec les objectifs de la formation.<\/p>\n<h3><strong>La semestrialisation:<\/strong><\/h3>\n<ul class=\"bs-shortcode-list list-style-check\">\n<li>La validation des connaissances d\u2019un semestre est organis\u00e9e \u00e0 la fin de celui-ci.\u00a0La semestrialisation motive davantage l\u2019\u00e9tudiant parce qu\u2019il produit un travail\u00a0r\u00e9gulier, et est \u00e0 m\u00eame d\u2019\u00e9valuer plus rapidement le fruit de son travail.<\/li>\n<li>La semestrialisation ne consiste pas seulement \u00e0 couper l\u2019ann\u00e9e en deux, Le but est de\u00a0mieux structurer les enseignements dans le semestre.<\/li>\n<li>L\u2019ann\u00e9e universitaire comprend deux semestres correspondant \u00e0 30 cr\u00e9dits chacun.\u00a0L\u2019ann\u00e9e totalise donc 60 cr\u00e9dits.<\/li>\n<li>La validation d\u2019un semestre implique l\u2019acquisition d\u00e9finitive de 30 cr\u00e9dits. Toutefois,\u00a0un \u00e9tudiant qui n\u2019aura pas valid\u00e9 un semestre sera autoriser, sous certaines\u00a0conditions, \u00e0 s\u2019inscrire dans le semestre suivant. Par ailleurs, une r\u00e9orientation est\u00a0possible en fin semestre ou en fin d\u2019ann\u00e9e.<\/li>\n<\/ul>\n<h3><strong>Les unit\u00e9s d\u2019enseignement\u00a0:<\/strong><\/h3>\n<p>La base de l\u2019organisation p\u00e9dagogique au LMD est l\u2019unit\u00e9 d\u2019enseignement (UE). Elle\u00a0associe diff\u00e9rentes mati\u00e8res enseign\u00e9es dans un semestre. Un semestre comprend\u00a0plusieurs UE qui se d\u00e9coupent en\u00a0:<\/p>\n<ul>\n<li><strong>UE d\u2019enseignement fondamental<\/strong>\u00a0(appel\u00e9e majeure) indispensable soit \u00e0 la\u00a0sp\u00e9cialit\u00e9 choisie soit au renforcement des connaissances de bas.<\/li>\n<li><strong>UE compl\u00e9mentaire<\/strong>\u00a0pouvant comprendre des EU de disciplines mineures,\u00a0UE de renforcement de la discipline majeure, UE m\u00e9thodologique, UE\u00a0langues vivants, UE de pr\u00e9 professionnalisation ou de professionnalisation,\u00a0UE initiation \u00e0 la recherche scientifique.<\/li>\n<li><strong>UE libre\u00a0<\/strong>pouvant comprendre des UE de renforcement de la discipline\u00a0majeure, UE langue vivantes, UE de pr\u00e9-professionnalisation ou de\u00a0professionnalisation, UE d\u2019une liste de mati\u00e8re au choix (\u00e9ducation physique\u00a0et sportive, autres langues vivantes, projet associatif, histoire des sciences\u2026)<\/li>\n<\/ul>\n<p>Une UE peut comprendre des cours, des travaux dirig\u00e9s des travaux pratiques,\u00a0des stage, des projet\u2026Une UE est semestrielle et ses notes sont\u00a0:<\/p>\n<ul>\n<li><strong>capitalisables,<\/strong>\u00a0c\u2019est-\u00e0-dire que toute validation est acquise d\u00e9finitivement,\u00a0quelque soit la dur\u00e9e d\u2019un parcours,<\/li>\n<li><strong>transf\u00e9rables,<\/strong>\u00a0signifiant que le contenu d\u2019enseignement d\u2019une UE reste le\u00a0m\u00eame, quel sue soit le parcours choisi.<\/li>\n<li><strong>applicables \u00e0 l\u2019ensemble du travail de l\u2019\u00e9tudiant,<\/strong>\u00a0impliquant toutes les\u00a0activit\u00e9s et les formes d\u2019enseignement dont les stages, les m\u00e9moires, les\u00a0projets et le travail individuel.<\/li>\n<\/ul>\n<p>Pour en savoir encore plus sur ce syst\u00e8me, veuillez t\u00e9l\u00e9charger les fichiers suivant :<\/p>\n<ul>\n<li><strong><a href=\"http:\/\/www.univ-mosta.dz\/wp-content\/uploads\/2018\/09\/Guide_LMD_fr.pdf\" target=\"_blank\" rel=\"noopener noreferrer\">Guide pratique de mise\u00a0en oeuvre et de suivi\u00a0du LMD<\/a><\/strong><\/li>\n<li><strong><a href=\"http:\/\/www.univ-mosta.dz\/wp-content\/uploads\/2018\/09\/Glossaire_LMD_Bilingue.pdf\" target=\"_blank\" rel=\"noopener noreferrer\">Glossaire LMD Bilingue<\/a><\/strong><\/li>\n<\/ul>\n","protected":false},"excerpt":{"rendered":"<p>Syst\u00e8me LMD : Licence Master Doctorat Le LMD r\u00e9pond aux n\u00e9cessit\u00e9s de la mondialisation des connaissances en rehaussant l\u2019enseignement sup\u00e9rieur. Il a notamment pour objectifs de\u00a0: Organiser l\u2019offre de formation &hellip;<\/p>\n","protected":false},"author":10,"featured_media":0,"parent":0,"menu_order":0,"comment_status":"closed","ping_status":"closed","template":"","meta":{"_coblocks_attr":"","_coblocks_dimensions":"","_coblocks_responsive_height":"","_coblocks_accordion_ie_support":"","footnotes":""},"class_list":["post-131","page","type-page","status-publish","hentry"],"_links":{"self":[{"href":"https:\/\/www.univ-mosta.dz\/fle\/wp-json\/wp\/v2\/pages\/131","targetHints":{"allow":["GET"]}}],"collection":[{"href":"https:\/\/www.univ-mosta.dz\/fle\/wp-json\/wp\/v2\/pages"}],"about":[{"href":"https:\/\/www.univ-mosta.dz\/fle\/wp-json\/wp\/v2\/types\/page"}],"author":[{"embeddable":true,"href":"https:\/\/www.univ-mosta.dz\/fle\/wp-json\/wp\/v2\/users\/10"}],"replies":[{"embeddable":true,"href":"https:\/\/www.univ-mosta.dz\/fle\/wp-json\/wp\/v2\/comments?post=131"}],"version-history":[{"count":2,"href":"https:\/\/www.univ-mosta.dz\/fle\/wp-json\/wp\/v2\/pages\/131\/revisions"}],"predecessor-version":[{"id":187,"href":"https:\/\/www.univ-mosta.dz\/fle\/wp-json\/wp\/v2\/pages\/131\/revisions\/187"}],"wp:attachment":[{"href":"https:\/\/www.univ-mosta.dz\/fle\/wp-json\/wp\/v2\/media?parent=131"}],"curies":[{"name":"wp","href":"https:\/\/api.w.org\/{rel}","templated":true}]}}