{"id":1212,"date":"2021-03-03T18:08:14","date_gmt":"2021-03-03T17:08:14","guid":{"rendered":"http:\/\/www.univ-mosta.dz\/fle\/?page_id=1212"},"modified":"2021-03-03T18:16:53","modified_gmt":"2021-03-03T17:16:53","slug":"listedoctorant","status":"publish","type":"page","link":"https:\/\/www.univ-mosta.dz\/fle\/listedoctorant\/","title":{"rendered":"listedoctorant"},"content":{"rendered":"<p><span style=\"color: #333399\"><strong>CONCOURS DE DOCTORAT DLMD 2020\/2021<\/strong><\/span><\/p>\n<p><span style=\"color: #0000ff\"><strong>Domaine LLE <\/strong><\/span><\/p>\n<p><span style=\"color: #0000ff\"><strong>Fili\u00e8res\u00a0: langue fran\u00e7aise et langue anglaise<\/strong><\/span><\/p>\n<table style=\"height: 709px\" width=\"596\">\n<tbody>\n<tr>\n<td>\n<h6 style=\"text-align: center\"><strong>Fili\u00e8re<\/strong><\/h6>\n<\/td>\n<td style=\"text-align: center\">\n<h6 class=\"bs-padding-0-1\"><strong>Sp\u00e9cialit\u00e9<\/strong><\/h6>\n<\/td>\n<td style=\"text-align: center\">\n<h6><strong>Listes d\u00e9finitives<\/strong><\/h6>\n<\/td>\n<td>\n<h6 style=\"text-align: center\"><strong>Date et lieu du concours<\/strong><\/h6>\n<\/td>\n<\/tr>\n<tr>\n<td rowspan=\"3\">\n<h6><\/h6>\n<h6>Langue fran\u00e7aise<\/h6>\n<\/td>\n<td>\n<h6>Sciences du langage<\/h6>\n<\/td>\n<td>\n<h6><a href=\"http:\/\/www.univ-mosta.dz\/fle\/wp-content\/uploads\/sites\/2\/2021\/03\/FR-Sciences-du-langage-finale.pdf\"><img loading=\"lazy\" decoding=\"async\" class=\"\" src=\"http:\/\/poutali.fr\/img\/cliquez-ici.gif\" alt=\"9. Permanence de vos conseillers d\u00e9partementaux - Mairie de Castelnau-Valence\" width=\"129\" height=\"40\" \/><\/a><\/h6>\n<\/td>\n<td>\n<h6>Le 04\/04\/2021 \u00e0 13h<\/h6>\n<h6>Site M\u00e9decine<\/h6>\n<\/td>\n<\/tr>\n<tr>\n<td>\n<h6>Didactiques des langues \u00e9trang\u00e8res<\/h6>\n<\/td>\n<td>\n<h6><a href=\"http:\/\/www.univ-mosta.dz\/fle\/wp-content\/uploads\/sites\/2\/2021\/03\/FR-Didactique-des-langues-etrangeres-finale.pdf\"><img loading=\"lazy\" decoding=\"async\" class=\"\" src=\"http:\/\/poutali.fr\/img\/cliquez-ici.gif\" alt=\"9. Permanence de vos conseillers d\u00e9partementaux - Mairie de Castelnau-Valence\" width=\"129\" height=\"40\" \/><\/a><\/h6>\n<\/td>\n<td>\n<h6>Le 04\/04\/2021 \u00e0 13h<\/h6>\n<h6>Site Kharrouba<\/h6>\n<\/td>\n<\/tr>\n<tr>\n<td>\n<h6>Didactiques des langues et des cultures<\/h6>\n<\/td>\n<td>\n<h6><a href=\"http:\/\/www.univ-mosta.dz\/fle\/wp-content\/uploads\/sites\/2\/2021\/03\/FR-Didactique-des-langues-et-des-cultures-finale.pdf\"><img loading=\"lazy\" decoding=\"async\" class=\"\" src=\"http:\/\/poutali.fr\/img\/cliquez-ici.gif\" alt=\"9. Permanence de vos conseillers d\u00e9partementaux - Mairie de Castelnau-Valence\" width=\"129\" height=\"40\" \/><\/a><\/h6>\n<\/td>\n<td>\n<h6>Le 04\/04\/2021 \u00e0 13h<\/h6>\n<h6>Site Kharrouba<\/h6>\n<\/td>\n<\/tr>\n<tr>\n<td rowspan=\"3\">\n<h6><\/h6>\n<h6>Langue anglaise<\/h6>\n<\/td>\n<td>\n<h6>Sciences du langage<\/h6>\n<\/td>\n<td>\n<h6><a href=\"http:\/\/www.univ-mosta.dz\/fle\/wp-content\/uploads\/sites\/2\/2021\/03\/ANG-Sciences-du-langage-finale.pdf\"><img loading=\"lazy\" decoding=\"async\" class=\"\" src=\"http:\/\/poutali.fr\/img\/cliquez-ici.gif\" alt=\"9. Permanence de vos conseillers d\u00e9partementaux - Mairie de Castelnau-Valence\" width=\"129\" height=\"40\" \/><\/a><\/h6>\n<\/td>\n<td>\n<h6>Le 07\/04\/2021 \u00e0 13h<\/h6>\n<h6>Site Kharrouba<\/h6>\n<\/td>\n<\/tr>\n<tr>\n<td>\n<h6>Didactique des langues et cultures \u00e9trang\u00e8res<\/h6>\n<\/td>\n<td>\n<h6><a href=\"http:\/\/www.univ-mosta.dz\/fle\/wp-content\/uploads\/sites\/2\/2021\/03\/ANG-Didactique-des-langues-et-cultures-etrangeres-finale.pdf\"><img loading=\"lazy\" decoding=\"async\" class=\"\" src=\"http:\/\/poutali.fr\/img\/cliquez-ici.gif\" alt=\"9. Permanence de vos conseillers d\u00e9partementaux - Mairie de Castelnau-Valence\" width=\"129\" height=\"40\" \/><\/a><\/h6>\n<\/td>\n<td>\n<h6>Le 07\/04\/2021 \u00e0 13h<\/h6>\n<h6>Site Kharrouba<\/h6>\n<\/td>\n<\/tr>\n<tr>\n<td>\n<h6>Linguistiques appliqu\u00e9es (applied linguistics)<\/h6>\n<\/td>\n<td>\n<h6><a href=\"http:\/\/www.univ-mosta.dz\/fle\/wp-content\/uploads\/sites\/2\/2021\/03\/ANG-Linguistique-appliquee-finale.pdf\"><img loading=\"lazy\" decoding=\"async\" class=\"\" src=\"http:\/\/poutali.fr\/img\/cliquez-ici.gif\" alt=\"9. Permanence de vos conseillers d\u00e9partementaux - Mairie de Castelnau-Valence\" width=\"129\" height=\"40\" \/><\/a><\/h6>\n<\/td>\n<td>\n<h6>Le 07\/04\/2021 \u00e0 13h<\/h6>\n<h6>Site M\u00e9decine<\/h6>\n<\/td>\n<\/tr>\n<\/tbody>\n<\/table>\n","protected":false},"excerpt":{"rendered":"<p>CONCOURS DE DOCTORAT DLMD 2020\/2021 Domaine LLE Fili\u00e8res\u00a0: langue fran\u00e7aise et langue anglaise Fili\u00e8re Sp\u00e9cialit\u00e9 Listes d\u00e9finitives Date et lieu du concours Langue fran\u00e7aise Sciences du langage Le 04\/04\/2021 \u00e0 &hellip;<\/p>\n","protected":false},"author":18,"featured_media":0,"parent":0,"menu_order":0,"comment_status":"closed","ping_status":"closed","template":"","meta":{"_coblocks_attr":"","_coblocks_dimensions":"","_coblocks_responsive_height":"","_coblocks_accordion_ie_support":"","footnotes":""},"class_list":["post-1212","page","type-page","status-publish","hentry"],"_links":{"self":[{"href":"https:\/\/www.univ-mosta.dz\/fle\/wp-json\/wp\/v2\/pages\/1212","targetHints":{"allow":["GET"]}}],"collection":[{"href":"https:\/\/www.univ-mosta.dz\/fle\/wp-json\/wp\/v2\/pages"}],"about":[{"href":"https:\/\/www.univ-mosta.dz\/fle\/wp-json\/wp\/v2\/types\/page"}],"author":[{"embeddable":true,"href":"https:\/\/www.univ-mosta.dz\/fle\/wp-json\/wp\/v2\/users\/18"}],"replies":[{"embeddable":true,"href":"https:\/\/www.univ-mosta.dz\/fle\/wp-json\/wp\/v2\/comments?post=1212"}],"version-history":[{"count":4,"href":"https:\/\/www.univ-mosta.dz\/fle\/wp-json\/wp\/v2\/pages\/1212\/revisions"}],"predecessor-version":[{"id":1218,"href":"https:\/\/www.univ-mosta.dz\/fle\/wp-json\/wp\/v2\/pages\/1212\/revisions\/1218"}],"wp:attachment":[{"href":"https:\/\/www.univ-mosta.dz\/fle\/wp-json\/wp\/v2\/media?parent=1212"}],"curies":[{"name":"wp","href":"https:\/\/api.w.org\/{rel}","templated":true}]}}